{"id":1109,"date":"2020-04-28T16:52:02","date_gmt":"2020-04-28T19:52:02","guid":{"rendered":"https:\/\/isp60scc-sfe.infd.edu.ar\/sitio\/?page_id=1109"},"modified":"2025-04-11T07:03:04","modified_gmt":"2025-04-11T10:03:04","slug":"homologaciones-y-adscripciones","status":"publish","type":"page","link":"https:\/\/isp60scc-sfe.infd.edu.ar\/sitio\/homologaciones-y-adscripciones\/","title":{"rendered":"Homologaciones y Adscripciones"},"content":{"rendered":"\n<h2 class=\"wp-block-heading\">&nbsp;<\/h2>\n\n\n<div class=\"wp-block-image\">\n<figure class=\"alignright size-full\"><img decoding=\"async\" loading=\"lazy\" width=\"612\" height=\"408\" src=\"https:\/\/isp60scc-sfe.infd.edu.ar\/sitio\/wp-content\/uploads\/2024\/03\/image.png\" alt=\"\" class=\"wp-image-5545\"\/><\/figure><\/div>\n\n\n<p class=\"has-text-color has-large-font-size\" style=\"color:#ee5700\"><strong>Homologaci\u00f3n de Asignatura<\/strong><\/p>\n\n\n\n<p><span style=\"font-weight: 400;\">Presentar&nbsp; en  secretar\u00eda del Instituto&nbsp; la planilla correspondiente impresa, disponible para descargar .<\/span><\/p>\n\n\n\n<p><span style=\"font-weight: 400;\"><strong>Documentaci\u00f3n adjunta<\/strong><\/span><\/p>\n\n\n\n<ul>\n<li><span style=\"font-weight: 400;\">Certificado de aprobaci\u00f3n de la asignatura (autenticada)<\/span><\/li>\n\n\n\n<li><span style=\"font-weight: 400;\">Fotocopia autenticada del&nbsp; Proyecto de C\u00e1tedra respectivo con especificaci\u00f3n de la bibliograf\u00eda.<\/span><\/li>\n<\/ul>\n\n\n\n<div style=\"height:75px\" aria-hidden=\"true\" class=\"wp-block-spacer\"><\/div>\n\n\n\n<p class=\"has-accent-color has-base-2-background-color has-text-color has-background has-medium-font-size\"><strong>Planillas para descargar<\/strong><\/p>\n\n\n\n<p><\/p>\n\n\n\n<p>&#8211; <a href=\"https:\/\/isp60scc-sfe.infd.edu.ar\/sitio\/wp-content\/uploads\/2020\/04\/Solicitud_de_homologaci%C3%B3n.pdf\">Solicitud de Homologaci\u00f3n&nbsp;<\/a><a href=\"https:\/\/isp60scc-sfe.infd.edu.ar\/sitio\/wp-content\/uploads\/2020\/04\/Solicitud_de_homologaci\u00f3n.pdf\"><\/a><\/p>\n\n\n\n<p>&#8211; <a href=\"https:\/\/isp60scc-sfe.infd.edu.ar\/sitio\/wp-content\/uploads\/2020\/04\/Solicitud_de_Adscripci%C3%B3n.pdf\">Solicitud de Adscripci\u00f3n<\/a><a href=\"https:\/\/isp60scc-sfe.infd.edu.ar\/sitio\/wp-content\/uploads\/2020\/04\/Solicitud_de_Adscripci\u00f3n.pdf\"><\/a><\/p>\n","protected":false},"excerpt":{"rendered":"<p>&nbsp; Homologaci\u00f3n de Asignatura Presentar&nbsp; en secretar\u00eda del Instituto&nbsp; la planilla correspondiente impresa, disponible para descargar . Documentaci\u00f3n adjunta Planillas para descargar &#8211; Solicitud de Homologaci\u00f3n&nbsp; &#8211; Solicitud de Adscripci\u00f3n<\/p>\n","protected":false},"author":12,"featured_media":5913,"parent":0,"menu_order":0,"comment_status":"closed","ping_status":"closed","template":"","meta":[],"acf":[],"_links":{"self":[{"href":"https:\/\/isp60scc-sfe.infd.edu.ar\/sitio\/wp-json\/wp\/v2\/pages\/1109"}],"collection":[{"href":"https:\/\/isp60scc-sfe.infd.edu.ar\/sitio\/wp-json\/wp\/v2\/pages"}],"about":[{"href":"https:\/\/isp60scc-sfe.infd.edu.ar\/sitio\/wp-json\/wp\/v2\/types\/page"}],"author":[{"embeddable":true,"href":"https:\/\/isp60scc-sfe.infd.edu.ar\/sitio\/wp-json\/wp\/v2\/users\/12"}],"replies":[{"embeddable":true,"href":"https:\/\/isp60scc-sfe.infd.edu.ar\/sitio\/wp-json\/wp\/v2\/comments?post=1109"}],"version-history":[{"count":12,"href":"https:\/\/isp60scc-sfe.infd.edu.ar\/sitio\/wp-json\/wp\/v2\/pages\/1109\/revisions"}],"predecessor-version":[{"id":6752,"href":"https:\/\/isp60scc-sfe.infd.edu.ar\/sitio\/wp-json\/wp\/v2\/pages\/1109\/revisions\/6752"}],"wp:featuredmedia":[{"embeddable":true,"href":"https:\/\/isp60scc-sfe.infd.edu.ar\/sitio\/wp-json\/wp\/v2\/media\/5913"}],"wp:attachment":[{"href":"https:\/\/isp60scc-sfe.infd.edu.ar\/sitio\/wp-json\/wp\/v2\/media?parent=1109"}],"curies":[{"name":"wp","href":"https:\/\/api.w.org\/{rel}","templated":true}]}}