{"id":2370,"date":"2021-05-17T17:57:31","date_gmt":"2021-05-17T20:57:31","guid":{"rendered":"https:\/\/isp60scc-sfe.infd.edu.ar\/sitio\/?page_id=2370"},"modified":"2025-08-12T18:03:09","modified_gmt":"2025-08-12T21:03:09","slug":"cursos-jornadas-de-interes","status":"publish","type":"page","link":"https:\/\/isp60scc-sfe.infd.edu.ar\/sitio\/cursos-jornadas-de-interes\/","title":{"rendered":"Formaci\u00f3n Docente"},"content":{"rendered":"\n<p class=\"has-medium-font-size\"><\/p>\n\n\n\n<p class=\"has-accent-color has-text-color has-large-font-size\"><strong>Material Docente Interesante<\/strong><\/p>\n\n\n\n<h3 class=\"wp-block-heading\">La Importancia de la Formaci\u00f3n Docente y Materiales de Calidad<\/h3>\n\n\n<div class=\"wp-block-image\">\n<figure class=\"alignright size-full is-resized\"><img decoding=\"async\" loading=\"lazy\" src=\"https:\/\/isp60scc-sfe.infd.edu.ar\/sitio\/wp-content\/uploads\/2024\/08\/image-1.png\" alt=\"\" class=\"wp-image-6135\" width=\"398\" height=\"265\"\/><\/figure><\/div>\n\n\n<p class=\"has-medium-font-size\">En nuestra instituci\u00f3n, entendemos que la excelencia educativa comienza con la formaci\u00f3n continua de nuestros docentes y el acceso a materiales de calidad. La educaci\u00f3n de nuestros estudiantes depende en gran medida de la preparaci\u00f3n y el compromiso de quienes est\u00e1n al frente del aula.<\/p>\n\n\n\n<p class=\"has-medium-font-size\">La formaci\u00f3n docente es esencial para que nuestros educadores se mantengan actualizados con las \u00faltimas tendencias pedag\u00f3gicas, tecnol\u00f3gicas y disciplinarias. Al invertir en la capacitaci\u00f3n continua, aseguramos que nuestros docentes no solo impartan conocimientos, sino que tambi\u00e9n inspiren a nuestros estudiantes a alcanzar su m\u00e1ximo potencial.<\/p>\n\n\n\n<p class=\"has-medium-font-size\">Adem\u00e1s, contar con materiales educativos de alta calidad es fundamental para complementar la labor docente. Recursos bien dise\u00f1ados, actualizados y adaptados a las necesidades de los estudiantes son herramientas clave para facilitar el aprendizaje y asegurar que cada estudiante tenga la mejor experiencia educativa posible.<\/p>\n\n\n\n<p class=\"has-medium-font-size\">Por eso, en nuestra instituci\u00f3n nos comprometemos a seguir apoyando el desarrollo profesional de nuestros docentes y a proveer materiales educativos que cumplan con los m\u00e1s altos est\u00e1ndares de calidad.<\/p>\n\n\n\n<div style=\"height:100px\" aria-hidden=\"true\" class=\"wp-block-spacer\"><\/div>\n\n\n\n<p class=\"has-large-font-size\"><strong>La formaci\u00f3n docente en tiempos de inteligencia artificial<\/strong><\/p>\n\n\n\n<p class=\"has-medium-font-size\">Introducci\u00f3n a la Inteligencia Artificial<\/p>\n\n\n\n<figure class=\"wp-block-embed is-type-video is-provider-youtube wp-block-embed-youtube wp-embed-aspect-16-9 wp-has-aspect-ratio\"><div class=\"wp-block-embed__wrapper\">\n<iframe loading=\"lazy\" title=\"La formaci\u00f3n docente en tiempos de inteligencia artificial\" width=\"1200\" height=\"675\" src=\"https:\/\/www.youtube.com\/embed\/bIuCYXvb55o?feature=oembed\" frameborder=\"0\" allow=\"accelerometer; autoplay; clipboard-write; encrypted-media; gyroscope; picture-in-picture; web-share\" referrerpolicy=\"strict-origin-when-cross-origin\" allowfullscreen><\/iframe>\n<\/div><\/figure>\n\n\n\n<p><\/p>\n\n\n\n<div style=\"height:100px\" aria-hidden=\"true\" class=\"wp-block-spacer\"><\/div>\n\n\n\n<p class=\"has-large-font-size\"><strong>Inteligencia Artificial y educaci\u00f3n: impactos, mitos y horizontes pedag\u00f3gicos<\/strong><\/p>\n\n\n\n<figure class=\"wp-block-embed is-type-video is-provider-youtube wp-block-embed-youtube wp-embed-aspect-16-9 wp-has-aspect-ratio\"><div class=\"wp-block-embed__wrapper\">\n<iframe loading=\"lazy\" title=\"Webinar 2: Inteligencia Artificial y educaci\u00f3n: impactos, mitos y horizontes pedag\u00f3gicos\" width=\"1200\" height=\"675\" src=\"https:\/\/www.youtube.com\/embed\/wnbGUTYhaKQ?feature=oembed\" frameborder=\"0\" allow=\"accelerometer; autoplay; clipboard-write; encrypted-media; gyroscope; picture-in-picture; web-share\" referrerpolicy=\"strict-origin-when-cross-origin\" allowfullscreen><\/iframe>\n<\/div><\/figure>\n\n\n\n<div style=\"height:100px\" aria-hidden=\"true\" class=\"wp-block-spacer\"><\/div>\n\n\n\n<p class=\"has-large-font-size\"><strong>Inteligencia Artificial en la formaci\u00f3n docente: \u00bfhacia una pedagog\u00eda \u201caumentada\u201d?<\/strong><\/p>\n\n\n\n<figure class=\"wp-block-embed is-type-video is-provider-youtube wp-block-embed-youtube wp-embed-aspect-16-9 wp-has-aspect-ratio\"><div class=\"wp-block-embed__wrapper\">\n<iframe loading=\"lazy\" title=\"Webinar 3: Inteligencia Artificial en la formaci\u00f3n docente: \u00bfhacia una pedagog\u00eda \u201caumentada\u201d?\" width=\"1200\" height=\"675\" src=\"https:\/\/www.youtube.com\/embed\/rQJqyvJ6peE?feature=oembed\" frameborder=\"0\" allow=\"accelerometer; autoplay; clipboard-write; encrypted-media; gyroscope; picture-in-picture; web-share\" referrerpolicy=\"strict-origin-when-cross-origin\" allowfullscreen><\/iframe>\n<\/div><\/figure>\n\n\n\n<div style=\"height:100px\" aria-hidden=\"true\" class=\"wp-block-spacer\"><\/div>\n\n\n\n<p><\/p>\n\n\n\n<p class=\"has-large-font-size\"><strong>Cantar cuentos: una propuesta de integraci\u00f3n entre la narraci\u00f3n y la m\u00fasica<\/strong><\/p>\n\n\n\n<figure class=\"wp-block-embed is-type-video is-provider-youtube wp-block-embed-youtube wp-embed-aspect-16-9 wp-has-aspect-ratio\"><div class=\"wp-block-embed__wrapper\">\n<iframe loading=\"lazy\" title=\"Jornada 1 - 356. Cantar cuentos: una propuesta de integraci\u00f3n entre la narraci\u00f3n y la m\u00fasica\" width=\"1200\" height=\"675\" src=\"https:\/\/www.youtube.com\/embed\/E9hpxhvc2yw?feature=oembed\" frameborder=\"0\" allow=\"accelerometer; autoplay; clipboard-write; encrypted-media; gyroscope; picture-in-picture; web-share\" referrerpolicy=\"strict-origin-when-cross-origin\" allowfullscreen><\/iframe>\n<\/div><\/figure>\n\n\n\n<div style=\"height:100px\" aria-hidden=\"true\" class=\"wp-block-spacer\"><\/div>\n\n\n\n<p class=\"has-large-font-size\"><strong>Comenzar a escribir en el nivel inicial, \u00bfcu\u00e1ndo?, \u00bfc\u00f3mo? y \u00bfpor qu\u00e9?<\/strong><\/p>\n\n\n\n<figure class=\"wp-block-embed is-type-video is-provider-youtube wp-block-embed-youtube wp-embed-aspect-16-9 wp-has-aspect-ratio\"><div class=\"wp-block-embed__wrapper\">\n<iframe loading=\"lazy\" title=\"Jornada 1 - 391. Comenzar a escribir en el nivel inicial, \u00bfcu\u00e1ndo?, \u00bfc\u00f3mo? y \u00bfpor qu\u00e9?\" width=\"1200\" height=\"675\" src=\"https:\/\/www.youtube.com\/embed\/wOHdf5NxaJc?feature=oembed\" frameborder=\"0\" allow=\"accelerometer; autoplay; clipboard-write; encrypted-media; gyroscope; picture-in-picture; web-share\" referrerpolicy=\"strict-origin-when-cross-origin\" allowfullscreen><\/iframe>\n<\/div><\/figure>\n\n\n\n<div style=\"height:100px\" aria-hidden=\"true\" class=\"wp-block-spacer\"><\/div>\n\n\n\n<p class=\"has-large-font-size\"><strong>Lo po\u00e9tico en experiencias comunitarias: leer, escribir y conversar<\/strong><\/p>\n\n\n\n<figure class=\"wp-block-embed is-type-video is-provider-youtube wp-block-embed-youtube wp-embed-aspect-16-9 wp-has-aspect-ratio\"><div class=\"wp-block-embed__wrapper\">\n<iframe loading=\"lazy\" title=\"Jornada 1 - 394. Lo po\u00e9tico en experiencias comunitarias: leer, escribir y conversar\" width=\"1200\" height=\"675\" src=\"https:\/\/www.youtube.com\/embed\/TElBOYvdH8s?feature=oembed\" frameborder=\"0\" allow=\"accelerometer; autoplay; clipboard-write; encrypted-media; gyroscope; picture-in-picture; web-share\" referrerpolicy=\"strict-origin-when-cross-origin\" allowfullscreen><\/iframe>\n<\/div><\/figure>\n\n\n\n<div style=\"height:100px\" aria-hidden=\"true\" class=\"wp-block-spacer\"><\/div>\n\n\n\n<h1 class=\"wp-block-heading\">La evaluaci\u00f3n formativa: de la teor\u00eda a las aulas<\/h1>\n\n\n\n<figure class=\"wp-block-embed is-type-video is-provider-youtube wp-block-embed-youtube wp-embed-aspect-16-9 wp-has-aspect-ratio\"><div class=\"wp-block-embed__wrapper\">\n<iframe loading=\"lazy\" title=\"Jornada 1 - 310. La evaluaci\u00f3n formativa: de la teor\u00eda a las aulas\" width=\"1200\" height=\"675\" src=\"https:\/\/www.youtube.com\/embed\/btCc1OX3icE?feature=oembed\" frameborder=\"0\" allow=\"accelerometer; autoplay; clipboard-write; encrypted-media; gyroscope; picture-in-picture; web-share\" referrerpolicy=\"strict-origin-when-cross-origin\" allowfullscreen><\/iframe>\n<\/div><\/figure>\n\n\n\n<p class=\"has-medium-font-size\"><\/p>\n\n\n\n<div style=\"height:100px\" aria-hidden=\"true\" class=\"wp-block-spacer\"><\/div>\n\n\n\n<p class=\"has-contrast-color has-text-color has-large-font-size\"><strong>La ESI en la escuela: aspectos b\u00e1sicos para su implementaci\u00f3n<\/strong><\/p>\n\n\n\n<figure class=\"wp-block-embed is-type-video is-provider-youtube wp-block-embed-youtube wp-embed-aspect-16-9 wp-has-aspect-ratio\"><div class=\"wp-block-embed__wrapper\">\n<iframe loading=\"lazy\" title=\"Jornada 1 - 327. La ESI en la escuela: aspectos b\u00e1sicos para su implementaci\u00f3n\" width=\"1200\" height=\"675\" src=\"https:\/\/www.youtube.com\/embed\/TzakVx_5qDM?feature=oembed\" frameborder=\"0\" allow=\"accelerometer; autoplay; clipboard-write; encrypted-media; gyroscope; picture-in-picture; web-share\" referrerpolicy=\"strict-origin-when-cross-origin\" allowfullscreen><\/iframe>\n<\/div><\/figure>\n\n\n\n<div style=\"height:100px\" aria-hidden=\"true\" class=\"wp-block-spacer\"><\/div>\n\n\n\n<p><\/p>\n\n\n\n<p class=\"has-text-align-center has-vivid-cyan-blue-color has-text-color has-large-font-size\"><strong>Conversatorios para profesores y formadores de nivel secundario<\/strong><\/p>\n\n\n\n<p class=\"has-medium-font-size\"><strong>El Instituto Nacional de Formaci\u00f3n Docente (INFoD), junto al Fondo de las Naciones Unidas para la Infancia (UNICEF) y la Facultad Latinoamericana de Ciencias Sociales (FLACSO), organizan cuatro conversatorios abiertos al p\u00fablico, destinados a profesores y formadores del nivel secundario.<\/strong><\/p>\n\n\n\n<p><\/p>\n\n\n\n<h1 class=\"wp-block-heading\">Conversatorio: Ense\u00f1anza y aprendizaje basado en proyectos &#8211; Melina Furman<\/h1>\n\n\n\n<figure class=\"wp-block-embed aligncenter is-type-video is-provider-youtube wp-block-embed-youtube wp-embed-aspect-16-9 wp-has-aspect-ratio\"><div class=\"wp-block-embed__wrapper\">\n<iframe loading=\"lazy\" title=\"1\u00ba Conversatorio: Ense\u00f1anza y aprendizaje basado en proyectos\" width=\"1200\" height=\"675\" src=\"https:\/\/www.youtube.com\/embed\/T0RO7eJJXyc?feature=oembed\" frameborder=\"0\" allow=\"accelerometer; autoplay; clipboard-write; encrypted-media; gyroscope; picture-in-picture; web-share\" referrerpolicy=\"strict-origin-when-cross-origin\" allowfullscreen><\/iframe>\n<\/div><\/figure>\n\n\n\n<p><\/p>\n\n\n\n<div style=\"height:100px\" aria-hidden=\"true\" class=\"wp-block-spacer\"><\/div>\n\n\n\n<p><\/p>\n\n\n\n<h1 class=\"wp-block-heading\" id=\"block-91c10c0a-3b00-48a9-b4d1-146dc003361e\">Priorizaci\u00f3n de Contenidos &#8211; Graciela Cappeletti<\/h1>\n\n\n\n<p><\/p>\n\n\n\n<figure class=\"wp-block-embed aligncenter is-type-video is-provider-youtube wp-block-embed-youtube wp-embed-aspect-16-9 wp-has-aspect-ratio\"><div class=\"wp-block-embed__wrapper\">\n<iframe loading=\"lazy\" title=\"2\u00ba Conversatorio: Priorizaci\u00f3n de contenidos\" width=\"1200\" height=\"675\" src=\"https:\/\/www.youtube.com\/embed\/MeJ7iCEi-78?feature=oembed\" frameborder=\"0\" allow=\"accelerometer; autoplay; clipboard-write; encrypted-media; gyroscope; picture-in-picture; web-share\" referrerpolicy=\"strict-origin-when-cross-origin\" allowfullscreen><\/iframe>\n<\/div><\/figure>\n\n\n\n<div style=\"height:100px\" aria-hidden=\"true\" class=\"wp-block-spacer\"><\/div>\n\n\n\n<h1 class=\"wp-block-heading\" id=\"block-91c10c0a-3b00-48a9-b4d1-146dc003361e\">Evaluaci\u00f3n Formativa &#8211; Rebeca Anijovich<\/h1>\n\n\n\n<figure class=\"wp-block-embed aligncenter is-type-video is-provider-youtube wp-block-embed-youtube wp-embed-aspect-16-9 wp-has-aspect-ratio\"><div class=\"wp-block-embed__wrapper\">\n<iframe loading=\"lazy\" title=\"4\u00ba Conversatorio: Evaluaci\u00f3n formativa\" width=\"1200\" height=\"675\" src=\"https:\/\/www.youtube.com\/embed\/AEK4NzQa9WE?feature=oembed\" frameborder=\"0\" allow=\"accelerometer; autoplay; clipboard-write; encrypted-media; gyroscope; picture-in-picture; web-share\" referrerpolicy=\"strict-origin-when-cross-origin\" allowfullscreen><\/iframe>\n<\/div><\/figure>\n\n\n\n<div style=\"height:100px\" aria-hidden=\"true\" class=\"wp-block-spacer\"><\/div>\n\n\n\n<h1 class=\"wp-block-heading\" id=\"block-91c10c0a-3b00-48a9-b4d1-146dc003361e\">Aprender a aprender &#8211; Graciela L\u00f3pez<\/h1>\n\n\n\n<figure class=\"wp-block-embed aligncenter is-type-video is-provider-youtube wp-block-embed-youtube wp-embed-aspect-16-9 wp-has-aspect-ratio\"><div class=\"wp-block-embed__wrapper\">\n<iframe loading=\"lazy\" title=\"3\u00ba Conversatorio: Aprender a aprender\" width=\"1200\" height=\"675\" src=\"https:\/\/www.youtube.com\/embed\/lq_Io8-WXOU?feature=oembed\" frameborder=\"0\" allow=\"accelerometer; autoplay; clipboard-write; encrypted-media; gyroscope; picture-in-picture; web-share\" referrerpolicy=\"strict-origin-when-cross-origin\" allowfullscreen><\/iframe>\n<\/div><\/figure>\n\n\n\n<div style=\"height:100px\" aria-hidden=\"true\" class=\"wp-block-spacer\"><\/div>\n\n\n\n<hr class=\"wp-block-separator has-css-opacity\"\/>\n\n\n\n<p class=\"has-text-align-center has-medium-font-size\"><strong>Conversatorio \u00abEl acceso al nivel superior como transici\u00f3n educativa\u00bb<\/strong><\/p>\n\n\n\n<figure class=\"wp-block-embed aligncenter is-type-video is-provider-youtube wp-block-embed-youtube wp-embed-aspect-16-9 wp-has-aspect-ratio\"><div class=\"wp-block-embed__wrapper\">\n<iframe loading=\"lazy\" title=\"Conversatorio &quot;El acceso al nivel superior como transici\u00f3n educativa&quot;\" width=\"1200\" height=\"675\" src=\"https:\/\/www.youtube.com\/embed\/QqH_SMEpqUQ?feature=oembed\" frameborder=\"0\" allow=\"accelerometer; autoplay; clipboard-write; encrypted-media; gyroscope; picture-in-picture; web-share\" referrerpolicy=\"strict-origin-when-cross-origin\" allowfullscreen><\/iframe>\n<\/div><\/figure>\n\n\n<h2 class=\"title style-scope ytd-video-primary-info-renderer\" style=\"text-align: center;\">&nbsp;<\/h2>\n<p><\/p>\n<p><\/p><center><\/center><p><\/p>","protected":false},"excerpt":{"rendered":"<p>Material Docente Interesante La Importancia de la Formaci\u00f3n Docente y Materiales de Calidad En nuestra instituci\u00f3n, entendemos que la excelencia educativa comienza con la formaci\u00f3n continua de nuestros docentes y el acceso a materiales de calidad. La educaci\u00f3n de nuestros estudiantes depende en gran medida de la preparaci\u00f3n y el compromiso de quienes est\u00e1n al &#8230; <a title=\"Formaci\u00f3n Docente\" class=\"read-more\" href=\"https:\/\/isp60scc-sfe.infd.edu.ar\/sitio\/cursos-jornadas-de-interes\/\" aria-label=\"More on Formaci\u00f3n Docente\">[+]<\/a><\/p>\n","protected":false},"author":12,"featured_media":5914,"parent":0,"menu_order":0,"comment_status":"closed","ping_status":"closed","template":"","meta":[],"acf":[],"_links":{"self":[{"href":"https:\/\/isp60scc-sfe.infd.edu.ar\/sitio\/wp-json\/wp\/v2\/pages\/2370"}],"collection":[{"href":"https:\/\/isp60scc-sfe.infd.edu.ar\/sitio\/wp-json\/wp\/v2\/pages"}],"about":[{"href":"https:\/\/isp60scc-sfe.infd.edu.ar\/sitio\/wp-json\/wp\/v2\/types\/page"}],"author":[{"embeddable":true,"href":"https:\/\/isp60scc-sfe.infd.edu.ar\/sitio\/wp-json\/wp\/v2\/users\/12"}],"replies":[{"embeddable":true,"href":"https:\/\/isp60scc-sfe.infd.edu.ar\/sitio\/wp-json\/wp\/v2\/comments?post=2370"}],"version-history":[{"count":66,"href":"https:\/\/isp60scc-sfe.infd.edu.ar\/sitio\/wp-json\/wp\/v2\/pages\/2370\/revisions"}],"predecessor-version":[{"id":7019,"href":"https:\/\/isp60scc-sfe.infd.edu.ar\/sitio\/wp-json\/wp\/v2\/pages\/2370\/revisions\/7019"}],"wp:featuredmedia":[{"embeddable":true,"href":"https:\/\/isp60scc-sfe.infd.edu.ar\/sitio\/wp-json\/wp\/v2\/media\/5914"}],"wp:attachment":[{"href":"https:\/\/isp60scc-sfe.infd.edu.ar\/sitio\/wp-json\/wp\/v2\/media?parent=2370"}],"curies":[{"name":"wp","href":"https:\/\/api.w.org\/{rel}","templated":true}]}}