{"id":2440,"date":"2021-06-14T09:38:49","date_gmt":"2021-06-14T12:38:49","guid":{"rendered":"https:\/\/isp60scc-sfe.infd.edu.ar\/sitio\/?page_id=2440"},"modified":"2022-06-13T11:01:21","modified_gmt":"2022-06-13T14:01:21","slug":"correlatividades-2","status":"publish","type":"page","link":"https:\/\/isp60scc-sfe.infd.edu.ar\/sitio\/correlatividades-2\/","title":{"rendered":"Correlatividades Profesorado Biolog\u00eda"},"content":{"rendered":"<h1><span style=\"color: #333399;\">R\u00e9gimen de correlatividades &#8211; Profesorado Biolog\u00eda<\/span><\/h1>\n<h4><span style=\"color: #800000;\"><strong>SEGUNDO A\u00d1O<\/strong><\/span><\/h4>\n<table border=\"1\">\n<tbody>\n<tr>\n<td style=\"text-align: center;\">\n<h4><span style=\"font-weight: 400;\">UNIDAD CURRICULAR<\/span><\/h4>\n<\/td>\n<td style=\"text-align: center;\" colspan=\"2\">\n<h4><span style=\"font-weight: 400;\">PARA CURSAR<\/span><\/h4>\n<\/td>\n<td colspan=\"2\">\n<h4 style=\"text-align: center;\"><span style=\"font-weight: 400;\">PARA RENDIR<\/span><\/h4>\n<\/td>\n<\/tr>\n<tr>\n<td><\/td>\n<td>\n<h5 style=\"text-align: center;\"><span style=\"font-weight: 400;\">REGULARIZADA<\/span><\/h5>\n<\/td>\n<td style=\"text-align: center;\">\n<h5><span style=\"font-weight: 400;\">APROBADA<\/span><\/h5>\n<\/td>\n<td style=\"text-align: center;\">\n<h5><span style=\"font-weight: 400;\">REGULARIZADA<\/span><\/h5>\n<\/td>\n<td>\n<h5 style=\"text-align: center;\"><span style=\"font-weight: 400;\">APROBADA<\/span><\/h5>\n<\/td>\n<\/tr>\n<tr>\n<td><strong>Inst. Educativas<\/strong><\/td>\n<td><span style=\"font-weight: 400;\">Pedagog\u00eda ( 1\u00ba)<\/span><\/td>\n<td><\/td>\n<td><\/td>\n<td><span style=\"font-weight: 400;\">Pedagog\u00eda (1\u00ba)<\/span><\/td>\n<\/tr>\n<tr>\n<td><strong>Did\u00e1ctica y Curriculum<\/strong><\/td>\n<td><span style=\"font-weight: 400;\">Pedagog\u00eda (1\u00ba)<\/span><\/td>\n<td><\/td>\n<td><\/td>\n<td><span style=\"font-weight: 400;\">Pedagog\u00eda( 1\u00ba)<\/span><\/td>\n<\/tr>\n<tr>\n<td><strong>Biolog\u00eda II&nbsp;<\/strong><\/td>\n<td><span style=\"font-weight: 400;\">Biolog\u00eda I\u00b0<\/span><\/td>\n<td><\/td>\n<td><span style=\"font-weight: 400;\">&nbsp;<\/span><\/td>\n<td><span style=\"font-weight: 400;\">Biolog\u00eda I\u00b0<\/span><\/td>\n<\/tr>\n<tr>\n<td><strong>Biof\u00edsica&nbsp;<\/strong><\/td>\n<td><span style=\"font-weight: 400;\">Elementos de Matem\u00e1tica y Bioestad\u00edstica (1\u00b0)<\/span><\/td>\n<td><\/td>\n<td><\/td>\n<td><span style=\"font-weight: 400;\">Elementos de Matem\u00e1tica y Bioestad\u00edstica (1\u00b0)<\/span><\/td>\n<\/tr>\n<tr>\n<td><strong>Qu\u00edmica II<\/strong><\/td>\n<td><span style=\"font-weight: 400;\">Qu\u00edmica I 1\u00b0<\/span><\/td>\n<td><\/td>\n<td><\/td>\n<td><span style=\"font-weight: 400;\">Qu\u00edmica I 1\u00b0<\/span><\/td>\n<\/tr>\n<tr>\n<td><strong>Educaci\u00f3n Ambiental&nbsp;<\/strong><\/td>\n<td><span style=\"font-weight: 400;\"> Ciencias de la Tierra 1\u00b0&nbsp;<\/span><\/p>\n<p><span style=\"font-weight: 400;\">&nbsp;Ecolog\u00eda 1\u00b0&nbsp;<\/span><\/td>\n<td><\/td>\n<td><\/td>\n<td><span style=\"font-weight: 400;\"> Ciencias de la Tierra 1\u00b0&nbsp;<\/span><\/p>\n<p><span style=\"font-weight: 400;\">&nbsp;Ecolog\u00eda 1\u00b0&nbsp;<\/span><\/td>\n<\/tr>\n<tr>\n<td><strong>Gen\u00e9tica&nbsp;&nbsp;<\/strong><\/td>\n<td><span style=\"font-weight: 400;\">Biolog\u00eda I 1\u00b0&nbsp; Qu\u00edmica I 1\u00b0&nbsp;<\/span><\/td>\n<td><\/td>\n<td><\/td>\n<td><span style=\"font-weight: 400;\">Biolog\u00eda I 1\u00b0&nbsp; Qu\u00edmica I 1\u00b0&nbsp;<\/span><\/td>\n<\/tr>\n<tr>\n<td><strong>Did\u00e1ctica de la Biolog\u00eda I<\/strong><\/td>\n<td><\/td>\n<td><\/td>\n<td><\/td>\n<td><span style=\"font-weight: 400;\">Laboratorio de Ciencias Naturales 1\u00b0<\/span><\/td>\n<\/tr>\n<tr>\n<td><strong>Pr\u00e1ctica Docente II<\/strong><\/td>\n<td><\/td>\n<td><span style=\"font-weight: 400;\">Pr\u00e1ctica Docente I 1\u00ba<\/span><\/td>\n<td><\/td>\n<td><\/td>\n<\/tr>\n<\/tbody>\n<\/table>\n<p>&nbsp;<\/p>\n<h4><span style=\"color: #800000;\"><strong>TERCER A\u00d1O<\/strong><\/span><\/h4>\n<table border=\"1\">\n<tbody>\n<tr>\n<td>\n<h4 style=\"text-align: center;\"><span style=\"font-weight: 400;\">UNIDAD CURRICULAR<\/span><\/h4>\n<\/td>\n<td style=\"text-align: center;\" colspan=\"2\">\n<h4><span style=\"font-weight: 400;\">PARA CURSAR<\/span><\/h4>\n<\/td>\n<td style=\"text-align: center;\" colspan=\"2\">\n<h4><span style=\"font-weight: 400;\">PARA RENDIR<\/span><\/h4>\n<\/td>\n<\/tr>\n<tr>\n<td style=\"text-align: center;\"><\/td>\n<td style=\"text-align: center;\">\n<h5><span style=\"font-weight: 400;\">REGULARIZADA<\/span><\/h5>\n<\/td>\n<td style=\"text-align: center;\">\n<h5><span style=\"font-weight: 400;\">APROBADA<\/span><\/h5>\n<\/td>\n<td style=\"text-align: center;\">\n<h5><span style=\"font-weight: 400;\">REGULARIZADA<\/span><\/h5>\n<\/td>\n<td>\n<h5 style=\"text-align: center;\"><span style=\"font-weight: 400;\">APROBADA<\/span><\/h5>\n<\/td>\n<\/tr>\n<tr>\n<td><strong> Historia y Pol\u00edtica de la Educaci\u00f3n Argentina&nbsp;<\/strong><\/td>\n<td><span style=\"font-weight: 400;\">Instituciones Educativas 2\u00b0<\/span><\/td>\n<td><\/td>\n<td><\/td>\n<td><span style=\"font-weight: 400;\">Pedagog\u00eda 1\u00b0<\/span><\/td>\n<\/tr>\n<tr>\n<td><strong>Biolog\u00eda III&nbsp;&nbsp;<\/strong><\/td>\n<td><span style=\"font-weight: 400;\"> Biolog\u00eda II 2\u00b0&nbsp;&nbsp;<\/span><\/td>\n<td><span style=\"font-weight: 400;\"> Biolog\u00eda I 1\u00b0<\/span><\/td>\n<td><\/td>\n<td><span style=\"font-weight: 400;\"> Biolog\u00eda II 2\u00b0&nbsp;<\/span><\/td>\n<\/tr>\n<tr>\n<td><strong>Sujetos de la Educaci\u00f3n secundaria&nbsp;<\/strong><\/td>\n<td><span style=\"font-weight: 400;\">Psicolog\u00eda y educaci\u00f3n 2\u00b0<\/span><\/td>\n<td><\/td>\n<td><\/td>\n<td><span style=\"font-weight: 400;\">Psicolog\u00eda y Educaci\u00f3n 2\u00b0<\/span><\/td>\n<\/tr>\n<tr>\n<td><strong>Evoluci\u00f3n&nbsp;<\/strong><\/td>\n<td><span style=\"font-weight: 400;\">Ciencias de la Tierra 1\u00b0&nbsp;<\/span><\/p>\n<p><span style=\"font-weight: 400;\">&nbsp;Ecolog\u00eda 1\u00b0&nbsp; Biolog\u00eda II 2\u00b0&nbsp; Gen\u00e9tica 2\u00b0<\/span><\/td>\n<td><\/td>\n<td><\/td>\n<td><span style=\"font-weight: 400;\">Ciencias de la Tierra 1\u00b0&nbsp;<\/span><\/p>\n<p><span style=\"font-weight: 400;\">&nbsp;Ecolog\u00eda 1\u00b0&nbsp; Biolog\u00eda II 2\u00b0&nbsp; Gen\u00e9tica 2\u00b0<\/span><\/td>\n<\/tr>\n<tr>\n<td><strong>Biolog\u00eda Humana y Salud I&nbsp;<\/strong><\/td>\n<td><span style=\"font-weight: 400;\">Biolog\u00eda II 2\u00b0&nbsp; Qu\u00edmica II 2\u00b0 Biof\u00edsica 2\u00b0&nbsp; Gen\u00e9tica 2\u00b0&nbsp;<\/span><\/td>\n<td><\/td>\n<td><\/td>\n<td><span style=\"font-weight: 400;\">Biolog\u00eda II 2\u00b0&nbsp; Qu\u00edmica II 2\u00b0 Biof\u00edsica 2\u00b0&nbsp; Gen\u00e9tica 2\u00b0&nbsp;<\/span><\/td>\n<\/tr>\n<tr>\n<td><strong>Did\u00e1ctica de la Biolog\u00eda I<\/strong><\/td>\n<td><span style=\"font-weight: 400;\">Did\u00e1ctica de la Biolog\u00eda I 2\u00b0&nbsp; Did\u00e1ctica y Curriculum 2\u00b0&nbsp;<\/span><\/td>\n<td><\/td>\n<td><\/td>\n<td><span style=\"font-weight: 400;\">Did\u00e1ctica de la Biolog\u00eda I 2\u00b0&nbsp; Did\u00e1ctica y Curriculum 2\u00b0&nbsp;<\/span><\/td>\n<\/tr>\n<tr>\n<td><strong>Pr\u00e1ctica Docente III&nbsp;<\/strong><\/td>\n<td><span style=\"font-weight: 400;\">Did\u00e1ctica de la Biolog\u00eda I 2\u00b0&nbsp; Did\u00e1ctica y Curriculum 2\u00b0&nbsp;<\/span><\/td>\n<td><span style=\"font-weight: 400;\">Pr\u00e1ctica Docente II 2\u00b0&nbsp; Todas las unidades curriculares de 1\u00b0a\u00f1o<\/span><\/td>\n<td><\/td>\n<td><\/td>\n<\/tr>\n<\/tbody>\n<\/table>\n<p>&nbsp;<\/p>\n<h4><span style=\"color: #800000;\"><strong>CUARTO A\u00d1O<\/strong><\/span><\/h4>\n<table border=\"1\">\n<tbody>\n<tr>\n<td style=\"text-align: center;\">\n<h4><span style=\"font-weight: 400;\">UNIDAD CURRICULAR<\/span><\/h4>\n<\/td>\n<td style=\"text-align: center;\" colspan=\"2\">\n<h4><span style=\"font-weight: 400;\">PARA CURSAR<\/span><\/h4>\n<\/td>\n<td colspan=\"2\">\n<h4 style=\"text-align: center;\"><span style=\"font-weight: 400;\">PARA RENDIR<\/span><\/h4>\n<\/td>\n<\/tr>\n<tr>\n<td style=\"text-align: center;\"><\/td>\n<td style=\"text-align: center;\">\n<h5><span style=\"font-weight: 400;\">REGULARIZADA<\/span><\/h5>\n<\/td>\n<td style=\"text-align: center;\">\n<h5><span style=\"font-weight: 400;\">APROBADA<\/span><\/h5>\n<\/td>\n<td style=\"text-align: center;\">\n<h5><span style=\"font-weight: 400;\">REGULARIZADA<\/span><\/h5>\n<\/td>\n<td>\n<h5 style=\"text-align: center;\"><span style=\"font-weight: 400;\">APROBADA<\/span><\/h5>\n<\/td>\n<\/tr>\n<tr>\n<td><strong>Educaci\u00f3n Sexual Integral<\/strong><\/td>\n<td><span style=\"font-weight: 400;\">Sujetos de la Educaci\u00f3n Secundaria 3\u00b0<\/span><\/td>\n<td><\/td>\n<td><\/td>\n<td><span style=\"font-weight: 400;\">Sujetos de la Educaci\u00f3n Secundaria 3\u00ba<\/span><\/td>\n<\/tr>\n<tr>\n<td><strong>\u00c9tica y Trabajo docente<\/strong><\/td>\n<td><\/td>\n<td><\/td>\n<td><\/td>\n<td><span style=\"font-weight: 400;\">Filosof\u00eda (3\u00b0)<\/span><\/td>\n<\/tr>\n<tr>\n<td><strong>Pr\u00e1cticas de la Investigaci\u00f3n&nbsp;<\/strong><\/td>\n<td><span style=\"font-weight: 400;\">Metodolog\u00eda de la Investigaci\u00f3n 3\u00b0&nbsp;<\/span><\/td>\n<td><\/td>\n<td><\/td>\n<td><span style=\"font-weight: 400;\">Metodolog\u00eda de la Investigaci\u00f3n 3\u00b0&nbsp;<\/span><\/td>\n<\/tr>\n<tr>\n<td><strong>Biolog\u00eda IV<\/strong><\/td>\n<td><span style=\"font-weight: 400;\">Evoluci\u00f3n 3\u00b0<\/span><\/td>\n<td><span style=\"font-weight: 400;\">Biolog\u00eda II (2\u00b0)<\/span><\/td>\n<td><\/td>\n<td><span style=\"font-weight: 400;\">Biolog\u00eda III&nbsp; 3\u00b0<\/span><\/td>\n<\/tr>\n<tr>\n<td><strong>Biolog\u00eda Humana y Salud II<\/strong><\/td>\n<td><span style=\"font-weight: 400;\">Biolog\u00eda Humana y Salud I 3\u00b0&nbsp;<\/span><\/td>\n<td><span style=\"font-weight: 400;\">Biof\u00edsica 2\u00b0&nbsp; Qu\u00edmica II 2\u00b0&nbsp;<\/span><\/td>\n<td><\/td>\n<td><span style=\"font-weight: 400;\">Biolog\u00eda Humana y Salud I 3\u00b0&nbsp; Evoluci\u00f3n 3\u00b0 Biolog\u00eda III 3\u00b0&nbsp;<\/span><\/td>\n<\/tr>\n<tr>\n<td><strong>Epistemolog\u00eda de las Ciencias Naturales&nbsp;<\/strong><\/td>\n<td><span style=\"font-weight: 400;\"> Filosof\u00eda 3\u00b0&nbsp;<\/span><\/td>\n<td><\/td>\n<td><\/td>\n<td><span style=\"font-weight: 400;\"> Filosof\u00eda 3\u00b0&nbsp;<\/span><\/td>\n<\/tr>\n<tr>\n<td><strong>Taller de Modelizaci\u00f3n y Recursos Did\u00e1cticos en Biolog\u00eda&nbsp;<\/strong><\/td>\n<td><span style=\"font-weight: 400;\">Did\u00e1ctica de la Biolog\u00eda II 3\u00b0&nbsp;<\/span><\/td>\n<td><span style=\"font-weight: 400;\">Did\u00e1ctica de la Biolog\u00eda I 2\u00b0&nbsp; Pr\u00e1ctica Docente III 3\u00b0<\/span><\/td>\n<td><\/td>\n<td><span style=\"font-weight: 400;\">Pr\u00e1ctica Docente III 3\u00b0&nbsp;<\/span><\/td>\n<\/tr>\n<tr>\n<td><strong>Pr\u00e1ctica Docente IV<\/strong><\/td>\n<td><span style=\"font-weight: 400;\"> Did\u00e1ctica de la Biolog\u00eda II 3\u00b0&nbsp; Sujeto de la Educaci\u00f3n Secundaria 3\u00b0\u00b0&nbsp;<\/span><\/td>\n<td><span style=\"font-weight: 400;\">Pr\u00e1ctica Docente III 3\u00b0&nbsp; Todas las unidades curriculares de 2\u00b0a\u00f1o\u00b0&nbsp; Movimientos art\u00edsticos y proyectos culturales 1\u00b0<\/span><\/td>\n<td><\/td>\n<td><\/td>\n<\/tr>\n<\/tbody>\n<\/table>\n<p>&nbsp;<\/p>\n<h1 style=\"text-align: center;\"><\/h1>\n<p>&nbsp;<\/p>\n","protected":false},"excerpt":{"rendered":"<p>R\u00e9gimen de correlatividades &#8211; Profesorado Biolog\u00eda SEGUNDO A\u00d1O UNIDAD CURRICULAR PARA CURSAR PARA RENDIR REGULARIZADA APROBADA REGULARIZADA APROBADA Inst. Educativas Pedagog\u00eda ( 1\u00ba) Pedagog\u00eda (1\u00ba) Did\u00e1ctica y Curriculum Pedagog\u00eda (1\u00ba) Pedagog\u00eda( 1\u00ba) Biolog\u00eda II&nbsp; Biolog\u00eda I\u00b0 &nbsp; Biolog\u00eda I\u00b0 Biof\u00edsica&nbsp; Elementos de Matem\u00e1tica y Bioestad\u00edstica (1\u00b0) Elementos de Matem\u00e1tica y Bioestad\u00edstica (1\u00b0) Qu\u00edmica II Qu\u00edmica &#8230; <a title=\"Correlatividades Profesorado Biolog\u00eda\" class=\"read-more\" href=\"https:\/\/isp60scc-sfe.infd.edu.ar\/sitio\/correlatividades-2\/\" aria-label=\"More on Correlatividades Profesorado Biolog\u00eda\">[+]<\/a><\/p>\n","protected":false},"author":12,"featured_media":0,"parent":0,"menu_order":0,"comment_status":"closed","ping_status":"closed","template":"","meta":[],"acf":[],"_links":{"self":[{"href":"https:\/\/isp60scc-sfe.infd.edu.ar\/sitio\/wp-json\/wp\/v2\/pages\/2440"}],"collection":[{"href":"https:\/\/isp60scc-sfe.infd.edu.ar\/sitio\/wp-json\/wp\/v2\/pages"}],"about":[{"href":"https:\/\/isp60scc-sfe.infd.edu.ar\/sitio\/wp-json\/wp\/v2\/types\/page"}],"author":[{"embeddable":true,"href":"https:\/\/isp60scc-sfe.infd.edu.ar\/sitio\/wp-json\/wp\/v2\/users\/12"}],"replies":[{"embeddable":true,"href":"https:\/\/isp60scc-sfe.infd.edu.ar\/sitio\/wp-json\/wp\/v2\/comments?post=2440"}],"version-history":[{"count":7,"href":"https:\/\/isp60scc-sfe.infd.edu.ar\/sitio\/wp-json\/wp\/v2\/pages\/2440\/revisions"}],"predecessor-version":[{"id":3994,"href":"https:\/\/isp60scc-sfe.infd.edu.ar\/sitio\/wp-json\/wp\/v2\/pages\/2440\/revisions\/3994"}],"wp:attachment":[{"href":"https:\/\/isp60scc-sfe.infd.edu.ar\/sitio\/wp-json\/wp\/v2\/media?parent=2440"}],"curies":[{"name":"wp","href":"https:\/\/api.w.org\/{rel}","templated":true}]}}