{"id":2449,"date":"2021-06-14T09:42:57","date_gmt":"2021-06-14T12:42:57","guid":{"rendered":"https:\/\/isp60scc-sfe.infd.edu.ar\/sitio\/?page_id=2449"},"modified":"2022-06-13T11:04:01","modified_gmt":"2022-06-13T14:04:01","slug":"correlatividades-5","status":"publish","type":"page","link":"https:\/\/isp60scc-sfe.infd.edu.ar\/sitio\/correlatividades-5\/","title":{"rendered":"Correlatividades Profesorado Primaria"},"content":{"rendered":"<h1><span style=\"color: #333399;\">R\u00e9gimen de correlatividades &#8211; Profesorado en Ed. Primaria<\/span><\/h1>\n<h3><strong>Campo de la Formaci\u00f3n General y Campo de la Formaci\u00f3n Espec\u00edfica<\/strong><\/h3>\n<h4><span style=\"font-weight: 400;\">Para poder <\/span><span style=\"font-weight: 400;\">rendir<\/span><span style=\"font-weight: 400;\"> las unidades curriculares se\u00f1aladas a continuaci\u00f3n, deber\u00e1n tener aprobada la correlativa establecida.<\/span><\/h4>\n<p><span style=\"font-weight: 400;\">&nbsp;<\/span><\/p>\n<table border=\"1\">\n<tbody>\n<tr>\n<td style=\"text-align: center;\">\n<h3><strong>UNIDAD CURRICULAR<\/strong><\/h3>\n<\/td>\n<td style=\"text-align: center;\">\n<h3><strong>CORRELATIVA<\/strong><\/h3>\n<\/td>\n<\/tr>\n<tr>\n<td><span style=\"color: #333399;\"><strong>SEGUNDO A\u00d1O<\/strong><\/span><\/td>\n<td><\/td>\n<\/tr>\n<tr>\n<td><span style=\"font-weight: 400;\">Did\u00e1ctica General<\/span><\/td>\n<td><span style=\"font-weight: 400;\">Pedagog\u00eda&nbsp; \/ Psicolog\u00eda y Educaci\u00f3n<\/span><\/td>\n<\/tr>\n<tr>\n<td><span style=\"font-weight: 400;\">Movimiento y Cuerpo II<\/span><\/td>\n<td><span style=\"font-weight: 400;\">Movimiento y Cuerpo I<\/span><\/td>\n<\/tr>\n<tr>\n<td><span style=\"font-weight: 400;\">Matem\u00e1tica y su Did\u00e1ctica I<\/span><\/td>\n<td><span style=\"font-weight: 400;\">Resoluci\u00f3n de Problemas y Creatividad<\/span><\/td>\n<\/tr>\n<tr>\n<td><span style=\"font-weight: 400;\">Ciencias Naturales y su Did\u00e1ctica I<\/span><\/td>\n<td><span style=\"font-weight: 400;\">Ciencias Naturales para una Cultura Ciudadana<\/span><\/td>\n<\/tr>\n<tr>\n<td><span style=\"font-weight: 400;\">Ciencias Sociales y su Did\u00e1ctica I<\/span><\/td>\n<td><span style=\"font-weight: 400;\">Problem\u00e1ticas en las Ciencias Sociales<\/span><\/td>\n<\/tr>\n<tr>\n<td><span style=\"font-weight: 400;\">Lengua y su Did\u00e1ctica<\/span><\/td>\n<td><span style=\"font-weight: 400;\">Comunicaci\u00f3n y Expresi\u00f3n Oral y Escrita<\/span><\/td>\n<\/tr>\n<tr>\n<td><span style=\"font-weight: 400;\">Sujetos de la Educaci\u00f3n Primaria<\/span><\/td>\n<td><span style=\"font-weight: 400;\">Psicolog\u00eda y Educaci\u00f3n<\/span><\/td>\n<\/tr>\n<tr>\n<td><span style=\"color: #333399;\"><strong>TERCER A\u00d1O<\/strong><\/span><\/td>\n<td><\/td>\n<\/tr>\n<tr>\n<td><span style=\"font-weight: 400;\">Historia Social de la Educaci\u00f3n y Pol\u00edtica Educativa Argentina<\/span><\/td>\n<td><span style=\"font-weight: 400;\">Historia Argentina y Latinoamericana Sociolog\u00eda de la Educaci\u00f3n<\/span><\/td>\n<\/tr>\n<tr>\n<td><span style=\"font-weight: 400;\">Alfabetizaci\u00f3n Inicial<\/span><\/td>\n<td><span style=\"font-weight: 400;\">Lengua y su Did\u00e1ctica &nbsp; \/ Did\u00e1ctica General<\/span><\/td>\n<\/tr>\n<tr>\n<td><span style=\"font-weight: 400;\">Matem\u00e1tica y su Did\u00e1ctica II<\/span><\/td>\n<td><span style=\"font-weight: 400;\">Matem\u00e1tica y su Did\u00e1ctica I \/ Did\u00e1ctica General<\/span><\/td>\n<\/tr>\n<tr>\n<td><span style=\"font-weight: 400;\">Ciencias Naturales y su Did\u00e1ctica II<\/span><\/td>\n<td><span style=\"font-weight: 400;\">Ciencias Naturales y su Did\u00e1ctica I \/&nbsp; Did\u00e1ctica General<\/span><\/td>\n<\/tr>\n<tr>\n<td><span style=\"font-weight: 400;\">Ciencias Sociales y su Did\u00e1ctica II<\/span><\/td>\n<td><span style=\"font-weight: 400;\">Ciencias Sociales y su Did\u00e1ctica I &nbsp; \/ Did\u00e1ctica General<\/span><\/td>\n<\/tr>\n<tr>\n<td><span style=\"font-weight: 400;\">\u00c1rea Est\u00e9tico Expresiva II<\/span><\/td>\n<td><span style=\"font-weight: 400;\">\u00c1rea Est\u00e9tico Expresiva I<\/span><\/td>\n<\/tr>\n<tr>\n<td><span style=\"font-weight: 400;\">Problem\u00e1ticas Contempor\u00e1neas de la Educaci\u00f3n Primaria II<\/span><\/td>\n<td><span style=\"font-weight: 400;\">Problem\u00e1ticas de la Educaci\u00f3n Primaria I<\/span><\/td>\n<\/tr>\n<tr>\n<td><span style=\"color: #333399;\"><strong>CUARTO A\u00d1O<\/strong><\/span><\/td>\n<td><\/td>\n<\/tr>\n<tr>\n<td><span style=\"font-weight: 400;\">\u00c9tica, Trabajo Docente, Derechos Humanos Ciudadan\u00eda<\/span><\/td>\n<td><span style=\"font-weight: 400;\">Filosof\u00eda de la Educaci\u00f3n \/&nbsp; Conocimiento y Educaci\u00f3n \/ Historia Social de la Educaci\u00f3n y Pol\u00edtica &nbsp; Educativa Argentina<\/span><\/td>\n<\/tr>\n<\/tbody>\n<\/table>\n<p>&nbsp;<\/p>\n<h3><strong>Campo de la Pr\u00e1ctica Profesional<\/strong><\/h3>\n<h4><span style=\"font-weight: 400;\">Para poder <\/span><span style=\"font-weight: 400;\">cursar<\/span><span style=\"font-weight: 400;\"> los Talleres de la Pr\u00e1ctica II, III y IV, deber\u00e1n cumplir con las correlatividades establecidas a continuaci\u00f3n.<\/span><\/h4>\n<table border=\"1\">\n<tbody>\n<tr>\n<td style=\"text-align: center;\">\n<h3><strong>UNIDAD CURRICULAR<\/strong><\/h3>\n<\/td>\n<td style=\"text-align: center;\">\n<h3><strong>CORRELATIVA<\/strong><\/h3>\n<\/td>\n<\/tr>\n<tr>\n<td><span style=\"color: #333399;\"><strong>SEGUNDO A\u00d1O<\/strong><\/span><\/td>\n<td><\/td>\n<\/tr>\n<tr>\n<td><span style=\"font-weight: 400;\">TALLER DE PR\u00c1CTICA II<\/span><\/td>\n<td><strong>Aprobada:<\/strong><\/p>\n<p><span style=\"font-weight: 400;\">Taller de Pr\u00e1ctica I.<\/span><\/p>\n<p><span style=\"font-weight: 400;\">Al menos tres de los talleres de 1\u00ba a\u00f1o del Campo de la Formaci\u00f3n Espec\u00edfica.<\/span><\/p>\n<p><strong>Regularizada:<\/strong><span style=\"font-weight: 400;\"> &nbsp; Pedagog\u00eda \/&nbsp; &nbsp; Psicolog\u00eda y Educaci\u00f3n<\/span><\/td>\n<\/tr>\n<tr>\n<td><span style=\"font-weight: 400;\">TERCER A\u00d1O<\/span><\/td>\n<td><\/td>\n<\/tr>\n<tr>\n<td><span style=\"font-weight: 400;\">TALLER DE PR\u00c1CTICA III<\/span><\/td>\n<td><strong>Aprobada:<\/strong><\/p>\n<p><span style=\"font-weight: 400;\">Todas las unidades curriculares de los tres campos de Primer a\u00f1o.<\/span><\/p>\n<p><span style=\"font-weight: 400;\">Taller de Pr\u00e1ctica II.<\/span><\/p>\n<p><strong>Regularizada:<\/strong><\/p>\n<p><span style=\"font-weight: 400;\">&nbsp;Did\u00e1ctica General \/ &nbsp; Matem\u00e1tica y su Did\u00e1ctica I&nbsp; \/ Cs Sociales y su Did\u00e1ctica I \/&nbsp; Cs Naturales y su Did\u00e1ctica I \/ Lengua y su Did\u00e1ctica \/ &nbsp; Conocimiento y Educaci\u00f3n \/ Sujetos de la Educaci\u00f3n Primaria<\/span><\/td>\n<\/tr>\n<tr>\n<td><span style=\"color: #333399;\"><strong>CUARTO A\u00d1O<\/strong><\/span><\/td>\n<td><\/td>\n<\/tr>\n<tr>\n<td><span style=\"font-weight: 400;\">TALLER DE PR\u00c1CTICA IV Y ATENEO<\/span><\/td>\n<td><strong>Aprobada:<\/strong><\/p>\n<p><span style=\"font-weight: 400;\">Todas las unidades curriculares de los tres campos de Segundo a\u00f1o.<\/span><\/p>\n<p><span style=\"font-weight: 400;\">Taller de Pr\u00e1ctica III.<\/span><\/p>\n<p><span style=\"font-weight: 400;\">\u00c1rea Est\u00e9tica Expresiva II<\/span><\/p>\n<p><strong>Regularizada:<\/strong><\/p>\n<p><span style=\"font-weight: 400;\">Matem\u00e1tica y su Did\u00e1ctica II \/ &nbsp; Cs Sociales y su Did\u00e1ctica II \/ Literatura y su Did\u00e1ctica \/ Cs Naturales y su Did\u00e1ctica II &nbsp; &nbsp; &nbsp; &nbsp; &nbsp; <\/span><span style=\"font-weight: 400;\">&nbsp;&nbsp;&nbsp; <\/span><span style=\"font-weight: 400;\">\/&nbsp; TIC \/ Problem\u00e1ticas Contempor\u00e1neas del Nivel II&nbsp; &nbsp; &nbsp; \/ Alfabetizaci\u00f3n Inicial <\/span><span style=\"font-weight: 400;\">&nbsp;&nbsp;&nbsp; <\/span><\/td>\n<\/tr>\n<\/tbody>\n<\/table>\n<h4><\/h4>\n<h4><span style=\"font-weight: 400;\">Los Espacios de Definici\u00f3n Institucional I y II, el Seminario de Sexualidad Humana y Educaci\u00f3n y los espacios electivos de los Itinerarios por el Mundo de la Cultura no tienen establecidas correlatividades.<\/span><\/h4>\n<h1 style=\"text-align: center;\"><\/h1>\n","protected":false},"excerpt":{"rendered":"<p>R\u00e9gimen de correlatividades &#8211; Profesorado en Ed. Primaria Campo de la Formaci\u00f3n General y Campo de la Formaci\u00f3n Espec\u00edfica Para poder rendir las unidades curriculares se\u00f1aladas a continuaci\u00f3n, deber\u00e1n tener aprobada la correlativa establecida. &nbsp; UNIDAD CURRICULAR CORRELATIVA SEGUNDO A\u00d1O Did\u00e1ctica General Pedagog\u00eda&nbsp; \/ Psicolog\u00eda y Educaci\u00f3n Movimiento y Cuerpo II Movimiento y Cuerpo I &#8230; <a title=\"Correlatividades Profesorado Primaria\" class=\"read-more\" href=\"https:\/\/isp60scc-sfe.infd.edu.ar\/sitio\/correlatividades-5\/\" aria-label=\"More on Correlatividades Profesorado Primaria\">[+]<\/a><\/p>\n","protected":false},"author":12,"featured_media":0,"parent":0,"menu_order":0,"comment_status":"closed","ping_status":"closed","template":"","meta":[],"acf":[],"_links":{"self":[{"href":"https:\/\/isp60scc-sfe.infd.edu.ar\/sitio\/wp-json\/wp\/v2\/pages\/2449"}],"collection":[{"href":"https:\/\/isp60scc-sfe.infd.edu.ar\/sitio\/wp-json\/wp\/v2\/pages"}],"about":[{"href":"https:\/\/isp60scc-sfe.infd.edu.ar\/sitio\/wp-json\/wp\/v2\/types\/page"}],"author":[{"embeddable":true,"href":"https:\/\/isp60scc-sfe.infd.edu.ar\/sitio\/wp-json\/wp\/v2\/users\/12"}],"replies":[{"embeddable":true,"href":"https:\/\/isp60scc-sfe.infd.edu.ar\/sitio\/wp-json\/wp\/v2\/comments?post=2449"}],"version-history":[{"count":5,"href":"https:\/\/isp60scc-sfe.infd.edu.ar\/sitio\/wp-json\/wp\/v2\/pages\/2449\/revisions"}],"predecessor-version":[{"id":3997,"href":"https:\/\/isp60scc-sfe.infd.edu.ar\/sitio\/wp-json\/wp\/v2\/pages\/2449\/revisions\/3997"}],"wp:attachment":[{"href":"https:\/\/isp60scc-sfe.infd.edu.ar\/sitio\/wp-json\/wp\/v2\/media?parent=2449"}],"curies":[{"name":"wp","href":"https:\/\/api.w.org\/{rel}","templated":true}]}}