{"id":2456,"date":"2021-06-14T10:24:06","date_gmt":"2021-06-14T13:24:06","guid":{"rendered":"https:\/\/isp60scc-sfe.infd.edu.ar\/sitio\/?page_id=2456"},"modified":"2025-11-27T18:52:11","modified_gmt":"2025-11-27T21:52:11","slug":"coordinacion-tecnologica","status":"publish","type":"page","link":"https:\/\/isp60scc-sfe.infd.edu.ar\/sitio\/coordinacion-tecnologica\/","title":{"rendered":"Coordinaci\u00f3n Tecnol\u00f3gica"},"content":{"rendered":"<div class=\"wp-block-image\">\n<figure class=\"alignright is-resized\"><img decoding=\"async\" loading=\"lazy\" src=\"https:\/\/isp60scc-sfe.infd.edu.ar\/sitio\/wp-content\/uploads\/2021\/06\/Informatica-1.jpg\" alt=\"\" class=\"wp-image-2502\" width=\"356\" height=\"298\" srcset=\"https:\/\/isp60scc-sfe.infd.edu.ar\/sitio\/wp-content\/uploads\/2021\/06\/Informatica-1.jpg 940w, https:\/\/isp60scc-sfe.infd.edu.ar\/sitio\/wp-content\/uploads\/2021\/06\/Informatica-1-768x644.jpg 768w\" sizes=\"(max-width: 356px) 100vw, 356px\" \/><\/figure><\/div>\n\n\n<h4 class=\"wp-block-heading\" style=\"font-style:normal;font-weight:400\">El proyecto actual busca abordar diversas situaciones relacionadas con las Tecnolog\u00edas de la Informaci\u00f3n y la Comunicaci\u00f3n (TIC) dentro de la instituci\u00f3n. Se centra en la integraci\u00f3n pedag\u00f3gica de estas tecnolog\u00edas en el proceso educativo, en la formaci\u00f3n y capacitaci\u00f3n docente, en las actividades de gesti\u00f3n administrativa, en el mantenimiento y la funcionalidad de la infraestructura tecnol\u00f3gica, y en el apoyo a las trayectorias educativas de los estudiantes de Nivel Superior.<\/h4>\n\n\n\n<h4 class=\"wp-block-heading\">&nbsp;<\/h4>\n\n\n\n<h4 class=\"wp-block-heading\"><\/h4>\n\n\n\n<h2 class=\"wp-block-heading\"><span style=\"color: #333399;\">Tareas a Desarrollar por el equipo TIC<\/span><\/h2>\n\n\n\n<h4 class=\"wp-block-heading\"><img decoding=\"async\" loading=\"lazy\" class=\"wp-image-2506 alignright\" src=\"https:\/\/isp60scc-sfe.infd.edu.ar\/sitio\/wp-content\/uploads\/2021\/06\/Tic-Obj-1000x563.jpg\" alt=\"\" width=\"573\" height=\"279\"><\/h4>\n\n\n\n<ul>\n<li><h4 class=\"wp-block-heading\" style=\"font-style:normal;font-weight:400\"><b>Gesti\u00f3n Administraci\u00f3n: <\/b>Colaborar de manera coordinada con el \u00e1rea de secretar\u00eda y direcci\u00f3n, brindando apoyo y asesoramiento continuo.<\/h4><\/li>\n<\/ul>\n\n\n\n<p><\/p>\n\n\n\n<ul>\n<li><h4 class=\"wp-block-heading\" style=\"font-style:normal;font-weight:400\"><strong>Resoluci\u00f3n de problemas<\/strong>: Dise\u00f1ar, desarrollar y supervisar soluciones tecnol\u00f3gicas para resolver problemas institucionales.<\/h4> <\/li>\n\n\n\n<li><h4 class=\"wp-block-heading\" style=\"font-style:normal;font-weight:400\"><b>Infraestructura tecnol\u00f3gica:<\/b><\/h4>\n<ul>\n<li><h4 class=\"wp-block-heading\" style=\"font-style:normal;font-weight:400\">Realizar un relevamiento de los recursos tecnol\u00f3gicos disponibles.<\/h4><\/li>\n\n\n\n<li><h4 class=\"wp-block-heading\" style=\"font-style:normal;font-weight:400\">Administrar los recursos multimediales para la ense\u00f1anza, incluyendo equipos inform\u00e1ticos y tecnol\u00f3gicos en general<\/h4><\/li>\n<\/ul>\n<\/li>\n<\/ul>\n\n\n\n<p><\/p>\n\n\n\n<ul>\n<li><h4 class=\"wp-block-heading\" style=\"font-style:normal;font-weight:400\"><b>Administraci\u00f3n Nodo Infod<\/b> (Sitio Institucional y Campus Virtual)<\/h4>\n<ul>\n<li><h4 class=\"wp-block-heading\" style=\"font-style:normal;font-weight:400\">Gestionar el alta, baja y modificaci\u00f3n (ABM) de alumnos, docentes, aulas e informaci\u00f3n.<\/h4><\/li>\n\n\n\n<li><h4 class=\"wp-block-heading\" style=\"font-style:normal;font-weight:400\">Resolver problemas t\u00e9cnicos y ofrecer asesoramiento. <\/h4> <\/li>\n<\/ul>\n<\/li>\n\n\n\n<li><h4 class=\"wp-block-heading\" style=\"font-style:normal;font-weight:400\"><b>Acompa\u00f1amiento a las trayectorias:<\/b> Actuar como referentes acad\u00e9micos para apoyar el progreso educativo de los estudiantes. <\/h4><\/li>\n\n\n\n<li><h4 class=\"wp-block-heading\" style=\"font-style:normal;font-weight:400\"><b>Formativa y Capacitaci\u00f3n: <\/b>Organizar jornadas de capacitaci\u00f3n sobre herramientas y recursos tecnol\u00f3gicos dirigidas a docentes y estudiantes, para mejorar sus competencias digitales y pedag\u00f3gicas.<\/h4><\/li>\n<\/ul>\n\n\n<h4 class=\"wp-block-heading\" style=\"font-style: normal; font-weight: 400;\">Este enfoque integral asegura que las TIC se utilicen de manera efectiva y eficiente en todos los aspectos de la vida institucional, mejorando la calidad educativa y administrativa.<\/h4>\n\n\n<div style=\"height:69px\" aria-hidden=\"true\" class=\"wp-block-spacer\"><\/div>\n\n\n\n<p class=\"has-vivid-cyan-blue-color has-text-color has-large-font-size\"><strong>El equipo se divide en:<\/strong><\/p>\n\n\n\n<blockquote class=\"wp-block-quote\">\n<p>&#8211; Coordinaci\u00f3n Tecnol\u00f3gica para los <a href=\"https:\/\/isp60scc-sfe.infd.edu.ar\/sitio\/profesorados-en-ed-inicial-y-primaria\/\">Profesorados de Inicial y Primaria<\/a><\/p>\n\n\n\n<p>&#8211; Coordinaci\u00f3n Tecnol\u00f3gica para los <a href=\"https:\/\/isp60scc-sfe.infd.edu.ar\/sitio\/profesorados-en-educacion-secundaria\/\">Profesorados de Nivel Secundario<\/a><\/p>\n\n\n\n<p>&#8211; Coordinaci\u00f3n Tecnol\u00f3gica para la <a href=\"https:\/\/isp60scc-sfe.infd.edu.ar\/sitio\/tecnicatura-en-mantenimiento-industrial\/\">Tecnicatura<\/a><\/p>\n<\/blockquote>\n\n\n\n<div style=\"height:100px\" aria-hidden=\"true\" class=\"wp-block-spacer\"><\/div>\n","protected":false},"excerpt":{"rendered":"<p>El proyecto actual busca abordar diversas situaciones relacionadas con las Tecnolog\u00edas de la Informaci\u00f3n y la Comunicaci\u00f3n (TIC) dentro de la instituci\u00f3n. Se centra en la integraci\u00f3n pedag\u00f3gica de estas tecnolog\u00edas en el proceso educativo, en la formaci\u00f3n y capacitaci\u00f3n docente, en las actividades de gesti\u00f3n administrativa, en el mantenimiento y la funcionalidad de la &#8230; <a title=\"Coordinaci\u00f3n Tecnol\u00f3gica\" class=\"read-more\" href=\"https:\/\/isp60scc-sfe.infd.edu.ar\/sitio\/coordinacion-tecnologica\/\" aria-label=\"More on Coordinaci\u00f3n Tecnol\u00f3gica\">[+]<\/a><\/p>\n","protected":false},"author":12,"featured_media":5789,"parent":0,"menu_order":0,"comment_status":"closed","ping_status":"closed","template":"","meta":[],"acf":[],"_links":{"self":[{"href":"https:\/\/isp60scc-sfe.infd.edu.ar\/sitio\/wp-json\/wp\/v2\/pages\/2456"}],"collection":[{"href":"https:\/\/isp60scc-sfe.infd.edu.ar\/sitio\/wp-json\/wp\/v2\/pages"}],"about":[{"href":"https:\/\/isp60scc-sfe.infd.edu.ar\/sitio\/wp-json\/wp\/v2\/types\/page"}],"author":[{"embeddable":true,"href":"https:\/\/isp60scc-sfe.infd.edu.ar\/sitio\/wp-json\/wp\/v2\/users\/12"}],"replies":[{"embeddable":true,"href":"https:\/\/isp60scc-sfe.infd.edu.ar\/sitio\/wp-json\/wp\/v2\/comments?post=2456"}],"version-history":[{"count":28,"href":"https:\/\/isp60scc-sfe.infd.edu.ar\/sitio\/wp-json\/wp\/v2\/pages\/2456\/revisions"}],"predecessor-version":[{"id":7175,"href":"https:\/\/isp60scc-sfe.infd.edu.ar\/sitio\/wp-json\/wp\/v2\/pages\/2456\/revisions\/7175"}],"wp:featuredmedia":[{"embeddable":true,"href":"https:\/\/isp60scc-sfe.infd.edu.ar\/sitio\/wp-json\/wp\/v2\/media\/5789"}],"wp:attachment":[{"href":"https:\/\/isp60scc-sfe.infd.edu.ar\/sitio\/wp-json\/wp\/v2\/media?parent=2456"}],"curies":[{"name":"wp","href":"https:\/\/api.w.org\/{rel}","templated":true}]}}