{"id":2488,"date":"2021-06-18T10:49:43","date_gmt":"2021-06-18T13:49:43","guid":{"rendered":"https:\/\/isp60scc-sfe.infd.edu.ar\/sitio\/?page_id=2488"},"modified":"2024-07-22T18:47:35","modified_gmt":"2024-07-22T21:47:35","slug":"profesorados-en-educacion-secundaria","status":"publish","type":"page","link":"https:\/\/isp60scc-sfe.infd.edu.ar\/sitio\/profesorados-en-educacion-secundaria\/","title":{"rendered":""},"content":{"rendered":"\n<figure class=\"wp-block-image is-resized is-style-rounded\"><img decoding=\"async\" loading=\"lazy\" src=\"https:\/\/pinguinodigital.com\/wp-content\/uploads\/2020\/08\/pagina-en-construcci%C3%B3n1.jpg\" alt=\"C\u00d3MO CREAR UNA P\u00c1GINA EN CONSTRUCCI\u00d3N EN WORDPRESS?\" width=\"1081\" height=\"716\"\/><\/figure>\n\n\n<p><\/p>\n<h2 style=\"text-align: center;\"><span style=\"color: #333399;\"><b>Coordinaci\u00f3n Tecnol\u00f3gica: Profesorados en Educaci\u00f3n Secundaria<\/b><\/span><\/h2>\n<h4><span style=\"font-weight: 400;\">Docente a Cargo: Prof. Colasso, Cristi\u00e1n<\/span><\/h4>\n<p><\/p>\n<h3><span style=\"color: #333399;\"><b>Objetivos generales<\/b><\/span><\/h3>\n<ul>\n<li style=\"font-weight: 400;\" aria-level=\"1\">&nbsp;<\/li>\n<li style=\"font-weight: 400;\" aria-level=\"1\">\n<h4>&nbsp;<\/h4>\n<\/li>\n<\/ul>\n<p><\/p>\n<h3><span style=\"color: #333399;\">Tareas desarrolladas<\/span><\/h3>\n<ul>\n<li>&nbsp;<\/li>\n<li>\n<h4>&nbsp;<\/h4>\n<\/li>\n<\/ul>","protected":false},"excerpt":{"rendered":"<p>Coordinaci\u00f3n Tecnol\u00f3gica: Profesorados en Educaci\u00f3n Secundaria Docente a Cargo: Prof. Colasso, Cristi\u00e1n Objetivos generales &nbsp; &nbsp; Tareas desarrolladas &nbsp; &nbsp;<\/p>\n","protected":false},"author":12,"featured_media":5918,"parent":0,"menu_order":0,"comment_status":"closed","ping_status":"closed","template":"","meta":[],"acf":[],"_links":{"self":[{"href":"https:\/\/isp60scc-sfe.infd.edu.ar\/sitio\/wp-json\/wp\/v2\/pages\/2488"}],"collection":[{"href":"https:\/\/isp60scc-sfe.infd.edu.ar\/sitio\/wp-json\/wp\/v2\/pages"}],"about":[{"href":"https:\/\/isp60scc-sfe.infd.edu.ar\/sitio\/wp-json\/wp\/v2\/types\/page"}],"author":[{"embeddable":true,"href":"https:\/\/isp60scc-sfe.infd.edu.ar\/sitio\/wp-json\/wp\/v2\/users\/12"}],"replies":[{"embeddable":true,"href":"https:\/\/isp60scc-sfe.infd.edu.ar\/sitio\/wp-json\/wp\/v2\/comments?post=2488"}],"version-history":[{"count":6,"href":"https:\/\/isp60scc-sfe.infd.edu.ar\/sitio\/wp-json\/wp\/v2\/pages\/2488\/revisions"}],"predecessor-version":[{"id":5920,"href":"https:\/\/isp60scc-sfe.infd.edu.ar\/sitio\/wp-json\/wp\/v2\/pages\/2488\/revisions\/5920"}],"wp:featuredmedia":[{"embeddable":true,"href":"https:\/\/isp60scc-sfe.infd.edu.ar\/sitio\/wp-json\/wp\/v2\/media\/5918"}],"wp:attachment":[{"href":"https:\/\/isp60scc-sfe.infd.edu.ar\/sitio\/wp-json\/wp\/v2\/media?parent=2488"}],"curies":[{"name":"wp","href":"https:\/\/api.w.org\/{rel}","templated":true}]}}