{"id":2495,"date":"2021-06-18T10:52:05","date_gmt":"2021-06-18T13:52:05","guid":{"rendered":"https:\/\/isp60scc-sfe.infd.edu.ar\/sitio\/?page_id=2495"},"modified":"2025-11-27T18:48:30","modified_gmt":"2025-11-27T21:48:30","slug":"tecnicatura-en-mantenimiento-industrial","status":"publish","type":"page","link":"https:\/\/isp60scc-sfe.infd.edu.ar\/sitio\/tecnicatura-en-mantenimiento-industrial\/","title":{"rendered":"Coordinaci\u00f3n Tecnol\u00f3gica: TMI"},"content":{"rendered":"<h2 style=\"text-align: center;\"><span style=\"color: #333399;\"><b>Coordinaci\u00f3n Tecnol\u00f3gica de la carrera:\u00a0<\/b><\/span><\/h2>\n<h2 style=\"text-align: center;\"><span style=\"color: #333399;\"><b> \u201cT\u00e9cnico Superior en Gesti\u00f3n de las Organizaciones\u201d<\/b><\/span><\/h2>\n<h4><span style=\"font-weight: 400;\">El Coordinador Tecnol\u00f3gico es, dentro de una Instituci\u00f3n Educativa, la persona encargada de promover el uso de las TIC en todos los niveles. Por esa raz\u00f3n es muy importante que pueda discernir cu\u00e1les son las herramientas m\u00e1s apropiadas para llevar a cabo una tarea determinada.<\/span><\/h4>\n<h4><span style=\"color: #333399;\">Docente a Cargo:<\/span> Stanich, Marcelo<\/h4>\n<h3><span style=\"color: #333399;\"><b>Objetivos generales<\/b><\/span><\/h3>\n<ul>\n<li style=\"font-weight: 400;\" aria-level=\"1\">\n<h4><span style=\"font-weight: 400;\">Capacitar a docentes de la carrera \u201cT\u00e9cnico Superior en Gesti\u00f3n de las Organizaciones\u201d en la implementaci\u00f3n de la tecnolog\u00eda disponible en la instituci\u00f3n para el desarrollo de sus pr\u00e1cticas \u00e1ulicas.<\/span><\/h4>\n<\/li>\n<li style=\"font-weight: 400;\" aria-level=\"1\">\n<h4><span style=\"font-weight: 400;\">Desarrollar propuestas con tecnolog\u00edas digitales para fortalecer el acompa\u00f1amiento de las trayectorias estudiantiles del nivel superior a los ingresantes y hacerlo extensible al resto de los estudiantes de la carrera: \u00abT\u00e9cnico Superior en Gesti\u00f3n de las Organizaciones\u00bb.<\/span><\/h4>\n<\/li>\n<\/ul>\n<p><img decoding=\"async\" loading=\"lazy\" class=\"wp-image-2523 aligncenter\" src=\"https:\/\/isp60scc-sfe.infd.edu.ar\/sitio\/wp-content\/uploads\/2021\/06\/C-TMI.jpg\" alt=\"\" width=\"665\" height=\"465\" srcset=\"https:\/\/isp60scc-sfe.infd.edu.ar\/sitio\/wp-content\/uploads\/2021\/06\/C-TMI.jpg 900w, https:\/\/isp60scc-sfe.infd.edu.ar\/sitio\/wp-content\/uploads\/2021\/06\/C-TMI-768x538.jpg 768w\" sizes=\"(max-width: 665px) 100vw, 665px\" \/><\/p>\n<h3><span style=\"color: #333399;\">Tareas desarrolladas<\/span><\/h3>\n<ul>\n<li>\n<h4>Reuniones con el Jefe de Carrera y docentes, para\u00a0coordinar horarios, conocer sus inquietudes y expectativas.<\/h4>\n<\/li>\n<li>\n<h4>Relevamiento del\u00a0 el uso de las TIC en el equipo docente de la carrea mediante un formulario Web.<\/h4>\n<\/li>\n<li>\n<h4>Capacitaci\u00f3n en Software de Ofim\u00e1tica mediante cursos.<\/h4>\n<\/li>\n<\/ul>\n","protected":false},"excerpt":{"rendered":"<p>Coordinaci\u00f3n Tecnol\u00f3gica de la carrera:\u00a0 \u201cT\u00e9cnico Superior en Gesti\u00f3n de las Organizaciones\u201d El Coordinador Tecnol\u00f3gico es, dentro de una Instituci\u00f3n Educativa, la persona encargada de promover el uso de las TIC en todos los niveles. Por esa raz\u00f3n es muy importante que pueda discernir cu\u00e1les son las herramientas m\u00e1s apropiadas para llevar a cabo una &#8230; <a title=\"Coordinaci\u00f3n Tecnol\u00f3gica: TMI\" class=\"read-more\" href=\"https:\/\/isp60scc-sfe.infd.edu.ar\/sitio\/tecnicatura-en-mantenimiento-industrial\/\" aria-label=\"More on Coordinaci\u00f3n Tecnol\u00f3gica: TMI\">[+]<\/a><\/p>\n","protected":false},"author":12,"featured_media":5921,"parent":0,"menu_order":0,"comment_status":"closed","ping_status":"closed","template":"","meta":[],"acf":[],"_links":{"self":[{"href":"https:\/\/isp60scc-sfe.infd.edu.ar\/sitio\/wp-json\/wp\/v2\/pages\/2495"}],"collection":[{"href":"https:\/\/isp60scc-sfe.infd.edu.ar\/sitio\/wp-json\/wp\/v2\/pages"}],"about":[{"href":"https:\/\/isp60scc-sfe.infd.edu.ar\/sitio\/wp-json\/wp\/v2\/types\/page"}],"author":[{"embeddable":true,"href":"https:\/\/isp60scc-sfe.infd.edu.ar\/sitio\/wp-json\/wp\/v2\/users\/12"}],"replies":[{"embeddable":true,"href":"https:\/\/isp60scc-sfe.infd.edu.ar\/sitio\/wp-json\/wp\/v2\/comments?post=2495"}],"version-history":[{"count":15,"href":"https:\/\/isp60scc-sfe.infd.edu.ar\/sitio\/wp-json\/wp\/v2\/pages\/2495\/revisions"}],"predecessor-version":[{"id":7171,"href":"https:\/\/isp60scc-sfe.infd.edu.ar\/sitio\/wp-json\/wp\/v2\/pages\/2495\/revisions\/7171"}],"wp:featuredmedia":[{"embeddable":true,"href":"https:\/\/isp60scc-sfe.infd.edu.ar\/sitio\/wp-json\/wp\/v2\/media\/5921"}],"wp:attachment":[{"href":"https:\/\/isp60scc-sfe.infd.edu.ar\/sitio\/wp-json\/wp\/v2\/media?parent=2495"}],"curies":[{"name":"wp","href":"https:\/\/api.w.org\/{rel}","templated":true}]}}