{"id":3572,"date":"2022-02-14T16:19:36","date_gmt":"2022-02-14T19:19:36","guid":{"rendered":"https:\/\/isp60scc-sfe.infd.edu.ar\/sitio\/?page_id=3572"},"modified":"2025-02-25T16:05:35","modified_gmt":"2025-02-25T19:05:35","slug":"carreras","status":"publish","type":"page","link":"https:\/\/isp60scc-sfe.infd.edu.ar\/sitio\/carreras\/","title":{"rendered":"Carreras"},"content":{"rendered":"\n<p class=\"has-vivid-cyan-blue-color has-text-color has-huge-font-size\"><strong>Conoce nuestra propuesta<\/strong><\/p>\n\n\n\n<div class=\"wp-block-media-text alignwide is-stacked-on-mobile is-vertically-aligned-top\"><figure class=\"wp-block-media-text__media\"><img decoding=\"async\" loading=\"lazy\" width=\"1900\" height=\"1069\" src=\"https:\/\/isp60scc-sfe.infd.edu.ar\/sitio\/wp-content\/uploads\/2022\/02\/Inicial-1900x1069.jpg\" alt=\"\" class=\"wp-image-3624 size-full\" srcset=\"https:\/\/isp60scc-sfe.infd.edu.ar\/sitio\/wp-content\/uploads\/2022\/02\/Inicial-1900x1069.jpg 1900w, https:\/\/isp60scc-sfe.infd.edu.ar\/sitio\/wp-content\/uploads\/2022\/02\/Inicial-1000x563.jpg 1000w, https:\/\/isp60scc-sfe.infd.edu.ar\/sitio\/wp-content\/uploads\/2022\/02\/Inicial-768x432.jpg 768w, https:\/\/isp60scc-sfe.infd.edu.ar\/sitio\/wp-content\/uploads\/2022\/02\/Inicial-1536x864.jpg 1536w, https:\/\/isp60scc-sfe.infd.edu.ar\/sitio\/wp-content\/uploads\/2022\/02\/Inicial.jpg 1920w\" sizes=\"(max-width: 1900px) 100vw, 1900px\" \/><\/figure><div class=\"wp-block-media-text__content\">\n<p class=\"has-medium-font-size\">La carrera propone:<\/p>\n\n\n\n<ul>\n<li>La comprensi\u00f3n de los fundamentos del trabajo docente y la apropiaci\u00f3n de lineamientos te\u00f3ricos y pr\u00e1cticos que permitan asumir el mismo como una pr\u00e1ctica pol\u00edtica, social, pedag\u00f3gica y cultural<\/li>\n\n\n\n<li>La construcci\u00f3n y desarrollo para el trabajo docente en diversos contextos -escolares\/socio-comunitarios- que requieran o posibiliten pr\u00e1cticas pedag\u00f3gicas.<\/li>\n\n\n\n<li>El abordaje de contenidos a ense\u00f1ar y su did\u00e1ctica (Matem\u00e1tica, Lengua y Literatura, Ciencias Naturales, Ciencias Sociales, \u00c1rea est\u00e9tico-expresiva) y las caracter\u00edsticas y problem\u00e1ticas del sujeto de la educaci\u00f3n inicial como del nivel.<\/li>\n<\/ul>\n\n\n\n<ul>\n<li><a href=\"https:\/\/isp60scc-sfe.infd.edu.ar\/sitio\/profesorado-de-educacion-inicial\/\">Plan de Estudios<\/a><\/li>\n\n\n\n<li><a href=\"https:\/\/isp60scc-sfe.infd.edu.ar\/sitio\/correlatividades-4\/\">Correlatividades<\/a><\/li>\n\n\n\n<li><a href=\"https:\/\/isp60scc-sfe.infd.edu.ar\/sitio\/conozca-el-profesorado-en-ed-inicial\/\">Con\u00f3zcanos m\u00e1s&#8230;<\/a><\/li>\n<\/ul>\n<\/div><\/div>\n\n\n\n<div style=\"height:100px\" aria-hidden=\"true\" class=\"wp-block-spacer\"><\/div>\n\n\n\n<p><\/p>\n\n\n\n<div class=\"wp-block-media-text alignwide is-stacked-on-mobile is-vertically-aligned-top\"><figure class=\"wp-block-media-text__media\"><img decoding=\"async\" loading=\"lazy\" width=\"1900\" height=\"1069\" src=\"https:\/\/isp60scc-sfe.infd.edu.ar\/sitio\/wp-content\/uploads\/2022\/02\/Primaria-1-1900x1069.jpg\" alt=\"\" class=\"wp-image-3622 size-full\" srcset=\"https:\/\/isp60scc-sfe.infd.edu.ar\/sitio\/wp-content\/uploads\/2022\/02\/Primaria-1-1900x1069.jpg 1900w, https:\/\/isp60scc-sfe.infd.edu.ar\/sitio\/wp-content\/uploads\/2022\/02\/Primaria-1-1000x563.jpg 1000w, https:\/\/isp60scc-sfe.infd.edu.ar\/sitio\/wp-content\/uploads\/2022\/02\/Primaria-1-768x432.jpg 768w, https:\/\/isp60scc-sfe.infd.edu.ar\/sitio\/wp-content\/uploads\/2022\/02\/Primaria-1-1536x864.jpg 1536w, https:\/\/isp60scc-sfe.infd.edu.ar\/sitio\/wp-content\/uploads\/2022\/02\/Primaria-1.jpg 1920w\" sizes=\"(max-width: 1900px) 100vw, 1900px\" \/><\/figure><div class=\"wp-block-media-text__content\">\n<p style=\"font-size:18px\">Este Profesorado forma docentes para desempe\u00f1arse en el Nivel Primario.<br>En la formaci\u00f3n se incluye el conocimiento del sistema educativo, el contexto hist\u00f3rico y social, la pedagog\u00eda, adem\u00e1s de las distintas \u00e1reas del conocimiento disciplinar necesarios. <\/p>\n\n\n\n<ul>\n<li><a href=\"https:\/\/isp60scc-sfe.infd.edu.ar\/sitio\/profesorado-de-educacion-primaria\/\">Plan de Estudios<\/a><\/li>\n\n\n\n<li><a href=\"https:\/\/isp60scc-sfe.infd.edu.ar\/sitio\/correlatividades-5\/\">Correlatividades<\/a><\/li>\n<\/ul>\n<\/div><\/div>\n\n\n\n<div style=\"height:100px\" aria-hidden=\"true\" class=\"wp-block-spacer\"><\/div>\n\n\n\n<div class=\"wp-block-media-text alignwide is-stacked-on-mobile is-vertically-aligned-top\"><figure class=\"wp-block-media-text__media\"><img decoding=\"async\" loading=\"lazy\" width=\"1900\" height=\"1069\" src=\"https:\/\/isp60scc-sfe.infd.edu.ar\/sitio\/wp-content\/uploads\/2024\/11\/Biologia-Carreras-1900x1069.png\" alt=\"\" class=\"wp-image-6384 size-full\" srcset=\"https:\/\/isp60scc-sfe.infd.edu.ar\/sitio\/wp-content\/uploads\/2024\/11\/Biologia-Carreras-1900x1069.png 1900w, https:\/\/isp60scc-sfe.infd.edu.ar\/sitio\/wp-content\/uploads\/2024\/11\/Biologia-Carreras-1000x563.png 1000w, https:\/\/isp60scc-sfe.infd.edu.ar\/sitio\/wp-content\/uploads\/2024\/11\/Biologia-Carreras-768x432.png 768w, https:\/\/isp60scc-sfe.infd.edu.ar\/sitio\/wp-content\/uploads\/2024\/11\/Biologia-Carreras-1536x864.png 1536w, https:\/\/isp60scc-sfe.infd.edu.ar\/sitio\/wp-content\/uploads\/2024\/11\/Biologia-Carreras.png 1920w\" sizes=\"(max-width: 1900px) 100vw, 1900px\" \/><\/figure><div class=\"wp-block-media-text__content\">\n<p style=\"font-size:18px\">El profesorado de Educaci\u00f3n Secundaria en Biolog\u00eda tiene como objetivo conocer las disciplinas b\u00e1sicas que integran el \u00e1rea curricular, que le permitan seleccionar, organizar, secuenciar y evaluar contenidos y actividades. Disponer de una fundamentaci\u00f3n te\u00f3rica y una actitud cr\u00edtica y reflexiva para el desarrollo de las ciencias. Evidenciar el manejo de procedimientos relacionados con los procesos de investigaci\u00f3n, planificaci\u00f3n y evaluaci\u00f3n de las estrategias de ense\u00f1anza.&nbsp;<\/p>\n\n\n\n<ul>\n<li><a href=\"https:\/\/isp60scc-sfe.infd.edu.ar\/sitio\/profesorado-de-educacion-secundaria-en-biologia\/\">Plan de Estudios<\/a><\/li>\n\n\n\n<li><a href=\"https:\/\/isp60scc-sfe.infd.edu.ar\/sitio\/correlatividades-2\/\">Correlatividades<\/a><\/li>\n\n\n\n<li><a href=\"https:\/\/isp60scc-sfe.infd.edu.ar\/sitio\/conozca-el-profesorado-de-biologia\/\">Con\u00f3zcanos m\u00e1s&#8230;<\/a><\/li>\n<\/ul>\n<\/div><\/div>\n\n\n\n<div style=\"height:100px\" aria-hidden=\"true\" class=\"wp-block-spacer\"><\/div>\n\n\n\n<div class=\"wp-block-media-text alignwide is-stacked-on-mobile is-vertically-aligned-top\"><figure class=\"wp-block-media-text__media\"><img decoding=\"async\" loading=\"lazy\" width=\"1900\" height=\"1069\" src=\"https:\/\/isp60scc-sfe.infd.edu.ar\/sitio\/wp-content\/uploads\/2022\/02\/Lengua-1900x1069.jpg\" alt=\"\" class=\"wp-image-3626 size-large\" srcset=\"https:\/\/isp60scc-sfe.infd.edu.ar\/sitio\/wp-content\/uploads\/2022\/02\/Lengua-1900x1069.jpg 1900w, https:\/\/isp60scc-sfe.infd.edu.ar\/sitio\/wp-content\/uploads\/2022\/02\/Lengua-1000x563.jpg 1000w, https:\/\/isp60scc-sfe.infd.edu.ar\/sitio\/wp-content\/uploads\/2022\/02\/Lengua-768x432.jpg 768w, https:\/\/isp60scc-sfe.infd.edu.ar\/sitio\/wp-content\/uploads\/2022\/02\/Lengua-1536x864.jpg 1536w, https:\/\/isp60scc-sfe.infd.edu.ar\/sitio\/wp-content\/uploads\/2022\/02\/Lengua.jpg 1920w\" sizes=\"(max-width: 1900px) 100vw, 1900px\" \/><\/figure><div class=\"wp-block-media-text__content\">\n<p style=\"font-size:18px\">El Profesorado busca formar un\/a docente con autoridad pedag\u00f3gica y disciplinar, con capacidad profesional y \u00e9tica para elaborar propuestas y situaciones de ense\u00f1anza que atiendan tanto a las necesidades de aprendizajes como a los contextos sociales, hist\u00f3ricos, ling\u00fc\u00edsticos y culturales que conforman la realidad. <\/p>\n\n\n\n<p style=\"font-size:18px\">La carrera propone un recorrido por las diferentes corrientes ling\u00fc\u00edsticas, el abordaje del lenguaje en relaci\u00f3n con el contexto de enunciaci\u00f3n y el sociocultural, y acerca a los estudiantes a las teor\u00edas que se ocupan del discurso y de las instancias en que \u00e9ste es producido.<\/p>\n\n\n\n<ul>\n<li><a href=\"https:\/\/isp60scc-sfe.infd.edu.ar\/sitio\/profesorado-en-lengua-y-literatura\/\">Plan de Estudios<\/a><\/li>\n\n\n\n<li><a href=\"https:\/\/isp60scc-sfe.infd.edu.ar\/sitio\/wp-content\/uploads\/2023\/04\/AnexoII-0514regimen-de-correlatividades-.pdf\">Correlatividades<\/a><\/li>\n<\/ul>\n<\/div><\/div>\n\n\n\n<div style=\"height:100px\" aria-hidden=\"true\" class=\"wp-block-spacer\"><\/div>\n\n\n\n<div class=\"wp-block-media-text alignwide is-stacked-on-mobile is-vertically-aligned-top\"><figure class=\"wp-block-media-text__media\"><img decoding=\"async\" loading=\"lazy\" width=\"1900\" height=\"1069\" src=\"https:\/\/isp60scc-sfe.infd.edu.ar\/sitio\/wp-content\/uploads\/2023\/04\/Profesorado-Historia-1900x1069.png\" alt=\"\" class=\"wp-image-4551 size-full\" srcset=\"https:\/\/isp60scc-sfe.infd.edu.ar\/sitio\/wp-content\/uploads\/2023\/04\/Profesorado-Historia-1900x1069.png 1900w, https:\/\/isp60scc-sfe.infd.edu.ar\/sitio\/wp-content\/uploads\/2023\/04\/Profesorado-Historia-1000x563.png 1000w, https:\/\/isp60scc-sfe.infd.edu.ar\/sitio\/wp-content\/uploads\/2023\/04\/Profesorado-Historia-768x432.png 768w, https:\/\/isp60scc-sfe.infd.edu.ar\/sitio\/wp-content\/uploads\/2023\/04\/Profesorado-Historia-1536x864.png 1536w, https:\/\/isp60scc-sfe.infd.edu.ar\/sitio\/wp-content\/uploads\/2023\/04\/Profesorado-Historia.png 1920w\" sizes=\"(max-width: 1900px) 100vw, 1900px\" \/><\/figure><div class=\"wp-block-media-text__content\">\n<p style=\"font-size:18px\">El Profesorado de Historia tiene como objetivo principal formar docentes&nbsp; competentes en la ense\u00f1anza de la historia, con s\u00f3lidos conocimientos pedag\u00f3gicos y did\u00e1cticos,&nbsp;atentos a los cambios y transformaciones propios de nuestra&nbsp;tarea cotidiana y comprometidos con la realidad sociocultural del presente de nuestro pa\u00eds y la regi\u00f3n, con un perfil abierto a las necesidades de los otros en el mundo que nos toca transitar. <\/p>\n\n\n\n<p style=\"font-size:18px\"><\/p>\n\n\n\n<ul>\n<li><a href=\"https:\/\/isp60scc-sfe.infd.edu.ar\/sitio\/profesorado-de-educacion-secundaria-en-historia\/\">Plan de Estudios<\/a><\/li>\n\n\n\n<li><a href=\"https:\/\/isp60scc-sfe.infd.edu.ar\/sitio\/wp-content\/uploads\/2023\/04\/DC-Historia-REGIMEN-de-CORRELATIVIDADES_preliminar.pdf\">Correlatividades<\/a><\/li>\n\n\n\n<li><a href=\"https:\/\/isp60scc-sfe.infd.edu.ar\/sitio\/conozca-el-profesorado-en-historia\">Con\u00f3zcanos m\u00e1s&#8230;<\/a><\/li>\n<\/ul>\n<\/div><\/div>\n\n\n\n<p><\/p>\n\n\n\n<div style=\"height:100px\" aria-hidden=\"true\" class=\"wp-block-spacer\"><\/div>\n\n\n\n<div class=\"wp-block-media-text alignwide is-stacked-on-mobile\"><figure class=\"wp-block-media-text__media\"><img decoding=\"async\" loading=\"lazy\" width=\"1900\" height=\"1069\" src=\"https:\/\/isp60scc-sfe.infd.edu.ar\/sitio\/wp-content\/uploads\/2023\/02\/Tec-Gestion-1-1900x1069.jpg\" alt=\"\" class=\"wp-image-4306 size-full\" srcset=\"https:\/\/isp60scc-sfe.infd.edu.ar\/sitio\/wp-content\/uploads\/2023\/02\/Tec-Gestion-1-1900x1069.jpg 1900w, https:\/\/isp60scc-sfe.infd.edu.ar\/sitio\/wp-content\/uploads\/2023\/02\/Tec-Gestion-1-1000x563.jpg 1000w, https:\/\/isp60scc-sfe.infd.edu.ar\/sitio\/wp-content\/uploads\/2023\/02\/Tec-Gestion-1-768x432.jpg 768w, https:\/\/isp60scc-sfe.infd.edu.ar\/sitio\/wp-content\/uploads\/2023\/02\/Tec-Gestion-1-1536x864.jpg 1536w, https:\/\/isp60scc-sfe.infd.edu.ar\/sitio\/wp-content\/uploads\/2023\/02\/Tec-Gestion-1.jpg 1920w\" sizes=\"(max-width: 1900px) 100vw, 1900px\" \/><\/figure><div class=\"wp-block-media-text__content\">\n<p>Esta Tecnicatura tiene como fin formar t\u00e9cnicos superiores para desempe\u00f1arse en diversas \u00e1reas de las organizaciones y\/o crear nuevos emprendimientos, sean estos nuevos productores de bienes, prestadores de servicios p\u00fablicos, privados o a la comunidad;&nbsp;permiti\u00e9ndole esta&nbsp;formaci\u00f3n implementar, evaluar, organizar y conducir el talento humano para la optimizaci\u00f3n de los diversos sistemas y procesos que componen la&nbsp;organizaci\u00f3n.<\/p>\n\n\n\n<ul>\n<li><a href=\"https:\/\/isp60scc-sfe.infd.edu.ar\/sitio\/plan-tecnico-superior-en-gestion-de-las-organizaciones\/\">Plan de Estudios<\/a><\/li>\n\n\n\n<li><a href=\"https:\/\/isp60scc-sfe.infd.edu.ar\/sitio\/correlatividades-tgo\/\">Correlatividades<\/a><\/li>\n<\/ul>\n<\/div><\/div>\n","protected":false},"excerpt":{"rendered":"<p>Conoce nuestra propuesta<\/p>\n","protected":false},"author":12,"featured_media":6653,"parent":0,"menu_order":0,"comment_status":"closed","ping_status":"closed","template":"","meta":[],"acf":[],"_links":{"self":[{"href":"https:\/\/isp60scc-sfe.infd.edu.ar\/sitio\/wp-json\/wp\/v2\/pages\/3572"}],"collection":[{"href":"https:\/\/isp60scc-sfe.infd.edu.ar\/sitio\/wp-json\/wp\/v2\/pages"}],"about":[{"href":"https:\/\/isp60scc-sfe.infd.edu.ar\/sitio\/wp-json\/wp\/v2\/types\/page"}],"author":[{"embeddable":true,"href":"https:\/\/isp60scc-sfe.infd.edu.ar\/sitio\/wp-json\/wp\/v2\/users\/12"}],"replies":[{"embeddable":true,"href":"https:\/\/isp60scc-sfe.infd.edu.ar\/sitio\/wp-json\/wp\/v2\/comments?post=3572"}],"version-history":[{"count":38,"href":"https:\/\/isp60scc-sfe.infd.edu.ar\/sitio\/wp-json\/wp\/v2\/pages\/3572\/revisions"}],"predecessor-version":[{"id":6656,"href":"https:\/\/isp60scc-sfe.infd.edu.ar\/sitio\/wp-json\/wp\/v2\/pages\/3572\/revisions\/6656"}],"wp:featuredmedia":[{"embeddable":true,"href":"https:\/\/isp60scc-sfe.infd.edu.ar\/sitio\/wp-json\/wp\/v2\/media\/6653"}],"wp:attachment":[{"href":"https:\/\/isp60scc-sfe.infd.edu.ar\/sitio\/wp-json\/wp\/v2\/media?parent=3572"}],"curies":[{"name":"wp","href":"https:\/\/api.w.org\/{rel}","templated":true}]}}