{"id":4049,"date":"2022-06-21T15:00:22","date_gmt":"2022-06-21T18:00:22","guid":{"rendered":"https:\/\/isp60scc-sfe.infd.edu.ar\/sitio\/?page_id=4049"},"modified":"2022-06-21T15:13:08","modified_gmt":"2022-06-21T18:13:08","slug":"recomendaciones-foros-chat-mensajeria","status":"publish","type":"page","link":"https:\/\/isp60scc-sfe.infd.edu.ar\/sitio\/recomendaciones-foros-chat-mensajeria\/","title":{"rendered":"Recomendaciones Foros &#8211; Chat &#8211; Mensajer\u00eda"},"content":{"rendered":"\n<p class=\"has-vivid-cyan-blue-color has-text-color has-large-font-size\"><strong>Recomendaciones: Foros &#8211; Chat &#8211; Mensajer\u00eda<\/strong><\/p>\n\n\n\n<div class=\"wp-block-image is-style-default\"><figure class=\"alignright is-resized\"><img decoding=\"async\" loading=\"lazy\" src=\"https:\/\/images.unsplash.com\/photo-1516321165247-4aa89a48be28?ixlib=rb-1.2.1&amp;ixid=MnwxMjA3fDB8MHxwaG90by1wYWdlfHx8fGVufDB8fHx8&amp;auto=format&amp;fit=crop&amp;w=1000&amp;q=80\" alt=\"persona que usa una computadora port\u00e1til plateada en el escritorio\" width=\"500\" height=\"315\"\/><\/figure><\/div>\n\n\n\n<p class=\"has-medium-font-size\">Cada uno de los espacios de intercambio tiene su especificidad, te dejamos algunas recomendaciones.\u00a0<\/p>\n\n\n\n<p><\/p>\n\n\n\n<p class=\"has-large-font-size\"><strong>Foros<\/strong><\/p>\n\n\n\n<p>El foro virtual es una herramienta que habilitan el intercambio de opiniones y donde cada participante suma sus propias experiencias, argumenta y fundamenta sus respuestas o aportes. En ellos puedes compartir preguntas, ideas y puntos de vista acerca de los temas planteados y de las distintas actividades que vayan realizando.<\/p>\n\n\n\n<p>Su car\u00e1cter asincr\u00f3nico est\u00e1 dado, precisamente, por esta caracter\u00edstica de no simultaneidad en el tiempo del intercambio, lo que promueve una din\u00e1mica de trabajo que demanda mayor dedicaci\u00f3n y m\u00e1s tiempo, para acostumbrarse a la revisi\u00f3n y a la participaci\u00f3n diaria en las actividades y discusiones.<\/p>\n\n\n\n<figure class=\"wp-block-table\"><table><tbody><tr><td><img decoding=\"async\" loading=\"lazy\" width=\"80\" height=\"80\" src=\"https:\/\/aulainfod1.infd.edu.ar\/archivos\/repositorio\/1500\/1613\/ico-2022-observar.png\" alt=\"\"><\/td><td>Despu\u00e9s de publicar tu respuesta en un foro, puedes pulsar el bot\u00f3n Editar para modificarla. Tienes un lapso de 15 minutos para hacerlo.<\/td><\/tr><\/tbody><\/table><\/figure>\n\n\n\n<div style=\"height:62px\" aria-hidden=\"true\" class=\"wp-block-spacer\"><\/div>\n\n\n\n<p><\/p>\n\n\n\n<p class=\"has-large-font-size\"><strong>Chat<\/strong><\/p>\n\n\n\n<p class=\"has-medium-font-size\">Desde la secci\u00f3n Chat puedes iniciar conversaciones p\u00fablicas y privadas con tus colegas de forma sincr\u00f3nica, es decir, con aquellos\/as que est\u00e9n en l\u00ednea en el mismo momento. Su sentido principal es facilitar la comunicaci\u00f3n para, por ejemplo, ponerse de acuerdo sobre un trabajo grupal, conversar con quienes se est\u00e9n desempe\u00f1ando en un grado o \u00e1rea similar a la propia, despejar una duda en el momento, entre otras.<\/p>\n\n\n\n<figure class=\"wp-block-table\"><table><tbody><tr><td><img decoding=\"async\" loading=\"lazy\" width=\"80\" height=\"80\" src=\"https:\/\/aulainfod1.infd.edu.ar\/archivos\/repositorio\/1500\/1613\/ico-2022-observar.png\" alt=\"\"><\/td><td>Si formas parte de un grupo, el grupo tiene su espacio privado de Chat. El\/la tutor\/a es el moderador de todos los espacios.<\/td><\/tr><\/tbody><\/table><\/figure>\n\n\n\n<div style=\"height:57px\" aria-hidden=\"true\" class=\"wp-block-spacer\"><\/div>\n\n\n\n<p><\/p>\n\n\n\n<p class=\"has-large-font-size\"><strong>Mensajer\u00eda<\/strong><\/p>\n\n\n\n<p class=\"has-medium-font-size\">Es importante usar el correo dentro del aula para comunicarse con el\/la tutor\/a, en lugar del correo personal (el que usan para comunicarse habitualmente por fuera del campus).<\/p>\n\n\n\n<p class=\"has-medium-font-size\">Para escribir un mensaje no se requieren de direcciones de correo, simplemente se seleccionan el o los nombres de los destinatarios de la lista de usuarios.<\/p>\n\n\n\n<p class=\"has-medium-font-size\">Cuando se env\u00eda un correo dentro del aula, el sistema dispara una notificaci\u00f3n de correo recibido a la cuenta de correo personal del destinatario. Es decir, que recibir\u00e1 un aviso en la cuenta de gmail, yahoo, hotmail, etc., diciendo que NN le envi\u00f3 un correo en el aula virtual.<\/p>\n\n\n\n<p class=\"has-medium-font-size\">Para leer ese correo, o para responderlo, es necesario ingresar a la secci\u00f3n Mensajer\u00eda del aula.&nbsp;<\/p>\n\n\n\n<figure class=\"wp-block-table\"><table><tbody><tr><td><img decoding=\"async\" loading=\"lazy\" width=\"80\" height=\"80\" src=\"https:\/\/aulainfod1.infd.edu.ar\/archivos\/repositorio\/1500\/1613\/ico-2022-observar.png\" alt=\"\"><\/td><td>No adjuntes archivos pesados (m\u00e1s de 10 Mb) a un correo. Los archivos pesados se pueden cargar en alguno de los repositorios conocidos como Drive, OneDrive, Dropbox, etc, y luego compartir mediante un link en cualquiera de los espacios del aula virtual.<\/td><\/tr><\/tbody><\/table><figcaption>Fuente INFOD<\/figcaption><\/figure>\n","protected":false},"excerpt":{"rendered":"<p>Recomendaciones: Foros &#8211; Chat &#8211; Mensajer\u00eda Cada uno de los espacios de intercambio tiene su especificidad, te dejamos algunas recomendaciones.\u00a0 Foros El foro virtual es una herramienta que habilitan el intercambio de opiniones y donde cada participante suma sus propias experiencias, argumenta y fundamenta sus respuestas o aportes. En ellos puedes compartir preguntas, ideas y &#8230; <a title=\"Recomendaciones Foros &#8211; Chat &#8211; Mensajer\u00eda\" class=\"read-more\" href=\"https:\/\/isp60scc-sfe.infd.edu.ar\/sitio\/recomendaciones-foros-chat-mensajeria\/\" aria-label=\"More on Recomendaciones Foros &#8211; Chat &#8211; Mensajer\u00eda\">[+]<\/a><\/p>\n","protected":false},"author":12,"featured_media":0,"parent":0,"menu_order":0,"comment_status":"closed","ping_status":"closed","template":"","meta":[],"acf":[],"_links":{"self":[{"href":"https:\/\/isp60scc-sfe.infd.edu.ar\/sitio\/wp-json\/wp\/v2\/pages\/4049"}],"collection":[{"href":"https:\/\/isp60scc-sfe.infd.edu.ar\/sitio\/wp-json\/wp\/v2\/pages"}],"about":[{"href":"https:\/\/isp60scc-sfe.infd.edu.ar\/sitio\/wp-json\/wp\/v2\/types\/page"}],"author":[{"embeddable":true,"href":"https:\/\/isp60scc-sfe.infd.edu.ar\/sitio\/wp-json\/wp\/v2\/users\/12"}],"replies":[{"embeddable":true,"href":"https:\/\/isp60scc-sfe.infd.edu.ar\/sitio\/wp-json\/wp\/v2\/comments?post=4049"}],"version-history":[{"count":5,"href":"https:\/\/isp60scc-sfe.infd.edu.ar\/sitio\/wp-json\/wp\/v2\/pages\/4049\/revisions"}],"predecessor-version":[{"id":4061,"href":"https:\/\/isp60scc-sfe.infd.edu.ar\/sitio\/wp-json\/wp\/v2\/pages\/4049\/revisions\/4061"}],"wp:attachment":[{"href":"https:\/\/isp60scc-sfe.infd.edu.ar\/sitio\/wp-json\/wp\/v2\/media?parent=4049"}],"curies":[{"name":"wp","href":"https:\/\/api.w.org\/{rel}","templated":true}]}}