{"id":4067,"date":"2022-06-23T15:31:16","date_gmt":"2022-06-23T18:31:16","guid":{"rendered":"https:\/\/isp60scc-sfe.infd.edu.ar\/sitio\/?page_id=4067"},"modified":"2024-08-21T17:32:04","modified_gmt":"2024-08-21T20:32:04","slug":"proyectos-institucionales","status":"publish","type":"page","link":"https:\/\/isp60scc-sfe.infd.edu.ar\/sitio\/proyectos-institucionales\/","title":{"rendered":"Proyectos Institucionales"},"content":{"rendered":"\n<h3 class=\"wp-block-heading\">La Importancia de Nuestros Proyectos Institucionales<\/h3>\n\n\n<div class=\"wp-block-image\">\n<figure class=\"alignright size-full is-resized\"><img decoding=\"async\" loading=\"lazy\" src=\"https:\/\/isp60scc-sfe.infd.edu.ar\/sitio\/wp-content\/uploads\/2024\/08\/image.png\" alt=\"\" class=\"wp-image-6132\" width=\"436\" height=\"291\"\/><\/figure><\/div>\n\n\n<p class=\"has-text-align-left has-medium-font-size\">En nuestra instituci\u00f3n, creemos que el desarrollo de proyectos es clave para el crecimiento y la innovaci\u00f3n continua. Estos proyectos no solo permiten a nuestros estudiantes y docentes aplicar los conocimientos adquiridos en un entorno real, sino que tambi\u00e9n impulsan avances significativos en diversas \u00e1reas del conocimiento.<\/p>\n\n\n\n<p class=\"has-text-align-left has-medium-font-size\">Cada proyecto es una oportunidad para fomentar la colaboraci\u00f3n interdisciplinaria, explorar nuevas ideas y encontrar soluciones a los desaf\u00edos actuales. Adem\u00e1s, el impacto de estos proyectos trasciende nuestras aulas, contribuyendo al desarrollo social, econ\u00f3mico y tecnol\u00f3gico de nuestra comunidad y m\u00e1s all\u00e1.<\/p>\n\n\n\n<p class=\"has-text-align-left has-medium-font-size\">Apoyar y participar en estos proyectos es esencial para mantenernos a la vanguardia en la educaci\u00f3n y la investigaci\u00f3n. Por ello, invitamos a toda la comunidad acad\u00e9mica a involucrarse activamente en estas iniciativas y a seguir fortaleciendo el legado de excelencia que nos distingue.<\/p>\n\n\n\n<div style=\"height:100px\" aria-hidden=\"true\" class=\"wp-block-spacer\"><\/div>\n\n\n<div class=\"wp-block-image\">\n<figure class=\"aligncenter size-full\"><img decoding=\"async\" loading=\"lazy\" width=\"494\" height=\"93\" src=\"https:\/\/isp60scc-sfe.infd.edu.ar\/sitio\/wp-content\/uploads\/2023\/06\/Proyectos-2023.png\" alt=\"\" class=\"wp-image-4588\"\/><\/figure><\/div>\n\n\n<p class=\"has-luminous-vivid-orange-color has-text-color has-large-font-size\"><strong>Fortalecimiento a las Trayectorias Estudiantiles<\/strong><\/p>\n\n\n\n<pre class=\"wp-block-preformatted has-medium-font-size\"><a href=\"https:\/\/isp60scc-sfe.infd.edu.ar\/sitio\/wp-content\/uploads\/2023\/06\/Proyecto-Acompanamiento-a-las-trayectorias-estudiantiles-del-Profesorado-de-Educacion-Superior-en-Historia-.docx.pdf\"><strong>Acompa\u00f1amiento de las trayectorias estudiantiles del Profesorado de Educaci\u00f3n Superior en Historia<\/strong> <strong>- <\/strong>Salom\u00f3n, P.<\/a><\/pre>\n\n\n\n<div style=\"height:64px\" aria-hidden=\"true\" class=\"wp-block-spacer\"><\/div>\n\n\n\n<p class=\"has-luminous-vivid-orange-color has-text-color has-large-font-size\"><strong>Fortalecimiento a la<\/strong> <strong>Tecnicatura en Gesti\u00f3n de las Organizaciones<\/strong><\/p>\n\n\n\n<pre id=\"block-40f159bc-2e92-49ae-9f40-fe8b08739267\" class=\"wp-block-preformatted has-medium-font-size\"><strong><a href=\"https:\/\/isp60scc-sfe.infd.edu.ar\/sitio\/wp-content\/uploads\/2023\/06\/Capovilla-C-propuesta-horas-fid.pdf\">Fortalecimiento  a la carrera:  Tecnicatura en Gesti\u00f3n de las Organizaciones -  <\/a><\/strong><a href=\"https:\/\/isp60scc-sfe.infd.edu.ar\/sitio\/wp-content\/uploads\/2023\/06\/Capovilla-C-propuesta-horas-fid.pdf\">Capovilla, C<\/a><\/pre>\n\n\n\n<div style=\"height:64px\" aria-hidden=\"true\" class=\"wp-block-spacer\"><\/div>\n\n\n\n<p class=\"has-luminous-vivid-orange-color has-text-color has-large-font-size\"><strong>Proyectos de Coordinaci\u00f3n Tecnol\u00f3gica<\/strong><\/p>\n\n\n<div class=\"wp-block-image\">\n<figure class=\"alignright size-large is-resized\"><img decoding=\"async\" loading=\"lazy\" src=\"https:\/\/isp60scc-sfe.infd.edu.ar\/sitio\/wp-content\/uploads\/2022\/06\/Grupo-Proyecto-1900x1268.jpg\" alt=\"\" class=\"wp-image-4111\" width=\"475\" height=\"317\" srcset=\"https:\/\/isp60scc-sfe.infd.edu.ar\/sitio\/wp-content\/uploads\/2022\/06\/Grupo-Proyecto-1900x1268.jpg 1900w, https:\/\/isp60scc-sfe.infd.edu.ar\/sitio\/wp-content\/uploads\/2022\/06\/Grupo-Proyecto-1000x667.jpg 1000w, https:\/\/isp60scc-sfe.infd.edu.ar\/sitio\/wp-content\/uploads\/2022\/06\/Grupo-Proyecto-768x513.jpg 768w, https:\/\/isp60scc-sfe.infd.edu.ar\/sitio\/wp-content\/uploads\/2022\/06\/Grupo-Proyecto-1536x1025.jpg 1536w, https:\/\/isp60scc-sfe.infd.edu.ar\/sitio\/wp-content\/uploads\/2022\/06\/Grupo-Proyecto-2048x1367.jpg 2048w\" sizes=\"(max-width: 475px) 100vw, 475px\" \/><\/figure><\/div>\n\n\n<pre class=\"wp-block-preformatted has-medium-font-size\"><a href=\"https:\/\/isp60scc-sfe.infd.edu.ar\/sitio\/wp-content\/uploads\/2023\/06\/Coordinacion-Tecnologica-Webmaster-ISP60.pdf\"><strong>Administraci\u00f3n Sitio Web y Campus Virtual - <strong>Coordinaci\u00f3n Tecnol\u00f3gica para los Profesorados de Inicial y Primaria<\/strong><\/strong> <strong>- <\/strong>Gonz\u00e1lez, L.<\/a><\/pre>\n\n\n\n<pre class=\"wp-block-preformatted has-medium-font-size\"><strong><a href=\"https:\/\/isp60scc-sfe.infd.edu.ar\/sitio\/wp-content\/uploads\/2023\/06\/Proyecto-Coordinador-Tecnologico-Colasso-Cristian.pdf\"><strong>Coordinaci\u00f3n Tecnol\u00f3gica para los Profesorados de Nivel Secundario<\/strong> <strong>- <\/strong><\/a><\/strong><a href=\"https:\/\/isp60scc-sfe.infd.edu.ar\/sitio\/wp-content\/uploads\/2023\/06\/Proyecto-Coordinador-Tecnologico-Colasso-Cristian.pdf\">Colasso, C.<\/a><\/pre>\n\n\n\n<pre class=\"wp-block-preformatted has-medium-font-size\"><strong><a href=\"https:\/\/isp60scc-sfe.infd.edu.ar\/sitio\/wp-content\/uploads\/2023\/06\/Proyecto-Coordinacion-Tecnologica-Stanich.pdf\">Coordinaci\u00f3n Tecnol\u00f3gica para las Tecnicaturas en Mantenimiento Industrial y Gesti\u00f3n de las Organizaciones - <\/a><\/strong><a href=\"https:\/\/isp60scc-sfe.infd.edu.ar\/sitio\/wp-content\/uploads\/2023\/06\/Proyecto-Coordinacion-Tecnologica-Stanich.pdf\">Stanich, M.<\/a><\/pre>\n\n\n\n<div style=\"height:57px\" aria-hidden=\"true\" class=\"wp-block-spacer\"><\/div>\n\n\n\n<p><\/p>\n\n\n\n<p class=\"has-luminous-vivid-orange-color has-text-color has-large-font-size\"><strong>Proyectos Espec\u00edficos<\/strong><\/p>\n\n\n\n<pre id=\"block-3d664b95-d410-4277-83ee-22064cb4dfd9\" class=\"wp-block-preformatted has-medium-font-size\"><strong><a href=\"https:\/\/isp60scc-sfe.infd.edu.ar\/sitio\/wp-content\/uploads\/2023\/06\/Proyecto-Cine-Debate.pdf\">Proyecto Cine-Debate \u201cA 40 a\u00f1os de la reconstrucci\u00f3n de la democracia argentina\" <\/a><\/strong><a href=\"https:\/\/isp60scc-sfe.infd.edu.ar\/sitio\/wp-content\/uploads\/2023\/06\/Proyecto-Cine-Debate.pdf\">- Salom\u00f3n, P.<\/a><strong> <\/strong><\/pre>\n\n\n\n<pre id=\"block-3d664b95-d410-4277-83ee-22064cb4dfd9\" class=\"wp-block-preformatted has-medium-font-size\"><strong><a href=\"https:\/\/isp60scc-sfe.infd.edu.ar\/sitio\/wp-content\/uploads\/2023\/06\/Proyecto-de-relevamiento-estudiantil-2023.pdf\">Proyecto de Relevamiento Estudiantil <\/a><\/strong><a href=\"https:\/\/isp60scc-sfe.infd.edu.ar\/sitio\/wp-content\/uploads\/2023\/06\/Proyecto-de-relevamiento-estudiantil-2023.pdf\">- Farias, D.<\/a><\/pre>\n\n\n\n<pre id=\"block-3d664b95-d410-4277-83ee-22064cb4dfd9\" class=\"wp-block-preformatted has-medium-font-size\"><strong><a href=\"https:\/\/isp60scc-sfe.infd.edu.ar\/sitio\/wp-content\/uploads\/2023\/06\/Proyecto-Promocion-Prof.-Historia.pdf\">Proyecto de Promoci\u00f3n del Profesorado de ed. Secundaria en Historia <\/a><\/strong><a href=\"https:\/\/isp60scc-sfe.infd.edu.ar\/sitio\/wp-content\/uploads\/2023\/06\/Proyecto-Promocion-Prof.-Historia.pdf\">- Pietroni y Salom\u00f3n<\/a><\/pre>\n\n\n\n<pre id=\"block-3d664b95-d410-4277-83ee-22064cb4dfd9\" class=\"wp-block-preformatted has-medium-font-size\"><a href=\"https:\/\/isp60scc-sfe.infd.edu.ar\/sitio\/wp-content\/uploads\/2023\/06\/Proyecto-jornadas-de-acompaniamiento-de-escuelas-asociadas.pdf\"><strong>Jornadas de acompa\u00f1amiento en el \u00e1rea de Matem\u00e1ticas a docentes del nivel primario<\/strong> - Farias, D<\/a><\/pre>\n\n\n\n<pre id=\"block-3d664b95-d410-4277-83ee-22064cb4dfd9\" class=\"wp-block-preformatted has-medium-font-size\"><a href=\"https:\/\/isp60scc-sfe.infd.edu.ar\/sitio\/wp-content\/uploads\/2023\/06\/Proyecto-Viaje-Historia.pdf\"><strong>Viaje de estudio \u201cLa experiencia de visitar museos y sitios hist\u00f3ricos como otra forma de conocimiento\u201d<\/strong> - Escobar, Pontarelli, Salom\u00f3n<\/a><\/pre>\n\n\n\n<pre id=\"block-3d664b95-d410-4277-83ee-22064cb4dfd9\" class=\"wp-block-preformatted\"><strong>OTROS<\/strong><\/pre>\n\n\n\n<div style=\"height:99px\" aria-hidden=\"true\" class=\"wp-block-spacer\"><\/div>\n\n\n\n<hr class=\"wp-block-separator has-alpha-channel-opacity\"\/>\n\n\n\n<div style=\"height:46px\" aria-hidden=\"true\" class=\"wp-block-spacer\"><\/div>\n\n\n<div class=\"wp-block-image\">\n<figure class=\"aligncenter size-full\"><img decoding=\"async\" loading=\"lazy\" width=\"502\" height=\"102\" src=\"https:\/\/isp60scc-sfe.infd.edu.ar\/sitio\/wp-content\/uploads\/2023\/06\/Proyectos-2022.png\" alt=\"\" class=\"wp-image-4585\" srcset=\"https:\/\/isp60scc-sfe.infd.edu.ar\/sitio\/wp-content\/uploads\/2023\/06\/Proyectos-2022.png 502w, https:\/\/isp60scc-sfe.infd.edu.ar\/sitio\/wp-content\/uploads\/2023\/06\/Proyectos-2022-500x102.png 500w\" sizes=\"(max-width: 502px) 100vw, 502px\" \/><\/figure><\/div>\n\n\n<p class=\"has-luminous-vivid-orange-color has-text-color has-large-font-size\"><strong>Fortalecimiento a las Trayectorias Estudiantiles<\/strong><\/p>\n\n\n<div class=\"wp-block-image is-style-default\">\n<figure class=\"alignright size-large is-resized\"><img decoding=\"async\" loading=\"lazy\" src=\"https:\/\/isp60scc-sfe.infd.edu.ar\/sitio\/wp-content\/uploads\/2022\/06\/Alumnos2.jpeg\" alt=\"\" class=\"wp-image-4129\" width=\"453\" height=\"176\"\/><\/figure><\/div>\n\n\n<pre class=\"wp-block-preformatted\"><a href=\"https:\/\/isp60scc-sfe.infd.edu.ar\/sitio\/wp-content\/uploads\/2022\/04\/Horario-PROFESORADO-ED.-INICIAL-2022.pdf\"><\/a><strong><a href=\"https:\/\/isp60scc-sfe.infd.edu.ar\/sitio\/wp-content\/uploads\/2022\/06\/Acompanamiento-a-las-trayectorias-2022-Diego-Pontarelli.pdf\"><strong>Propuesta de Fortalecimiento a las Trayectorias Estudiantiles - Pontarelli<\/strong>, D<\/a><\/strong><\/pre>\n\n\n\n<pre class=\"wp-block-preformatted\"><strong><strong><a href=\"https:\/\/isp60scc-sfe.infd.edu.ar\/sitio\/wp-content\/uploads\/2022\/06\/Farias-2.pdf\">Propuesta de Acompa\u00f1amiento Institucional en la Preparaci\u00f3n de Ex\u00e1menes de Matem\u00e1tica - Farias, D.<\/a><\/strong><\/strong><\/pre>\n\n\n\n<pre id=\"block-cff8f8a0-b1fa-4552-9f15-1de570ac68c9\" class=\"wp-block-preformatted\"><strong><a href=\"https:\/\/isp60scc-sfe.infd.edu.ar\/sitio\/wp-content\/uploads\/2022\/06\/Farias-1.pdf\">Relevamiento Estad\u00edstico y Seguimiento de Estudiantes de distintas Cohortes  - Farias, D.<\/a><\/strong><\/pre>\n\n\n\n<pre class=\"wp-block-preformatted\"><strong><a href=\"https:\/\/isp60scc-sfe.infd.edu.ar\/sitio\/wp-content\/uploads\/2022\/06\/Proyecto-12-05-22-Campitelli.pdf\">Propuesta de Acompa\u00f1amiento a las Trayectorias \u00e1reas de Ciencias Naturales - Campitelli, E.<\/a><\/strong><\/pre>\n\n\n\n<figure class=\"wp-block-embed is-type-video is-provider-youtube wp-block-embed-youtube wp-embed-aspect-16-9 wp-has-aspect-ratio\"><div class=\"wp-block-embed__wrapper\">\n<iframe loading=\"lazy\" title=\"Proyecto Campitelli - 2022\" width=\"1200\" height=\"675\" src=\"https:\/\/www.youtube.com\/embed\/epq_KrDghms?feature=oembed\" frameborder=\"0\" allow=\"accelerometer; autoplay; clipboard-write; encrypted-media; gyroscope; picture-in-picture; web-share\" referrerpolicy=\"strict-origin-when-cross-origin\" allowfullscreen><\/iframe>\n<\/div><\/figure>\n\n\n\n<p><\/p>\n\n\n\n<div style=\"height:63px\" aria-hidden=\"true\" class=\"wp-block-spacer\"><\/div>\n\n\n\n<pre class=\"wp-block-preformatted\"><strong><a href=\"https:\/\/isp60scc-sfe.infd.edu.ar\/sitio\/wp-content\/uploads\/2022\/06\/proyecto-Lagger.pdf\">Propuesta de Acompa\u00f1amiento a las Trayectorias \u00e1reas de Ciencias Naturales - Lagger, S.<\/a><\/strong><\/pre>\n\n\n\n<figure class=\"wp-block-embed is-type-video is-provider-youtube wp-block-embed-youtube wp-embed-aspect-16-9 wp-has-aspect-ratio\"><div class=\"wp-block-embed__wrapper\">\n<iframe loading=\"lazy\" title=\"Proyecto Lagger,S - 2022\" width=\"1200\" height=\"675\" src=\"https:\/\/www.youtube.com\/embed\/9e9ROBnkoEs?feature=oembed\" frameborder=\"0\" allow=\"accelerometer; autoplay; clipboard-write; encrypted-media; gyroscope; picture-in-picture; web-share\" referrerpolicy=\"strict-origin-when-cross-origin\" allowfullscreen><\/iframe>\n<\/div><\/figure>\n\n\n\n<div style=\"height:60px\" aria-hidden=\"true\" class=\"wp-block-spacer\"><\/div>\n\n\n\n<p><\/p>\n\n\n\n<p class=\"has-luminous-vivid-orange-color has-text-color has-large-font-size\"><strong>Fortalecimiento a la<\/strong> <strong>Tecnicatura en Mantenimiento Industrial<\/strong><\/p>\n\n\n\n<pre id=\"block-40f159bc-2e92-49ae-9f40-fe8b08739267\" class=\"wp-block-preformatted\"><strong><a href=\"https:\/\/isp60scc-sfe.infd.edu.ar\/sitio\/wp-content\/uploads\/2022\/06\/Proyecto-de-Fortalecimiento-a-la-tecnicatura.pdf\">Fortalecimiento  a la carrera:  Tecnicatura en Mantenimiento Industrial - Docentes 3er A\u00f1o TMI y Capovilla, C<\/a><\/strong><\/pre>\n\n\n\n<pre id=\"block-31a1e9e8-4d34-4ae9-8202-8488da741f17\" class=\"wp-block-preformatted\"><strong><a href=\"https:\/\/isp60scc-sfe.infd.edu.ar\/sitio\/wp-content\/uploads\/2022\/06\/Acompanamiento-a-las-trayectorias-Taller-de-Ofimatica.pdf\">Acompa\u00f1amiento a las Trayectorias - Stanich, M.<\/a><\/strong><\/pre>\n\n\n\n<div style=\"height:74px\" aria-hidden=\"true\" class=\"wp-block-spacer\"><\/div>\n\n\n\n<p class=\"has-luminous-vivid-orange-color has-text-color has-large-font-size\"><strong>Proyectos de Coordinaci\u00f3n Tecnol\u00f3gica<\/strong><\/p>\n\n\n\n<pre class=\"wp-block-preformatted\"><a href=\"https:\/\/isp60scc-sfe.infd.edu.ar\/sitio\/wp-content\/uploads\/2022\/06\/Coordinacion-Tecnologica-2022.pdf\"><strong><strong>Coordinaci\u00f3n Tecnol\u00f3gica para los Profesorados de Inicial y Primaria<\/strong><\/strong> <strong>- Gonz\u00e1lez, L.<\/strong><\/a><\/pre>\n\n\n\n<pre class=\"wp-block-preformatted\"><strong><a href=\"https:\/\/isp60scc-sfe.infd.edu.ar\/sitio\/wp-content\/uploads\/2022\/06\/Colasso-Relevamiento-2021-y-propuesta-2022.pdf\"><strong>Coordinaci\u00f3n Tecnol\u00f3gica para los Profesorados de Nivel Secundario<\/strong> <strong>- Colasso, C.<\/strong><\/a><\/strong><\/pre>\n\n\n\n<pre class=\"wp-block-preformatted\"><strong><a href=\"https:\/\/isp60scc-sfe.infd.edu.ar\/sitio\/wp-content\/uploads\/2022\/06\/Proyecto-Coordinacion-Tecnologica-2022.pdf\">Coordinaci\u00f3n Tecnol\u00f3gica para Tecnicatura en Mantenimiento Industrial - Stanich, M.<\/a><\/strong><\/pre>\n\n\n\n<div style=\"height:57px\" aria-hidden=\"true\" class=\"wp-block-spacer\"><\/div>\n\n\n\n<p class=\"has-luminous-vivid-orange-color has-text-color has-medium-font-size\"><strong>Coordinaci\u00f3n de Proyectos Espec\u00edficos Destinados al Acompa\u00f1amiento de la Jefatura de Pr\u00e1cticas para  los Profesorados de Ed.  Inicial y Primaria.<\/strong><\/p>\n\n\n\n<pre id=\"block-3d664b95-d410-4277-83ee-22064cb4dfd9\" class=\"wp-block-preformatted\"><strong><a href=\"https:\/\/isp60scc-sfe.infd.edu.ar\/sitio\/wp-content\/uploads\/2022\/07\/COORDINACION-DE-PROYECTOS-ESPECIFICOS-DESTINADOS-AL-ACOMPANAMIENTO-DE-LA-JEFATURA-DE-PRACTICAS-PARA-LOS-PROFESORADOS-DE-EDUCACION-INICIAL-Y-PRIMARIA.docx.pdf\">Coordinaci\u00f3n de Proyectos Espec\u00edficos Destinados al Acompa\u00f1amiento de la Jefatura de Pr\u00e1ctica para el Nivel Inicial y Primario<\/a><\/strong><\/pre>\n\n\n\n<pre id=\"block-3d664b95-d410-4277-83ee-22064cb4dfd9\" class=\"wp-block-preformatted\"><strong>OTROS<\/strong><\/pre>\n\n\n\n<figure class=\"wp-block-embed is-type-video is-provider-youtube wp-block-embed-youtube wp-embed-aspect-16-9 wp-has-aspect-ratio\"><div class=\"wp-block-embed__wrapper\">\n<iframe loading=\"lazy\" title=\"Proyecto Fortalecimiento Instituciones INFOD\" width=\"1200\" height=\"675\" src=\"https:\/\/www.youtube.com\/embed\/pckq-jm3c44?feature=oembed\" frameborder=\"0\" allow=\"accelerometer; autoplay; clipboard-write; encrypted-media; gyroscope; picture-in-picture; web-share\" referrerpolicy=\"strict-origin-when-cross-origin\" allowfullscreen><\/iframe>\n<\/div><\/figure>\n\n\n\n<p><\/p>\n\n\n\n<p><\/p>\n\n\n\n<div style=\"height:69px\" aria-hidden=\"true\" class=\"wp-block-spacer\"><\/div>\n\n\n\n<p><\/p>\n\n\n\n<figure class=\"wp-block-embed is-type-video is-provider-youtube wp-block-embed-youtube wp-embed-aspect-16-9 wp-has-aspect-ratio\"><div class=\"wp-block-embed__wrapper\">\n<iframe loading=\"lazy\" title=\"Talleres Literarios   Biblioteca Popular\" width=\"1200\" height=\"675\" src=\"https:\/\/www.youtube.com\/embed\/rDCqUb8Zv1E?feature=oembed\" frameborder=\"0\" allow=\"accelerometer; autoplay; clipboard-write; encrypted-media; gyroscope; picture-in-picture; web-share\" referrerpolicy=\"strict-origin-when-cross-origin\" allowfullscreen><\/iframe>\n<\/div><\/figure>\n\n\n\n<p><\/p>\n","protected":false},"excerpt":{"rendered":"<p>La Importancia de Nuestros Proyectos Institucionales En nuestra instituci\u00f3n, creemos que el desarrollo de proyectos es clave para el crecimiento y la innovaci\u00f3n continua. Estos proyectos no solo permiten a nuestros estudiantes y docentes aplicar los conocimientos adquiridos en un entorno real, sino que tambi\u00e9n impulsan avances significativos en diversas \u00e1reas del conocimiento. Cada proyecto &#8230; <a title=\"Proyectos Institucionales\" class=\"read-more\" href=\"https:\/\/isp60scc-sfe.infd.edu.ar\/sitio\/proyectos-institucionales\/\" aria-label=\"More on Proyectos Institucionales\">[+]<\/a><\/p>\n","protected":false},"author":12,"featured_media":4073,"parent":0,"menu_order":0,"comment_status":"closed","ping_status":"closed","template":"","meta":[],"acf":[],"_links":{"self":[{"href":"https:\/\/isp60scc-sfe.infd.edu.ar\/sitio\/wp-json\/wp\/v2\/pages\/4067"}],"collection":[{"href":"https:\/\/isp60scc-sfe.infd.edu.ar\/sitio\/wp-json\/wp\/v2\/pages"}],"about":[{"href":"https:\/\/isp60scc-sfe.infd.edu.ar\/sitio\/wp-json\/wp\/v2\/types\/page"}],"author":[{"embeddable":true,"href":"https:\/\/isp60scc-sfe.infd.edu.ar\/sitio\/wp-json\/wp\/v2\/users\/12"}],"replies":[{"embeddable":true,"href":"https:\/\/isp60scc-sfe.infd.edu.ar\/sitio\/wp-json\/wp\/v2\/comments?post=4067"}],"version-history":[{"count":48,"href":"https:\/\/isp60scc-sfe.infd.edu.ar\/sitio\/wp-json\/wp\/v2\/pages\/4067\/revisions"}],"predecessor-version":[{"id":6133,"href":"https:\/\/isp60scc-sfe.infd.edu.ar\/sitio\/wp-json\/wp\/v2\/pages\/4067\/revisions\/6133"}],"wp:featuredmedia":[{"embeddable":true,"href":"https:\/\/isp60scc-sfe.infd.edu.ar\/sitio\/wp-json\/wp\/v2\/media\/4073"}],"wp:attachment":[{"href":"https:\/\/isp60scc-sfe.infd.edu.ar\/sitio\/wp-json\/wp\/v2\/media?parent=4067"}],"curies":[{"name":"wp","href":"https:\/\/api.w.org\/{rel}","templated":true}]}}