{"id":4300,"date":"2023-02-23T18:14:18","date_gmt":"2023-02-23T21:14:18","guid":{"rendered":"https:\/\/isp60scc-sfe.infd.edu.ar\/sitio\/?page_id=4300"},"modified":"2024-11-26T20:22:22","modified_gmt":"2024-11-26T23:22:22","slug":"plan-tecnico-superior-en-gestion-de-las-organizaciones","status":"publish","type":"page","link":"https:\/\/isp60scc-sfe.infd.edu.ar\/sitio\/plan-tecnico-superior-en-gestion-de-las-organizaciones\/","title":{"rendered":"Plan T\u00e9cnico Superior en Gesti\u00f3n de las Organizaciones"},"content":{"rendered":"\n<p><span style=\"font-size: 10pt; font-family: verdana, geneva;\"><span style=\"font-family: verdana, geneva;\"><span style=\"font-size: 13.3333px;\"><b>Duraci\u00f3n<\/b><\/span><span style=\"font-size: 10pt;\">: 3 A\u00f1os<\/span><\/span><\/span><\/p>\n\n\n\n<p class=\"has-medium-font-size\"><span id=\"docs-internal-guid-a17a8856-cee2-943e-747b-757864699b43\" style=\"\"><font face=\"verdana, geneva\"><span style=\"\"><span style=\"font-size: 10pt;\">Esta Tecnicatura tiene como fin formar t\u00e9cnicos superiores para desempe\u00f1arse en diversas \u00e1reas de las organizaciones y\/o crear nuevos emprendimientos, sean estos nuevos productores de bienes, prestadores de servicios p\u00fablicos, privados o a la comunidad; <\/span><\/span><span style=\"font-size: 10pt;\">permiti\u00e9ndole esta <\/span><\/font><\/span><span id=\"docs-internal-guid-a17a8856-cee2-943e-747b-757864699b43\" style=\"\"><font face=\"verdana, geneva\"><span style=\"font-size: 10pt;\">formaci\u00f3n implementar, evaluar, organizar y conducir el talento humano para la optimizaci\u00f3n de los diversos sistemas y procesos que componen la <\/span><\/font><\/span><span style=\"font-size: 10pt; font-family: verdana, geneva;\"><span id=\"docs-internal-guid-a17a8856-cee2-943e-747b-757864699b43\">organizaci\u00f3n.<\/span><\/span><\/p>\n\n\n\n<p class=\"has-medium-font-size\"><\/p>\n\n\n\n<h3 class=\"wp-block-heading has-vivid-cyan-blue-color has-text-color\"><strong>Espacios curriculares por a\u00f1o<\/strong><\/h3>\n\n\n\n<pre class=\"wp-block-preformatted\"><strong><span style=\"color: #990000; font-family: Georgia, Arial; font-size: 120%;\">Primer A\u00f1o<\/span><\/strong><\/pre>\n\n\n\n<ul>\n<li><span style=\"font-weight: 400;\">Comunicaci\u00f3n<\/span><\/li>\n\n\n\n<li><span style=\"font-weight: 400;\">UDI I&nbsp;<\/span><\/li>\n\n\n\n<li><span style=\"font-weight: 400;\">Econom\u00eda<\/span><\/li>\n\n\n\n<li><span style=\"font-weight: 400;\">Matem\u00e1tica y Estad\u00edstica<\/span><\/li>\n\n\n\n<li>Contabilidad<\/li>\n\n\n\n<li><span style=\"font-weight: 400;\">Inform\u00e1tica<\/span><\/li>\n\n\n\n<li>Administraci\u00f3n<\/li>\n\n\n\n<li><span style=\"font-weight: 400;\">Gesti\u00f3n de la<\/span> Producci\u00f3n<\/li>\n\n\n\n<li>Gesti\u00f3n del Capital Humano<\/li>\n<\/ul>\n\n\n\n<p><\/p>\n\n\n\n<pre class=\"wp-block-preformatted\"><strong><span style=\"color: #990000; font-family: Georgia, Arial; font-size: 120%;\">Segundo A\u00f1o<\/span><\/strong><\/pre>\n\n\n\n<ul>\n<li><span style=\"font-weight: 400;\">Problem\u00e1ticas Sociales Contempor\u00e1neas<\/span><\/li>\n\n\n\n<li><span style=\"font-weight: 400;\">UDI II<\/span><\/li>\n\n\n\n<li><span style=\"font-weight: 400;\">Innovaci\u00f3n y Desarrollo Emprendedor&nbsp;<\/span><\/li>\n\n\n\n<li>Ingl\u00e9s T\u00e9cnico<\/li>\n\n\n\n<li>Legislaci\u00f3n Comercial y Tributario<\/li>\n\n\n\n<li><span style=\"font-weight: 400;\">Gesti\u00f3n de Comercializaci\u00f3n e Investigaci\u00f3n Comercial<\/span><\/li>\n\n\n\n<li>Gesti\u00f3n de Costos<\/li>\n\n\n\n<li><span style=\"font-weight: 400;\">Gesti\u00f3n Contable<\/span><\/li>\n\n\n\n<li><span style=\"font-weight: 400;\">Pr\u00e1cticas Profesionalizantes I<\/span><\/li>\n<\/ul>\n\n\n\n<p><\/p>\n\n\n\n<pre class=\"wp-block-preformatted\"><strong><span style=\"color: #990000; font-family: Georgia, Arial; font-size: 120%;\">Tercer A\u00f1o<\/span><\/strong><\/pre>\n\n\n\n<ul>\n<li><span style=\"font-weight: 400;\">Gesti\u00f3n de la Seguridad<\/span>, Salud, Ocupaci\u00f3n y Medio<\/li>\n\n\n\n<li>\u00c9tica y Responsabilidad Social<\/li>\n\n\n\n<li>Legislaci\u00f3n Laboral<\/li>\n\n\n\n<li>Estrategia Empresarial<\/li>\n\n\n\n<li>Sistemas de Informaci\u00f3n para la Gesti\u00f3n de las Organizaciones<\/li>\n\n\n\n<li>Gesti\u00f3n Financiera<\/li>\n\n\n\n<li>Evaluaci\u00f3n y Administraci\u00f3n de Proyectos de Inversi\u00f3n<\/li>\n\n\n\n<li>Control de Gesti\u00f3n<\/li>\n\n\n\n<li>Pr\u00e1cticas Profesionalizantes II<\/li>\n<\/ul>\n\n\n\n<p><\/p>\n\n\n\n<pre class=\"wp-block-preformatted\"><strong>Para m\u00e1s Informaci\u00f3n<\/strong> consulte el: <strong><a href=\"https:\/\/isp60scc-sfe.infd.edu.ar\/sitio\/wp-content\/uploads\/2024\/11\/Res-378-16-TSGESTION-DE-LAS-ORG.pdf\">Dise\u00f1o Curricular<\/a><\/strong><\/pre>\n","protected":false},"excerpt":{"rendered":"<p>Duraci\u00f3n: 3 A\u00f1os Esta Tecnicatura tiene como fin formar t\u00e9cnicos superiores para desempe\u00f1arse en diversas \u00e1reas de las organizaciones y\/o crear nuevos emprendimientos, sean estos nuevos productores de bienes, prestadores de servicios p\u00fablicos, privados o a la comunidad; permiti\u00e9ndole esta formaci\u00f3n implementar, evaluar, organizar y conducir el talento humano para la optimizaci\u00f3n de los diversos &#8230; <a title=\"Plan T\u00e9cnico Superior en Gesti\u00f3n de las Organizaciones\" class=\"read-more\" href=\"https:\/\/isp60scc-sfe.infd.edu.ar\/sitio\/plan-tecnico-superior-en-gestion-de-las-organizaciones\/\" aria-label=\"More on Plan T\u00e9cnico Superior en Gesti\u00f3n de las Organizaciones\">[+]<\/a><\/p>\n","protected":false},"author":12,"featured_media":0,"parent":0,"menu_order":0,"comment_status":"closed","ping_status":"closed","template":"","meta":[],"acf":[],"_links":{"self":[{"href":"https:\/\/isp60scc-sfe.infd.edu.ar\/sitio\/wp-json\/wp\/v2\/pages\/4300"}],"collection":[{"href":"https:\/\/isp60scc-sfe.infd.edu.ar\/sitio\/wp-json\/wp\/v2\/pages"}],"about":[{"href":"https:\/\/isp60scc-sfe.infd.edu.ar\/sitio\/wp-json\/wp\/v2\/types\/page"}],"author":[{"embeddable":true,"href":"https:\/\/isp60scc-sfe.infd.edu.ar\/sitio\/wp-json\/wp\/v2\/users\/12"}],"replies":[{"embeddable":true,"href":"https:\/\/isp60scc-sfe.infd.edu.ar\/sitio\/wp-json\/wp\/v2\/comments?post=4300"}],"version-history":[{"count":5,"href":"https:\/\/isp60scc-sfe.infd.edu.ar\/sitio\/wp-json\/wp\/v2\/pages\/4300\/revisions"}],"predecessor-version":[{"id":6460,"href":"https:\/\/isp60scc-sfe.infd.edu.ar\/sitio\/wp-json\/wp\/v2\/pages\/4300\/revisions\/6460"}],"wp:attachment":[{"href":"https:\/\/isp60scc-sfe.infd.edu.ar\/sitio\/wp-json\/wp\/v2\/media?parent=4300"}],"curies":[{"name":"wp","href":"https:\/\/api.w.org\/{rel}","templated":true}]}}