{"id":4554,"date":"2023-04-20T12:23:36","date_gmt":"2023-04-20T15:23:36","guid":{"rendered":"https:\/\/isp60scc-sfe.infd.edu.ar\/sitio\/?page_id=4554"},"modified":"2024-11-27T18:27:22","modified_gmt":"2024-11-27T21:27:22","slug":"conozca-el-profesorado-en-historia","status":"publish","type":"page","link":"https:\/\/isp60scc-sfe.infd.edu.ar\/sitio\/conozca-el-profesorado-en-historia\/","title":{"rendered":"Conozca  el Profesorado en Historia"},"content":{"rendered":"\n<div class=\"alignnormal\"><div id=\"metaslider-id-6462\" style=\"max-width: 600px; margin: 0 auto;\" class=\"ml-slider-3-33-0 metaslider metaslider-coin metaslider-6462 ml-slider ms-theme-default\" role=\"region\" aria-roledescription=\"Slideshow\" aria-label=\"Slideshow\">\n    <div id=\"metaslider_container_6462\">\n        <div id='metaslider_6462' class='coin-slider'>\n<a href=\"javascript:void(0)\" target=\"_self\"><img src=\"https:\/\/isp60scc-sfe.infd.edu.ar\/sitio\/wp-content\/uploads\/2024\/11\/Promocion-Historia-0-600x600.jpg\" height=\"600\" width=\"600\" alt=\"\" class=\"slider-6462 slide-6474\" title=\"Promocion Historia 0\" style=\"display: none;\" \/><\/a>\n<a href=\"javascript:void(0)\" target=\"_self\"><img src=\"https:\/\/isp60scc-sfe.infd.edu.ar\/sitio\/wp-content\/uploads\/2024\/11\/Promocion-Historia-1-600x600.jpg\" height=\"600\" width=\"600\" alt=\"Primer A\u00f1o\" class=\"slider-6462 slide-6473\" title=\"Promocion Historia 1\" style=\"display: none;\" \/><\/a>\n<a href=\"javascript:void(0)\" target=\"_self\"><img src=\"https:\/\/isp60scc-sfe.infd.edu.ar\/sitio\/wp-content\/uploads\/2024\/11\/Promocion-Historia-2-600x600.jpg\" height=\"600\" width=\"600\" alt=\"\" class=\"slider-6462 slide-6472\" title=\"Promocion Historia 2\" style=\"display: none;\" \/><\/a>\n<a href=\"javascript:void(0)\" target=\"_self\"><img src=\"https:\/\/isp60scc-sfe.infd.edu.ar\/sitio\/wp-content\/uploads\/2024\/11\/Promocion-Historia-3-600x600.jpg\" height=\"600\" width=\"600\" alt=\"\" class=\"slider-6462 slide-6471\" title=\"Promocion Historia 3\" style=\"display: none;\" \/><\/a>\n<a href=\"javascript:void(0)\" target=\"_self\"><img src=\"https:\/\/isp60scc-sfe.infd.edu.ar\/sitio\/wp-content\/uploads\/2024\/11\/Promocion-Historia-4-600x600.jpg\" height=\"600\" width=\"600\" alt=\"\" class=\"slider-6462 slide-6470\" title=\"Promocion Historia 4\" style=\"display: none;\" \/><\/a>\n<a href=\"javascript:void(0)\" target=\"_self\"><img src=\"https:\/\/isp60scc-sfe.infd.edu.ar\/sitio\/wp-content\/uploads\/2024\/11\/Promocion-Historia-5-600x600.jpg\" height=\"600\" width=\"600\" alt=\"\" class=\"slider-6462 slide-6469\" title=\"Promocion Historia 5\" style=\"display: none;\" \/><\/a>\n        <\/div>\n        \n    <\/div>\n<\/div><\/div>\n\n\n\n<div style=\"height:62px\" aria-hidden=\"true\" class=\"wp-block-spacer\"><\/div>\n\n\n<div class=\"wp-block-image\">\n<figure class=\"alignright size-full is-resized\"><img decoding=\"async\" loading=\"lazy\" src=\"https:\/\/isp60scc-sfe.infd.edu.ar\/sitio\/wp-content\/uploads\/2023\/04\/Profesorado-Historia-1.png\" alt=\"\" class=\"wp-image-4556\" width=\"445\" height=\"445\" srcset=\"https:\/\/isp60scc-sfe.infd.edu.ar\/sitio\/wp-content\/uploads\/2023\/04\/Profesorado-Historia-1.png 1080w, https:\/\/isp60scc-sfe.infd.edu.ar\/sitio\/wp-content\/uploads\/2023\/04\/Profesorado-Historia-1-1000x1000.png 1000w, https:\/\/isp60scc-sfe.infd.edu.ar\/sitio\/wp-content\/uploads\/2023\/04\/Profesorado-Historia-1-500x500.png 500w, https:\/\/isp60scc-sfe.infd.edu.ar\/sitio\/wp-content\/uploads\/2023\/04\/Profesorado-Historia-1-768x768.png 768w\" sizes=\"(max-width: 445px) 100vw, 445px\" \/><\/figure><\/div>\n\n\n<p class=\"has-medium-font-size\">El <em>Profesorado de Educaci\u00f3n Secundaria en Historia<\/em> ofrece una formaci\u00f3n integral basada en experiencias educativas que combinan teor\u00eda y pr\u00e1ctica. Los estudiantes participan en proyectos interdisciplinarios, recorridos hist\u00f3ricos, visitas a museos y sitios patrimoniales, lo que les permite conectar el conocimiento acad\u00e9mico con el contexto social y cultural.<\/p>\n\n\n\n<p class=\"has-medium-font-size\">Adem\u00e1s, asisten a talleres, charlas especializadas y encuentros con profesionales que abordan nuevas metodolog\u00edas y enfoques en la ense\u00f1anza de la historia. Durante sus pr\u00e1cticas docentes supervisadas en escuelas, aplican diversas estrategias para hacer de la historia una disciplina significativa y cercana para sus estudiantes.<\/p>\n\n\n\n<p class=\"has-medium-font-size\">Estas experiencias preparan a los futuros docentes para afrontar los desaf\u00edos de la ense\u00f1anza de la historia desde una perspectiva cr\u00edtica y contextualizada.<\/p>\n\n\n\n<div style=\"height:100px\" aria-hidden=\"true\" class=\"wp-block-spacer\"><\/div>\n\n\n\n<figure class=\"wp-block-gallery has-nested-images columns-default is-cropped wp-block-gallery-1 is-layout-flex\">\n<figure class=\"wp-block-image size-large\"><img decoding=\"async\" loading=\"lazy\" width=\"1280\" height=\"854\" data-id=\"4564\"  src=\"https:\/\/isp60scc-sfe.infd.edu.ar\/sitio\/wp-content\/uploads\/2023\/04\/Hist.-1.jpeg\" alt=\"\" class=\"wp-image-4564\" srcset=\"https:\/\/isp60scc-sfe.infd.edu.ar\/sitio\/wp-content\/uploads\/2023\/04\/Hist.-1.jpeg 1280w, https:\/\/isp60scc-sfe.infd.edu.ar\/sitio\/wp-content\/uploads\/2023\/04\/Hist.-1-1000x667.jpeg 1000w, https:\/\/isp60scc-sfe.infd.edu.ar\/sitio\/wp-content\/uploads\/2023\/04\/Hist.-1-768x512.jpeg 768w\" sizes=\"(max-width: 1280px) 100vw, 1280px\" \/><\/figure>\n\n\n\n<figure class=\"wp-block-image size-large\"><img decoding=\"async\" loading=\"lazy\" width=\"1599\" height=\"899\" data-id=\"4563\"  src=\"https:\/\/isp60scc-sfe.infd.edu.ar\/sitio\/wp-content\/uploads\/2023\/04\/Hist.-3.jpeg\" alt=\"\" class=\"wp-image-4563\" srcset=\"https:\/\/isp60scc-sfe.infd.edu.ar\/sitio\/wp-content\/uploads\/2023\/04\/Hist.-3.jpeg 1599w, https:\/\/isp60scc-sfe.infd.edu.ar\/sitio\/wp-content\/uploads\/2023\/04\/Hist.-3-1000x562.jpeg 1000w, https:\/\/isp60scc-sfe.infd.edu.ar\/sitio\/wp-content\/uploads\/2023\/04\/Hist.-3-768x432.jpeg 768w, https:\/\/isp60scc-sfe.infd.edu.ar\/sitio\/wp-content\/uploads\/2023\/04\/Hist.-3-1536x864.jpeg 1536w\" sizes=\"(max-width: 1599px) 100vw, 1599px\" \/><\/figure>\n\n\n\n<figure class=\"wp-block-image size-large\"><img decoding=\"async\" loading=\"lazy\" width=\"867\" height=\"529\" data-id=\"4562\"  src=\"https:\/\/isp60scc-sfe.infd.edu.ar\/sitio\/wp-content\/uploads\/2023\/04\/Hist.-4.jpeg\" alt=\"\" class=\"wp-image-4562\" srcset=\"https:\/\/isp60scc-sfe.infd.edu.ar\/sitio\/wp-content\/uploads\/2023\/04\/Hist.-4.jpeg 867w, https:\/\/isp60scc-sfe.infd.edu.ar\/sitio\/wp-content\/uploads\/2023\/04\/Hist.-4-768x469.jpeg 768w\" sizes=\"(max-width: 867px) 100vw, 867px\" \/><\/figure>\n\n\n\n<figure class=\"wp-block-image size-large\"><img decoding=\"async\" loading=\"lazy\" width=\"1200\" height=\"956\" data-id=\"4561\"  src=\"https:\/\/isp60scc-sfe.infd.edu.ar\/sitio\/wp-content\/uploads\/2023\/04\/Hist.-5.jpeg\" alt=\"\" class=\"wp-image-4561\" srcset=\"https:\/\/isp60scc-sfe.infd.edu.ar\/sitio\/wp-content\/uploads\/2023\/04\/Hist.-5.jpeg 1200w, https:\/\/isp60scc-sfe.infd.edu.ar\/sitio\/wp-content\/uploads\/2023\/04\/Hist.-5-1000x797.jpeg 1000w, https:\/\/isp60scc-sfe.infd.edu.ar\/sitio\/wp-content\/uploads\/2023\/04\/Hist.-5-768x612.jpeg 768w\" sizes=\"(max-width: 1200px) 100vw, 1200px\" \/><\/figure>\n<\/figure>\n\n\n\n<div style=\"height:100px\" aria-hidden=\"true\" class=\"wp-block-spacer\"><\/div>\n\n\n\n<p class=\"has-medium-font-size\"><strong>Experiencias educativas: el motor del aprendizaje de nuestros estudiantes<\/strong><\/p>\n\n\n\n<p class=\"has-medium-font-size\">Cuando los profesores de historia participan en experiencias educativas, se benefician no solo ellos, sino tambi\u00e9n sus estudiantes. Estas experiencias permiten:<\/p>\n\n\n\n<ul>\n<li class=\"has-medium-font-size\"><strong>Hacer la historia m\u00e1s relevante:<\/strong> Conectar los contenidos con la vida cotidiana de los estudiantes.<\/li>\n\n\n\n<li class=\"has-medium-font-size\"><strong>Fomentar el pensamiento cr\u00edtico:<\/strong> Desarrollar habilidades de an\u00e1lisis, interpretaci\u00f3n y evaluaci\u00f3n.<\/li>\n\n\n\n<li class=\"has-medium-font-size\"><strong>Promover el aprendizaje activo:<\/strong> Utilizar metodolog\u00edas innovadoras que involucren a los estudiantes.<\/li>\n\n\n\n<li class=\"has-medium-font-size\"><strong>Crear aulas m\u00e1s din\u00e1micas y participativas:<\/strong> Generar un ambiente de aprendizaje m\u00e1s estimulante.<\/li>\n<\/ul>\n\n\n\n<p><\/p>\n\n\n<div class=\"wp-block-image\">\n<figure class=\"aligncenter size-large is-resized\"><img decoding=\"async\" loading=\"lazy\" src=\"https:\/\/isp60scc-sfe.infd.edu.ar\/sitio\/wp-content\/uploads\/2023\/04\/Profesorado-Historia-2-1900x1520.png\" alt=\"\" class=\"wp-image-4555\" width=\"950\" height=\"760\" srcset=\"https:\/\/isp60scc-sfe.infd.edu.ar\/sitio\/wp-content\/uploads\/2023\/04\/Profesorado-Historia-2-1900x1520.png 1900w, https:\/\/isp60scc-sfe.infd.edu.ar\/sitio\/wp-content\/uploads\/2023\/04\/Profesorado-Historia-2-1000x800.png 1000w, https:\/\/isp60scc-sfe.infd.edu.ar\/sitio\/wp-content\/uploads\/2023\/04\/Profesorado-Historia-2-768x614.png 768w, https:\/\/isp60scc-sfe.infd.edu.ar\/sitio\/wp-content\/uploads\/2023\/04\/Profesorado-Historia-2-1536x1229.png 1536w, https:\/\/isp60scc-sfe.infd.edu.ar\/sitio\/wp-content\/uploads\/2023\/04\/Profesorado-Historia-2.png 2000w\" sizes=\"(max-width: 950px) 100vw, 950px\" \/><\/figure><\/div>\n\n\n<div style=\"height:63px\" aria-hidden=\"true\" class=\"wp-block-spacer\"><\/div>\n\n\n\n<figure class=\"wp-block-gallery has-nested-images columns-default is-cropped wp-block-gallery-3 is-layout-flex\">\n<figure class=\"wp-block-image size-large\"><img decoding=\"async\" loading=\"lazy\" width=\"1280\" height=\"1280\" data-id=\"4560\"  src=\"https:\/\/isp60scc-sfe.infd.edu.ar\/sitio\/wp-content\/uploads\/2023\/04\/Hist.-9.jpeg\" alt=\"\" class=\"wp-image-4560\" srcset=\"https:\/\/isp60scc-sfe.infd.edu.ar\/sitio\/wp-content\/uploads\/2023\/04\/Hist.-9.jpeg 1280w, https:\/\/isp60scc-sfe.infd.edu.ar\/sitio\/wp-content\/uploads\/2023\/04\/Hist.-9-1000x1000.jpeg 1000w, https:\/\/isp60scc-sfe.infd.edu.ar\/sitio\/wp-content\/uploads\/2023\/04\/Hist.-9-500x500.jpeg 500w, https:\/\/isp60scc-sfe.infd.edu.ar\/sitio\/wp-content\/uploads\/2023\/04\/Hist.-9-768x768.jpeg 768w\" sizes=\"(max-width: 1280px) 100vw, 1280px\" \/><\/figure>\n\n\n\n<figure class=\"wp-block-image size-large\"><img decoding=\"async\" loading=\"lazy\" width=\"857\" height=\"576\" data-id=\"4559\"  src=\"https:\/\/isp60scc-sfe.infd.edu.ar\/sitio\/wp-content\/uploads\/2023\/04\/Hist.-10.jpeg\" alt=\"\" class=\"wp-image-4559\" srcset=\"https:\/\/isp60scc-sfe.infd.edu.ar\/sitio\/wp-content\/uploads\/2023\/04\/Hist.-10.jpeg 857w, https:\/\/isp60scc-sfe.infd.edu.ar\/sitio\/wp-content\/uploads\/2023\/04\/Hist.-10-768x516.jpeg 768w\" sizes=\"(max-width: 857px) 100vw, 857px\" \/><\/figure>\n\n\n\n<figure class=\"wp-block-image size-large\"><img decoding=\"async\" loading=\"lazy\" width=\"1600\" height=\"1200\" data-id=\"4558\"  src=\"https:\/\/isp60scc-sfe.infd.edu.ar\/sitio\/wp-content\/uploads\/2023\/04\/Hist.-11.jpeg\" alt=\"\" class=\"wp-image-4558\" srcset=\"https:\/\/isp60scc-sfe.infd.edu.ar\/sitio\/wp-content\/uploads\/2023\/04\/Hist.-11.jpeg 1600w, https:\/\/isp60scc-sfe.infd.edu.ar\/sitio\/wp-content\/uploads\/2023\/04\/Hist.-11-1000x750.jpeg 1000w, https:\/\/isp60scc-sfe.infd.edu.ar\/sitio\/wp-content\/uploads\/2023\/04\/Hist.-11-768x576.jpeg 768w, https:\/\/isp60scc-sfe.infd.edu.ar\/sitio\/wp-content\/uploads\/2023\/04\/Hist.-11-1536x1152.jpeg 1536w\" sizes=\"(max-width: 1600px) 100vw, 1600px\" \/><\/figure>\n<\/figure>\n","protected":false},"excerpt":{"rendered":"<p>El Profesorado de Educaci\u00f3n Secundaria en Historia ofrece una formaci\u00f3n integral basada en experiencias educativas que combinan teor\u00eda y pr\u00e1ctica. Los estudiantes participan en proyectos interdisciplinarios, recorridos hist\u00f3ricos, visitas a museos y sitios patrimoniales, lo que les permite conectar el conocimiento acad\u00e9mico con el contexto social y cultural. Adem\u00e1s, asisten a talleres, charlas especializadas y &#8230; <a title=\"Conozca  el Profesorado en Historia\" class=\"read-more\" href=\"https:\/\/isp60scc-sfe.infd.edu.ar\/sitio\/conozca-el-profesorado-en-historia\/\" aria-label=\"More on Conozca  el Profesorado en Historia\">[+]<\/a><\/p>\n","protected":false},"author":12,"featured_media":0,"parent":0,"menu_order":0,"comment_status":"closed","ping_status":"closed","template":"","meta":[],"acf":[],"_links":{"self":[{"href":"https:\/\/isp60scc-sfe.infd.edu.ar\/sitio\/wp-json\/wp\/v2\/pages\/4554"}],"collection":[{"href":"https:\/\/isp60scc-sfe.infd.edu.ar\/sitio\/wp-json\/wp\/v2\/pages"}],"about":[{"href":"https:\/\/isp60scc-sfe.infd.edu.ar\/sitio\/wp-json\/wp\/v2\/types\/page"}],"author":[{"embeddable":true,"href":"https:\/\/isp60scc-sfe.infd.edu.ar\/sitio\/wp-json\/wp\/v2\/users\/12"}],"replies":[{"embeddable":true,"href":"https:\/\/isp60scc-sfe.infd.edu.ar\/sitio\/wp-json\/wp\/v2\/comments?post=4554"}],"version-history":[{"count":7,"href":"https:\/\/isp60scc-sfe.infd.edu.ar\/sitio\/wp-json\/wp\/v2\/pages\/4554\/revisions"}],"predecessor-version":[{"id":6478,"href":"https:\/\/isp60scc-sfe.infd.edu.ar\/sitio\/wp-json\/wp\/v2\/pages\/4554\/revisions\/6478"}],"wp:attachment":[{"href":"https:\/\/isp60scc-sfe.infd.edu.ar\/sitio\/wp-json\/wp\/v2\/media?parent=4554"}],"curies":[{"name":"wp","href":"https:\/\/api.w.org\/{rel}","templated":true}]}}