{"id":6386,"date":"2024-11-14T16:53:31","date_gmt":"2024-11-14T19:53:31","guid":{"rendered":"https:\/\/isp60scc-sfe.infd.edu.ar\/sitio\/?page_id=6386"},"modified":"2024-12-23T10:04:15","modified_gmt":"2024-12-23T13:04:15","slug":"conozca-el-profesorado-de-biologia","status":"publish","type":"page","link":"https:\/\/isp60scc-sfe.infd.edu.ar\/sitio\/conozca-el-profesorado-de-biologia\/","title":{"rendered":"Conozca el Profesorado de Biolog\u00eda"},"content":{"rendered":"\n<p><\/p>\n\n\n\n<div class=\"alignnormal\"><div id=\"metaslider-id-6596\" style=\"max-width: 600px; margin: 0 auto;\" class=\"ml-slider-3-33-0 metaslider metaslider-coin metaslider-6596 ml-slider ms-theme-default\" role=\"region\" aria-roledescription=\"Slideshow\" aria-label=\"Slideshow\">\n    <div id=\"metaslider_container_6596\">\n        <div id='metaslider_6596' class='coin-slider'>\n<a href=\"javascript:void(0)\" target=\"_self\"><img src=\"https:\/\/isp60scc-sfe.infd.edu.ar\/sitio\/wp-content\/uploads\/2024\/12\/Promocion-Biologia-0-600x600.jpg\" height=\"600\" width=\"600\" alt=\"\" class=\"slider-6596 slide-6597\" title=\"Promocion Biologia 0\" style=\"display: none;\" \/><\/a>\n<a href=\"javascript:void(0)\" target=\"_self\"><img src=\"https:\/\/isp60scc-sfe.infd.edu.ar\/sitio\/wp-content\/uploads\/2024\/12\/Promocion-Biologia-1-600x600.jpg\" height=\"600\" width=\"600\" alt=\"Primer A\u00f1o\" class=\"slider-6596 slide-6598\" title=\"Promocion Biologia 1\" style=\"display: none;\" \/><\/a>\n<a href=\"javascript:void(0)\" target=\"_self\"><img src=\"https:\/\/isp60scc-sfe.infd.edu.ar\/sitio\/wp-content\/uploads\/2024\/12\/Promocion-Biologia-2-600x600.jpg\" height=\"600\" width=\"600\" alt=\"\" class=\"slider-6596 slide-6599\" title=\"Promocion Biologia 2\" style=\"display: none;\" \/><\/a>\n<a href=\"javascript:void(0)\" target=\"_self\"><img src=\"https:\/\/isp60scc-sfe.infd.edu.ar\/sitio\/wp-content\/uploads\/2024\/12\/Promocion-Biologia-3-600x600.jpg\" height=\"600\" width=\"600\" alt=\"\" class=\"slider-6596 slide-6600\" title=\"Promocion Biologia 3\" style=\"display: none;\" \/><\/a>\n<a href=\"javascript:void(0)\" target=\"_self\"><img src=\"https:\/\/isp60scc-sfe.infd.edu.ar\/sitio\/wp-content\/uploads\/2024\/12\/Promocion-Biologia-4-600x600.jpg\" height=\"600\" width=\"600\" alt=\"\" class=\"slider-6596 slide-6601\" title=\"Promocion Biologia 4\" style=\"display: none;\" \/><\/a>\n<a href=\"javascript:void(0)\" target=\"_self\"><img src=\"https:\/\/isp60scc-sfe.infd.edu.ar\/sitio\/wp-content\/uploads\/2024\/12\/Promocion-Biologia-5-600x600.jpg\" height=\"600\" width=\"600\" alt=\"\" class=\"slider-6596 slide-6602\" title=\"Promocion Biologia 5\" style=\"display: none;\" \/><\/a>\n        <\/div>\n        \n    <\/div>\n<\/div><\/div>\n\n\n\n<div style=\"height:100px\" aria-hidden=\"true\" class=\"wp-block-spacer\"><\/div>\n\n\n<div class=\"wp-block-image\">\n<figure class=\"alignright size-full is-resized\"><img decoding=\"async\" loading=\"lazy\" src=\"https:\/\/isp60scc-sfe.infd.edu.ar\/sitio\/wp-content\/uploads\/2024\/11\/Biologia-Carreras.jpeg\" alt=\"\" class=\"wp-image-6415\" width=\"241\" height=\"320\" srcset=\"https:\/\/isp60scc-sfe.infd.edu.ar\/sitio\/wp-content\/uploads\/2024\/11\/Biologia-Carreras.jpeg 963w, https:\/\/isp60scc-sfe.infd.edu.ar\/sitio\/wp-content\/uploads\/2024\/11\/Biologia-Carreras-752x1000.jpeg 752w, https:\/\/isp60scc-sfe.infd.edu.ar\/sitio\/wp-content\/uploads\/2024\/11\/Biologia-Carreras-768x1021.jpeg 768w\" sizes=\"(max-width: 241px) 100vw, 241px\" \/><\/figure><\/div>\n\n\n<p class=\"has-medium-font-size\">El <em>Profesorado de Educaci\u00f3n Secundaria en Biolog\u00eda<\/em> ofrece una formaci\u00f3n integral a trav\u00e9s de diversas experiencias educativas. Los estudiantes participan en pr\u00e1cticas en laboratorios y salidas de campo, donde aplican conocimientos cient\u00edficos en contextos reales. Adem\u00e1s, realizan proyectos interdisciplinarios, asisten a talleres y charlas especializadas, y llevan a cabo pr\u00e1cticas docentes supervisadas en escuelas secundarias.<\/p>\n\n\n\n<p class=\"has-medium-font-size\">Estas actividades les permiten desarrollar habilidades pedag\u00f3gicas y adaptarse a los desaf\u00edos de la ense\u00f1anza de biolog\u00eda, combinando teor\u00eda y pr\u00e1ctica de manera efectiva.<\/p>\n\n\n\n<p><\/p>\n\n\n\n<p><\/p>\n\n\n\n<div style=\"height:59px\" aria-hidden=\"true\" class=\"wp-block-spacer\"><\/div>\n\n\n\n<p class=\"has-accent-color has-text-color has-large-font-size\"><strong>Experiencias educativas<\/strong><\/p>\n\n\n\n<figure class=\"wp-block-gallery has-nested-images columns-default is-cropped wp-block-gallery-1 is-layout-flex\">\n<figure class=\"wp-block-image size-large\"><img decoding=\"async\" loading=\"lazy\" width=\"1280\" height=\"960\" data-id=\"6389\"  src=\"https:\/\/isp60scc-sfe.infd.edu.ar\/sitio\/wp-content\/uploads\/2024\/11\/Biologia-Exp-Edu-4.jpg\" alt=\"\" class=\"wp-image-6389\" srcset=\"https:\/\/isp60scc-sfe.infd.edu.ar\/sitio\/wp-content\/uploads\/2024\/11\/Biologia-Exp-Edu-4.jpg 1280w, https:\/\/isp60scc-sfe.infd.edu.ar\/sitio\/wp-content\/uploads\/2024\/11\/Biologia-Exp-Edu-4-1000x750.jpg 1000w, https:\/\/isp60scc-sfe.infd.edu.ar\/sitio\/wp-content\/uploads\/2024\/11\/Biologia-Exp-Edu-4-768x576.jpg 768w\" sizes=\"(max-width: 1280px) 100vw, 1280px\" \/><\/figure>\n\n\n\n<figure class=\"wp-block-image size-large\"><img decoding=\"async\" loading=\"lazy\" width=\"963\" height=\"1280\" data-id=\"6392\"  src=\"https:\/\/isp60scc-sfe.infd.edu.ar\/sitio\/wp-content\/uploads\/2024\/11\/Biologia-Exp-Edu-8.jpg\" alt=\"\" class=\"wp-image-6392\" srcset=\"https:\/\/isp60scc-sfe.infd.edu.ar\/sitio\/wp-content\/uploads\/2024\/11\/Biologia-Exp-Edu-8.jpg 963w, https:\/\/isp60scc-sfe.infd.edu.ar\/sitio\/wp-content\/uploads\/2024\/11\/Biologia-Exp-Edu-8-752x1000.jpg 752w, https:\/\/isp60scc-sfe.infd.edu.ar\/sitio\/wp-content\/uploads\/2024\/11\/Biologia-Exp-Edu-8-768x1021.jpg 768w\" sizes=\"(max-width: 963px) 100vw, 963px\" \/><\/figure>\n\n\n\n<figure class=\"wp-block-image size-large\"><img decoding=\"async\" loading=\"lazy\" width=\"720\" height=\"1280\" data-id=\"6390\"  src=\"https:\/\/isp60scc-sfe.infd.edu.ar\/sitio\/wp-content\/uploads\/2024\/11\/Biologia-Exp-Edu-3.jpg\" alt=\"\" class=\"wp-image-6390\" srcset=\"https:\/\/isp60scc-sfe.infd.edu.ar\/sitio\/wp-content\/uploads\/2024\/11\/Biologia-Exp-Edu-3.jpg 720w, https:\/\/isp60scc-sfe.infd.edu.ar\/sitio\/wp-content\/uploads\/2024\/11\/Biologia-Exp-Edu-3-563x1000.jpg 563w\" sizes=\"(max-width: 720px) 100vw, 720px\" \/><\/figure>\n\n\n\n<figure class=\"wp-block-image size-large\"><img decoding=\"async\" loading=\"lazy\" width=\"963\" height=\"1280\" data-id=\"6391\"  src=\"https:\/\/isp60scc-sfe.infd.edu.ar\/sitio\/wp-content\/uploads\/2024\/11\/Biologia-Exp-Edu-2.jpg\" alt=\"\" class=\"wp-image-6391\" srcset=\"https:\/\/isp60scc-sfe.infd.edu.ar\/sitio\/wp-content\/uploads\/2024\/11\/Biologia-Exp-Edu-2.jpg 963w, https:\/\/isp60scc-sfe.infd.edu.ar\/sitio\/wp-content\/uploads\/2024\/11\/Biologia-Exp-Edu-2-752x1000.jpg 752w, https:\/\/isp60scc-sfe.infd.edu.ar\/sitio\/wp-content\/uploads\/2024\/11\/Biologia-Exp-Edu-2-768x1021.jpg 768w\" sizes=\"(max-width: 963px) 100vw, 963px\" \/><\/figure>\n\n\n\n<figure class=\"wp-block-image size-large\"><img decoding=\"async\" loading=\"lazy\" width=\"1600\" height=\"1200\" data-id=\"6393\"  src=\"https:\/\/isp60scc-sfe.infd.edu.ar\/sitio\/wp-content\/uploads\/2024\/11\/Biologia-Exp-Edu-10.jpg\" alt=\"\" class=\"wp-image-6393\" srcset=\"https:\/\/isp60scc-sfe.infd.edu.ar\/sitio\/wp-content\/uploads\/2024\/11\/Biologia-Exp-Edu-10.jpg 1600w, https:\/\/isp60scc-sfe.infd.edu.ar\/sitio\/wp-content\/uploads\/2024\/11\/Biologia-Exp-Edu-10-1000x750.jpg 1000w, https:\/\/isp60scc-sfe.infd.edu.ar\/sitio\/wp-content\/uploads\/2024\/11\/Biologia-Exp-Edu-10-768x576.jpg 768w, https:\/\/isp60scc-sfe.infd.edu.ar\/sitio\/wp-content\/uploads\/2024\/11\/Biologia-Exp-Edu-10-1536x1152.jpg 1536w\" sizes=\"(max-width: 1600px) 100vw, 1600px\" \/><\/figure>\n\n\n\n<figure class=\"wp-block-image size-large\"><img decoding=\"async\" loading=\"lazy\" width=\"1280\" height=\"720\" data-id=\"6388\"  src=\"https:\/\/isp60scc-sfe.infd.edu.ar\/sitio\/wp-content\/uploads\/2024\/11\/Biologia-Exp-Edu-9.jpg\" alt=\"\" class=\"wp-image-6388\" srcset=\"https:\/\/isp60scc-sfe.infd.edu.ar\/sitio\/wp-content\/uploads\/2024\/11\/Biologia-Exp-Edu-9.jpg 1280w, https:\/\/isp60scc-sfe.infd.edu.ar\/sitio\/wp-content\/uploads\/2024\/11\/Biologia-Exp-Edu-9-1000x563.jpg 1000w, https:\/\/isp60scc-sfe.infd.edu.ar\/sitio\/wp-content\/uploads\/2024\/11\/Biologia-Exp-Edu-9-768x432.jpg 768w\" sizes=\"(max-width: 1280px) 100vw, 1280px\" \/><\/figure>\n\n\n\n<figure class=\"wp-block-image size-large\"><img decoding=\"async\" loading=\"lazy\" width=\"960\" height=\"1280\" data-id=\"6396\"  src=\"https:\/\/isp60scc-sfe.infd.edu.ar\/sitio\/wp-content\/uploads\/2024\/11\/Biologia-Exp-Edu-7.jpg\" alt=\"\" class=\"wp-image-6396\" srcset=\"https:\/\/isp60scc-sfe.infd.edu.ar\/sitio\/wp-content\/uploads\/2024\/11\/Biologia-Exp-Edu-7.jpg 960w, https:\/\/isp60scc-sfe.infd.edu.ar\/sitio\/wp-content\/uploads\/2024\/11\/Biologia-Exp-Edu-7-750x1000.jpg 750w, https:\/\/isp60scc-sfe.infd.edu.ar\/sitio\/wp-content\/uploads\/2024\/11\/Biologia-Exp-Edu-7-768x1024.jpg 768w\" sizes=\"(max-width: 960px) 100vw, 960px\" \/><\/figure>\n\n\n\n<figure class=\"wp-block-image size-large\"><img decoding=\"async\" loading=\"lazy\" width=\"960\" height=\"1280\" data-id=\"6395\"  src=\"https:\/\/isp60scc-sfe.infd.edu.ar\/sitio\/wp-content\/uploads\/2024\/11\/Biologia-Exp-Edu-5.jpg\" alt=\"\" class=\"wp-image-6395\" srcset=\"https:\/\/isp60scc-sfe.infd.edu.ar\/sitio\/wp-content\/uploads\/2024\/11\/Biologia-Exp-Edu-5.jpg 960w, https:\/\/isp60scc-sfe.infd.edu.ar\/sitio\/wp-content\/uploads\/2024\/11\/Biologia-Exp-Edu-5-750x1000.jpg 750w, https:\/\/isp60scc-sfe.infd.edu.ar\/sitio\/wp-content\/uploads\/2024\/11\/Biologia-Exp-Edu-5-768x1024.jpg 768w\" sizes=\"(max-width: 960px) 100vw, 960px\" \/><\/figure>\n\n\n\n<figure class=\"wp-block-image size-large\"><img decoding=\"async\" loading=\"lazy\" width=\"963\" height=\"1280\" data-id=\"6394\"  src=\"https:\/\/isp60scc-sfe.infd.edu.ar\/sitio\/wp-content\/uploads\/2024\/11\/Biologia-Exp-Edu-1.jpg\" alt=\"\" class=\"wp-image-6394\" srcset=\"https:\/\/isp60scc-sfe.infd.edu.ar\/sitio\/wp-content\/uploads\/2024\/11\/Biologia-Exp-Edu-1.jpg 963w, https:\/\/isp60scc-sfe.infd.edu.ar\/sitio\/wp-content\/uploads\/2024\/11\/Biologia-Exp-Edu-1-752x1000.jpg 752w, https:\/\/isp60scc-sfe.infd.edu.ar\/sitio\/wp-content\/uploads\/2024\/11\/Biologia-Exp-Edu-1-768x1021.jpg 768w\" sizes=\"(max-width: 963px) 100vw, 963px\" \/><\/figure>\n<\/figure>\n\n\n\n<div style=\"height:100px\" aria-hidden=\"true\" class=\"wp-block-spacer\"><\/div>\n\n\n\n<p class=\"has-accent-color has-text-color has-large-font-size\"><strong>Charlas con profesionales<\/strong><\/p>\n\n\n\n<p class=\"has-medium-font-size\">Estas instancias permiten a los estudiantes interactuar con especialistas, plantear preguntas y reflexionar sobre los desaf\u00edos actuales en el campo de la biolog\u00eda, enriqueciendo as\u00ed su formaci\u00f3n acad\u00e9mica y profesional.<\/p>\n\n\n\n<figure class=\"wp-block-gallery has-nested-images columns-default is-cropped wp-block-gallery-3 is-layout-flex\">\n<figure class=\"wp-block-image size-large\"><img decoding=\"async\" loading=\"lazy\" width=\"1600\" height=\"900\" data-id=\"6407\"  src=\"https:\/\/isp60scc-sfe.infd.edu.ar\/sitio\/wp-content\/uploads\/2024\/11\/Biologia-Charla-Prof-10-1.jpg\" alt=\"\" class=\"wp-image-6407\" srcset=\"https:\/\/isp60scc-sfe.infd.edu.ar\/sitio\/wp-content\/uploads\/2024\/11\/Biologia-Charla-Prof-10-1.jpg 1600w, https:\/\/isp60scc-sfe.infd.edu.ar\/sitio\/wp-content\/uploads\/2024\/11\/Biologia-Charla-Prof-10-1-1000x563.jpg 1000w, https:\/\/isp60scc-sfe.infd.edu.ar\/sitio\/wp-content\/uploads\/2024\/11\/Biologia-Charla-Prof-10-1-768x432.jpg 768w, https:\/\/isp60scc-sfe.infd.edu.ar\/sitio\/wp-content\/uploads\/2024\/11\/Biologia-Charla-Prof-10-1-1536x864.jpg 1536w\" sizes=\"(max-width: 1600px) 100vw, 1600px\" \/><\/figure>\n\n\n\n<figure class=\"wp-block-image size-large\"><img decoding=\"async\" loading=\"lazy\" width=\"1280\" height=\"720\" data-id=\"6397\"  src=\"https:\/\/isp60scc-sfe.infd.edu.ar\/sitio\/wp-content\/uploads\/2024\/11\/Biologia-Charla-Prof-9.jpg\" alt=\"\" class=\"wp-image-6397\" srcset=\"https:\/\/isp60scc-sfe.infd.edu.ar\/sitio\/wp-content\/uploads\/2024\/11\/Biologia-Charla-Prof-9.jpg 1280w, https:\/\/isp60scc-sfe.infd.edu.ar\/sitio\/wp-content\/uploads\/2024\/11\/Biologia-Charla-Prof-9-1000x563.jpg 1000w, https:\/\/isp60scc-sfe.infd.edu.ar\/sitio\/wp-content\/uploads\/2024\/11\/Biologia-Charla-Prof-9-768x432.jpg 768w\" sizes=\"(max-width: 1280px) 100vw, 1280px\" \/><\/figure>\n\n\n\n<figure class=\"wp-block-image size-large\"><img decoding=\"async\" loading=\"lazy\" width=\"1600\" height=\"1200\" data-id=\"6402\"  src=\"https:\/\/isp60scc-sfe.infd.edu.ar\/sitio\/wp-content\/uploads\/2024\/11\/Biologia-Charla-Prof-7.jpg\" alt=\"\" class=\"wp-image-6402\" srcset=\"https:\/\/isp60scc-sfe.infd.edu.ar\/sitio\/wp-content\/uploads\/2024\/11\/Biologia-Charla-Prof-7.jpg 1600w, https:\/\/isp60scc-sfe.infd.edu.ar\/sitio\/wp-content\/uploads\/2024\/11\/Biologia-Charla-Prof-7-1000x750.jpg 1000w, https:\/\/isp60scc-sfe.infd.edu.ar\/sitio\/wp-content\/uploads\/2024\/11\/Biologia-Charla-Prof-7-768x576.jpg 768w, https:\/\/isp60scc-sfe.infd.edu.ar\/sitio\/wp-content\/uploads\/2024\/11\/Biologia-Charla-Prof-7-1536x1152.jpg 1536w\" sizes=\"(max-width: 1600px) 100vw, 1600px\" \/><\/figure>\n\n\n\n<figure class=\"wp-block-image size-large\"><img decoding=\"async\" loading=\"lazy\" width=\"720\" height=\"1280\" data-id=\"6398\"  src=\"https:\/\/isp60scc-sfe.infd.edu.ar\/sitio\/wp-content\/uploads\/2024\/11\/Biologia-Charla-Prof-6.jpg\" alt=\"\" class=\"wp-image-6398\" srcset=\"https:\/\/isp60scc-sfe.infd.edu.ar\/sitio\/wp-content\/uploads\/2024\/11\/Biologia-Charla-Prof-6.jpg 720w, https:\/\/isp60scc-sfe.infd.edu.ar\/sitio\/wp-content\/uploads\/2024\/11\/Biologia-Charla-Prof-6-563x1000.jpg 563w\" sizes=\"(max-width: 720px) 100vw, 720px\" \/><\/figure>\n\n\n\n<figure class=\"wp-block-image size-large\"><img decoding=\"async\" loading=\"lazy\" width=\"960\" height=\"1280\" data-id=\"6406\"  src=\"https:\/\/isp60scc-sfe.infd.edu.ar\/sitio\/wp-content\/uploads\/2024\/11\/Biologia-Charla-Prof-3.jpg\" alt=\"\" class=\"wp-image-6406\" srcset=\"https:\/\/isp60scc-sfe.infd.edu.ar\/sitio\/wp-content\/uploads\/2024\/11\/Biologia-Charla-Prof-3.jpg 960w, https:\/\/isp60scc-sfe.infd.edu.ar\/sitio\/wp-content\/uploads\/2024\/11\/Biologia-Charla-Prof-3-750x1000.jpg 750w, https:\/\/isp60scc-sfe.infd.edu.ar\/sitio\/wp-content\/uploads\/2024\/11\/Biologia-Charla-Prof-3-768x1024.jpg 768w\" sizes=\"(max-width: 960px) 100vw, 960px\" \/><\/figure>\n\n\n\n<figure class=\"wp-block-image size-large\"><img decoding=\"async\" loading=\"lazy\" width=\"1280\" height=\"960\" data-id=\"6405\"  src=\"https:\/\/isp60scc-sfe.infd.edu.ar\/sitio\/wp-content\/uploads\/2024\/11\/Biologia-Charla-Prof-4.jpg\" alt=\"\" class=\"wp-image-6405\" srcset=\"https:\/\/isp60scc-sfe.infd.edu.ar\/sitio\/wp-content\/uploads\/2024\/11\/Biologia-Charla-Prof-4.jpg 1280w, https:\/\/isp60scc-sfe.infd.edu.ar\/sitio\/wp-content\/uploads\/2024\/11\/Biologia-Charla-Prof-4-1000x750.jpg 1000w, https:\/\/isp60scc-sfe.infd.edu.ar\/sitio\/wp-content\/uploads\/2024\/11\/Biologia-Charla-Prof-4-768x576.jpg 768w\" sizes=\"(max-width: 1280px) 100vw, 1280px\" \/><\/figure>\n\n\n\n<figure class=\"wp-block-image size-large\"><img decoding=\"async\" loading=\"lazy\" width=\"1280\" height=\"960\" data-id=\"6404\"  src=\"https:\/\/isp60scc-sfe.infd.edu.ar\/sitio\/wp-content\/uploads\/2024\/11\/Biologia-Charla-Prof-2.jpg\" alt=\"\" class=\"wp-image-6404\" srcset=\"https:\/\/isp60scc-sfe.infd.edu.ar\/sitio\/wp-content\/uploads\/2024\/11\/Biologia-Charla-Prof-2.jpg 1280w, https:\/\/isp60scc-sfe.infd.edu.ar\/sitio\/wp-content\/uploads\/2024\/11\/Biologia-Charla-Prof-2-1000x750.jpg 1000w, https:\/\/isp60scc-sfe.infd.edu.ar\/sitio\/wp-content\/uploads\/2024\/11\/Biologia-Charla-Prof-2-768x576.jpg 768w\" sizes=\"(max-width: 1280px) 100vw, 1280px\" \/><\/figure>\n\n\n\n<figure class=\"wp-block-image size-large\"><img decoding=\"async\" loading=\"lazy\" width=\"960\" height=\"1280\" data-id=\"6403\"  src=\"https:\/\/isp60scc-sfe.infd.edu.ar\/sitio\/wp-content\/uploads\/2024\/11\/Biologia-Charla-Prof-1.jpg\" alt=\"\" class=\"wp-image-6403\" srcset=\"https:\/\/isp60scc-sfe.infd.edu.ar\/sitio\/wp-content\/uploads\/2024\/11\/Biologia-Charla-Prof-1.jpg 960w, https:\/\/isp60scc-sfe.infd.edu.ar\/sitio\/wp-content\/uploads\/2024\/11\/Biologia-Charla-Prof-1-750x1000.jpg 750w, https:\/\/isp60scc-sfe.infd.edu.ar\/sitio\/wp-content\/uploads\/2024\/11\/Biologia-Charla-Prof-1-768x1024.jpg 768w\" sizes=\"(max-width: 960px) 100vw, 960px\" \/><\/figure>\n<\/figure>\n","protected":false},"excerpt":{"rendered":"<p>El Profesorado de Educaci\u00f3n Secundaria en Biolog\u00eda ofrece una formaci\u00f3n integral a trav\u00e9s de diversas experiencias educativas. Los estudiantes participan en pr\u00e1cticas en laboratorios y salidas de campo, donde aplican conocimientos cient\u00edficos en contextos reales. Adem\u00e1s, realizan proyectos interdisciplinarios, asisten a talleres y charlas especializadas, y llevan a cabo pr\u00e1cticas docentes supervisadas en escuelas secundarias. &#8230; <a title=\"Conozca el Profesorado de Biolog\u00eda\" class=\"read-more\" href=\"https:\/\/isp60scc-sfe.infd.edu.ar\/sitio\/conozca-el-profesorado-de-biologia\/\" aria-label=\"More on Conozca el Profesorado de Biolog\u00eda\">[+]<\/a><\/p>\n","protected":false},"author":12,"featured_media":0,"parent":0,"menu_order":0,"comment_status":"closed","ping_status":"closed","template":"","meta":[],"acf":[],"_links":{"self":[{"href":"https:\/\/isp60scc-sfe.infd.edu.ar\/sitio\/wp-json\/wp\/v2\/pages\/6386"}],"collection":[{"href":"https:\/\/isp60scc-sfe.infd.edu.ar\/sitio\/wp-json\/wp\/v2\/pages"}],"about":[{"href":"https:\/\/isp60scc-sfe.infd.edu.ar\/sitio\/wp-json\/wp\/v2\/types\/page"}],"author":[{"embeddable":true,"href":"https:\/\/isp60scc-sfe.infd.edu.ar\/sitio\/wp-json\/wp\/v2\/users\/12"}],"replies":[{"embeddable":true,"href":"https:\/\/isp60scc-sfe.infd.edu.ar\/sitio\/wp-json\/wp\/v2\/comments?post=6386"}],"version-history":[{"count":6,"href":"https:\/\/isp60scc-sfe.infd.edu.ar\/sitio\/wp-json\/wp\/v2\/pages\/6386\/revisions"}],"predecessor-version":[{"id":6609,"href":"https:\/\/isp60scc-sfe.infd.edu.ar\/sitio\/wp-json\/wp\/v2\/pages\/6386\/revisions\/6609"}],"wp:attachment":[{"href":"https:\/\/isp60scc-sfe.infd.edu.ar\/sitio\/wp-json\/wp\/v2\/media?parent=6386"}],"curies":[{"name":"wp","href":"https:\/\/api.w.org\/{rel}","templated":true}]}}