{"id":6870,"date":"2025-06-04T18:05:03","date_gmt":"2025-06-04T21:05:03","guid":{"rendered":"https:\/\/isp60scc-sfe.infd.edu.ar\/sitio\/?page_id=6870"},"modified":"2025-11-27T18:52:00","modified_gmt":"2025-11-27T21:52:00","slug":"el-campus","status":"publish","type":"page","link":"https:\/\/isp60scc-sfe.infd.edu.ar\/sitio\/el-campus\/","title":{"rendered":"El Campus"},"content":{"rendered":"\n<h1 class=\"wp-block-heading\">Conoce la Plataforma de INFoD<\/h1>\n\n\n\n<p class=\"has-medium-font-size\">Te invitamos a explorar el <strong>Campus Virtual del INFoD<\/strong>, un espacio fundamental para tu formaci\u00f3n continua.<\/p>\n\n\n\n<p class=\"has-medium-font-size\">En esta instancia, te familiarizar\u00e1s con las herramientas de la plataforma, aprender\u00e1s a navegar en ella y a aprovechar al m\u00e1ximo sus recursos y propuestas de formaci\u00f3n.<\/p>\n\n\n\n<p class=\"has-medium-font-size\">Esta es una oportunidad clave para fortalecer tu autonom\u00eda y tus competencias digitales, elementos esenciales para un proceso de ense\u00f1anza y aprendizaje comprometido y actualizado.<\/p>\n\n\n\n<p class=\"has-large-font-size\"><br><strong>\u00bfC\u00f3mo navegar los contenidos?<\/strong><\/p>\n\n\n\n<figure class=\"wp-block-embed is-type-video is-provider-youtube wp-block-embed-youtube wp-embed-aspect-16-9 wp-has-aspect-ratio\"><div class=\"wp-block-embed__wrapper\">\n<iframe loading=\"lazy\" title=\"\u00bfC\u00f3mo navegar los contenidos?\" width=\"1200\" height=\"675\" src=\"https:\/\/www.youtube.com\/embed\/ygHqO2eAx7A?feature=oembed\" frameborder=\"0\" allow=\"accelerometer; autoplay; clipboard-write; encrypted-media; gyroscope; picture-in-picture; web-share\" referrerpolicy=\"strict-origin-when-cross-origin\" allowfullscreen><\/iframe>\n<\/div><\/figure>\n\n\n\n<div style=\"height:100px\" aria-hidden=\"true\" class=\"wp-block-spacer\"><\/div>\n\n\n\n<p class=\"has-large-font-size\"><strong>\u00bfC\u00f3mo cambiar la contrase\u00f1a?<\/strong><\/p>\n\n\n\n<figure class=\"wp-block-embed is-type-video is-provider-youtube wp-block-embed-youtube wp-embed-aspect-16-9 wp-has-aspect-ratio\"><div class=\"wp-block-embed__wrapper\">\n<iframe loading=\"lazy\" title=\"\u00bfC\u00f3mo cambiar la contrase\u00f1a?\" width=\"1200\" height=\"675\" src=\"https:\/\/www.youtube.com\/embed\/yaGEVaA5Hk8?feature=oembed\" frameborder=\"0\" allow=\"accelerometer; autoplay; clipboard-write; encrypted-media; gyroscope; picture-in-picture; web-share\" referrerpolicy=\"strict-origin-when-cross-origin\" allowfullscreen><\/iframe>\n<\/div><\/figure>\n\n\n\n<div style=\"height:100px\" aria-hidden=\"true\" class=\"wp-block-spacer\"><\/div>\n\n\n\n<p class=\"has-large-font-size\"><br><strong>\u00bfC\u00f3mo guardo mis apuntes?<\/strong><\/p>\n\n\n\n<figure class=\"wp-block-embed is-type-video is-provider-youtube wp-block-embed-youtube wp-embed-aspect-16-9 wp-has-aspect-ratio\"><div class=\"wp-block-embed__wrapper\">\n<iframe loading=\"lazy\" title=\"\u00bfC\u00f3mo guardo mis apuntes?\" width=\"1200\" height=\"675\" src=\"https:\/\/www.youtube.com\/embed\/_6cOtuaOu8w?feature=oembed\" frameborder=\"0\" allow=\"accelerometer; autoplay; clipboard-write; encrypted-media; gyroscope; picture-in-picture; web-share\" referrerpolicy=\"strict-origin-when-cross-origin\" allowfullscreen><\/iframe>\n<\/div><\/figure>\n\n\n\n<div style=\"height:100px\" aria-hidden=\"true\" class=\"wp-block-spacer\"><\/div>\n\n\n\n<p class=\"has-large-font-size\"><strong>C\u00f3mo entregar una actividad<\/strong><\/p>\n\n\n\n<figure class=\"wp-block-embed is-type-video is-provider-youtube wp-block-embed-youtube wp-embed-aspect-16-9 wp-has-aspect-ratio\"><div class=\"wp-block-embed__wrapper\">\n<iframe loading=\"lazy\" title=\"C\u00f3mo entregar una actividad\" width=\"1200\" height=\"675\" src=\"https:\/\/www.youtube.com\/embed\/XHe60GE4054?feature=oembed\" frameborder=\"0\" allow=\"accelerometer; autoplay; clipboard-write; encrypted-media; gyroscope; picture-in-picture; web-share\" referrerpolicy=\"strict-origin-when-cross-origin\" allowfullscreen><\/iframe>\n<\/div><\/figure>\n\n\n\n<p><\/p>\n\n\n\n<div style=\"height:100px\" aria-hidden=\"true\" class=\"wp-block-spacer\"><\/div>\n\n\n\n<p class=\"has-medium-font-size\">Puedes Tambi\u00e9n descargar el <a href=\"https:\/\/isp60scc-sfe.infd.edu.ar\/sitio\/wp-content\/uploads\/2020\/06\/Tutorial_campus_virtual.pdf\">Tutorial del Campus Virtual<\/a><\/p>\n\n\n\n<p><strong>Algunas Recomendaciones en <a href=\"https:\/\/isp60scc-sfe.infd.edu.ar\/sitio\/recomendaciones-foros-chat-mensajeria\/\">uso de Foros &#8211; Chat y Mensajer\u00edas <\/a><\/strong><\/p>\n\n\n\n<p><\/p>\n\n\n\n<p><\/p>\n\n\n\n<p><\/p>\n","protected":false},"excerpt":{"rendered":"<p>Conoce la Plataforma de INFoD Te invitamos a explorar el Campus Virtual del INFoD, un espacio fundamental para tu formaci\u00f3n continua. En esta instancia, te familiarizar\u00e1s con las herramientas de la plataforma, aprender\u00e1s a navegar en ella y a aprovechar al m\u00e1ximo sus recursos y propuestas de formaci\u00f3n. Esta es una oportunidad clave para fortalecer &#8230; <a title=\"El Campus\" class=\"read-more\" href=\"https:\/\/isp60scc-sfe.infd.edu.ar\/sitio\/el-campus\/\" aria-label=\"More on El Campus\">[+]<\/a><\/p>\n","protected":false},"author":12,"featured_media":6877,"parent":0,"menu_order":0,"comment_status":"closed","ping_status":"closed","template":"","meta":[],"acf":[],"_links":{"self":[{"href":"https:\/\/isp60scc-sfe.infd.edu.ar\/sitio\/wp-json\/wp\/v2\/pages\/6870"}],"collection":[{"href":"https:\/\/isp60scc-sfe.infd.edu.ar\/sitio\/wp-json\/wp\/v2\/pages"}],"about":[{"href":"https:\/\/isp60scc-sfe.infd.edu.ar\/sitio\/wp-json\/wp\/v2\/types\/page"}],"author":[{"embeddable":true,"href":"https:\/\/isp60scc-sfe.infd.edu.ar\/sitio\/wp-json\/wp\/v2\/users\/12"}],"replies":[{"embeddable":true,"href":"https:\/\/isp60scc-sfe.infd.edu.ar\/sitio\/wp-json\/wp\/v2\/comments?post=6870"}],"version-history":[{"count":8,"href":"https:\/\/isp60scc-sfe.infd.edu.ar\/sitio\/wp-json\/wp\/v2\/pages\/6870\/revisions"}],"predecessor-version":[{"id":7174,"href":"https:\/\/isp60scc-sfe.infd.edu.ar\/sitio\/wp-json\/wp\/v2\/pages\/6870\/revisions\/7174"}],"wp:featuredmedia":[{"embeddable":true,"href":"https:\/\/isp60scc-sfe.infd.edu.ar\/sitio\/wp-json\/wp\/v2\/media\/6877"}],"wp:attachment":[{"href":"https:\/\/isp60scc-sfe.infd.edu.ar\/sitio\/wp-json\/wp\/v2\/media?parent=6870"}],"curies":[{"name":"wp","href":"https:\/\/api.w.org\/{rel}","templated":true}]}}