{"id":7297,"date":"2026-03-17T18:46:29","date_gmt":"2026-03-17T21:46:29","guid":{"rendered":"https:\/\/isp60scc-sfe.infd.edu.ar\/sitio\/?page_id=7297"},"modified":"2026-04-23T17:23:17","modified_gmt":"2026-04-23T20:23:17","slug":"efemerides","status":"publish","type":"page","link":"https:\/\/isp60scc-sfe.infd.edu.ar\/sitio\/efemerides\/","title":{"rendered":"Efem\u00e9rides"},"content":{"rendered":"\n<p><\/p>\n\n\n\n<h3 class=\"wp-block-heading has-accent-color has-base-2-background-color has-text-color has-background\"><strong>Sentidos de las Efem\u00e9rides: Repensar el pasado desde el presente<\/strong><\/h3>\n\n\n\n<p class=\"has-medium-font-size\" id=\"p-rc_70651b72ce2b64c1-19\">Durante gran parte del siglo XX, las efem\u00e9rides funcionaron como un dispositivo central para construir un \u00abnosotros\u00bb com\u00fan y fortalecer la identidad nacional en la escuela. Sin embargo, el documento advierte que la repetici\u00f3n mec\u00e1nica de estos rituales ha generado, con el tiempo, un vaciamiento de sentido, transform\u00e1ndolos en formalidades carentes de significaci\u00f3n para las nuevas generaciones.<br><\/p>\n\n\n<div class=\"wp-block-image\">\n<figure class=\"aligncenter size-large is-resized\"><img decoding=\"async\" loading=\"lazy\" src=\"https:\/\/isp60scc-sfe.infd.edu.ar\/sitio\/wp-content\/uploads\/2026\/03\/Repensar-las-efemerides-1900x1041.jpg\" alt=\"\" class=\"wp-image-7325\" width=\"950\" height=\"521\" srcset=\"https:\/\/isp60scc-sfe.infd.edu.ar\/sitio\/wp-content\/uploads\/2026\/03\/Repensar-las-efemerides-1900x1041.jpg 1900w, https:\/\/isp60scc-sfe.infd.edu.ar\/sitio\/wp-content\/uploads\/2026\/03\/Repensar-las-efemerides-1000x548.jpg 1000w, https:\/\/isp60scc-sfe.infd.edu.ar\/sitio\/wp-content\/uploads\/2026\/03\/Repensar-las-efemerides-768x421.jpg 768w, https:\/\/isp60scc-sfe.infd.edu.ar\/sitio\/wp-content\/uploads\/2026\/03\/Repensar-las-efemerides-1536x841.jpg 1536w, https:\/\/isp60scc-sfe.infd.edu.ar\/sitio\/wp-content\/uploads\/2026\/03\/Repensar-las-efemerides-2048x1122.jpg 2048w\" sizes=\"(max-width: 950px) 100vw, 950px\" \/><\/figure><\/div>\n\n\n<p class=\"has-text-align-center has-medium-font-size\" id=\"p-rc_70651b72ce2b64c1-19\"><a href=\"https:\/\/isp60scc-sfe.infd.edu.ar\/sitio\/wp-content\/uploads\/2026\/03\/Cartilla-Sentidos-de-las-efemerides.pdf\"><strong>[Lee la cartilla]<\/strong><\/a><\/p>\n\n\n\n<p><\/p>\n\n\n\n<div style=\"height:100px\" aria-hidden=\"true\" class=\"wp-block-spacer\"><\/div>\n\n\n\n<hr class=\"wp-block-separator has-alpha-channel-opacity\"\/>\n\n\n\n<div style=\"height:100px\" aria-hidden=\"true\" class=\"wp-block-spacer\"><\/div>\n\n\n\n<p class=\"has-text-align-left has-accent-color has-base-2-background-color has-text-color has-background has-large-font-size\">24 de marzo: <strong>D\u00eda de la Memoria<\/strong><\/p>\n\n\n\n<p class=\"has-medium-font-size\">Recordar esta fecha invita a interpelar el presente y a reconocer que el sistema democr\u00e1tico es una construcci\u00f3n hist\u00f3rica colectiva que requiere de nuestra participaci\u00f3n activa para garantizar que estos hechos no vuelvan a repetirse. <a href=\"https:\/\/isp60scc-sfe.infd.edu.ar\/sitio\/wp-content\/uploads\/2026\/03\/Cartilla-Dia-Nacional-de-la-memoria-por-la-verdad-y-la-justicia.pdf\"><strong>[Lee la cartilla]<\/strong><\/a><\/p>\n\n\n\n<div style=\"height:50px\" aria-hidden=\"true\" class=\"wp-block-spacer\"><\/div>\n\n\n<div class=\"wp-block-image\">\n<figure class=\"aligncenter size-large is-resized\"><img decoding=\"async\" loading=\"lazy\" src=\"https:\/\/isp60scc-sfe.infd.edu.ar\/sitio\/wp-content\/uploads\/2026\/03\/24-de-Marzo-1900x1034.jpg\" alt=\"\" class=\"wp-image-7331\" width=\"984\" height=\"536\" srcset=\"https:\/\/isp60scc-sfe.infd.edu.ar\/sitio\/wp-content\/uploads\/2026\/03\/24-de-Marzo-1900x1034.jpg 1900w, https:\/\/isp60scc-sfe.infd.edu.ar\/sitio\/wp-content\/uploads\/2026\/03\/24-de-Marzo-1000x544.jpg 1000w, https:\/\/isp60scc-sfe.infd.edu.ar\/sitio\/wp-content\/uploads\/2026\/03\/24-de-Marzo-768x418.jpg 768w, https:\/\/isp60scc-sfe.infd.edu.ar\/sitio\/wp-content\/uploads\/2026\/03\/24-de-Marzo-1536x836.jpg 1536w, https:\/\/isp60scc-sfe.infd.edu.ar\/sitio\/wp-content\/uploads\/2026\/03\/24-de-Marzo-2048x1114.jpg 2048w\" sizes=\"(max-width: 984px) 100vw, 984px\" \/><\/figure><\/div>\n\n\n<div style=\"height:100px\" aria-hidden=\"true\" class=\"wp-block-spacer\"><\/div>\n\n\n\n<p class=\"has-medium-font-size\"><strong>Jornada de Reflexi\u00f3n por el D\u00eda de la Memoria<\/strong><\/p>\n\n\n\n<p class=\"has-medium-font-size\">En el marco del <em>Proyecto Efem\u00e9rides<\/em>, el Instituto Superior del Profesorado N\u00b0 60 invit\u00f3 a escuelas secundarias de la zona a participar de una <strong>jornada de reflexi\u00f3n<\/strong> el pasado <strong>24 de marzo \u2013 D\u00eda Nacional de la Memoria por la Verdad y la Justicia<\/strong>.<\/p>\n\n\n\n<p class=\"has-medium-font-size\">Durante el encuentro, los j\u00f3venes participaron de diversas propuestas desarrolladas en distintos espacios, con actividades pensadas para <strong>conocer y reflexionar sobre nuestra historia reciente<\/strong>. A trav\u00e9s de din\u00e1micas participativas, se promovi\u00f3 el pensamiento cr\u00edtico, la memoria colectiva y el compromiso con los valores democr\u00e1ticos.<\/p>\n\n\n\n<p class=\"has-medium-font-size\">Como se puede ver en el siguiente video, la jornada se vivi\u00f3 con gran participaci\u00f3n e inter\u00e9s por parte de los estudiantes, consolidando un espacio de aprendizaje significativo y de construcci\u00f3n de ciudadan\u00eda.<\/p>\n\n\n\n<figure class=\"wp-block-embed aligncenter is-type-video is-provider-youtube wp-block-embed-youtube wp-embed-aspect-9-16 wp-has-aspect-ratio\"><div class=\"wp-block-embed__wrapper\">\n<iframe loading=\"lazy\" title=\"Video 24M\" width=\"563\" height=\"1000\" src=\"https:\/\/www.youtube.com\/embed\/vu3rhVwDXF0?feature=oembed\" frameborder=\"0\" allow=\"accelerometer; autoplay; clipboard-write; encrypted-media; gyroscope; picture-in-picture; web-share\" referrerpolicy=\"strict-origin-when-cross-origin\" allowfullscreen><\/iframe>\n<\/div><\/figure>\n\n\n\n<hr class=\"wp-block-separator has-alpha-channel-opacity\"\/>\n\n\n\n<p><\/p>\n\n\n\n<p><\/p>\n\n\n\n<p><\/p>\n","protected":false},"excerpt":{"rendered":"<p>Sentidos de las Efem\u00e9rides: Repensar el pasado desde el presente Durante gran parte del siglo XX, las efem\u00e9rides funcionaron como un dispositivo central para construir un \u00abnosotros\u00bb com\u00fan y fortalecer la identidad nacional en la escuela. Sin embargo, el documento advierte que la repetici\u00f3n mec\u00e1nica de estos rituales ha generado, con el tiempo, un vaciamiento &#8230; <a title=\"Efem\u00e9rides\" class=\"read-more\" href=\"https:\/\/isp60scc-sfe.infd.edu.ar\/sitio\/efemerides\/\" aria-label=\"More on Efem\u00e9rides\">[+]<\/a><\/p>\n","protected":false},"author":12,"featured_media":7299,"parent":0,"menu_order":0,"comment_status":"closed","ping_status":"closed","template":"","meta":[],"acf":[],"_links":{"self":[{"href":"https:\/\/isp60scc-sfe.infd.edu.ar\/sitio\/wp-json\/wp\/v2\/pages\/7297"}],"collection":[{"href":"https:\/\/isp60scc-sfe.infd.edu.ar\/sitio\/wp-json\/wp\/v2\/pages"}],"about":[{"href":"https:\/\/isp60scc-sfe.infd.edu.ar\/sitio\/wp-json\/wp\/v2\/types\/page"}],"author":[{"embeddable":true,"href":"https:\/\/isp60scc-sfe.infd.edu.ar\/sitio\/wp-json\/wp\/v2\/users\/12"}],"replies":[{"embeddable":true,"href":"https:\/\/isp60scc-sfe.infd.edu.ar\/sitio\/wp-json\/wp\/v2\/comments?post=7297"}],"version-history":[{"count":15,"href":"https:\/\/isp60scc-sfe.infd.edu.ar\/sitio\/wp-json\/wp\/v2\/pages\/7297\/revisions"}],"predecessor-version":[{"id":7368,"href":"https:\/\/isp60scc-sfe.infd.edu.ar\/sitio\/wp-json\/wp\/v2\/pages\/7297\/revisions\/7368"}],"wp:featuredmedia":[{"embeddable":true,"href":"https:\/\/isp60scc-sfe.infd.edu.ar\/sitio\/wp-json\/wp\/v2\/media\/7299"}],"wp:attachment":[{"href":"https:\/\/isp60scc-sfe.infd.edu.ar\/sitio\/wp-json\/wp\/v2\/media?parent=7297"}],"curies":[{"name":"wp","href":"https:\/\/api.w.org\/{rel}","templated":true}]}}