{"id":731,"date":"2018-06-28T02:04:56","date_gmt":"2018-06-28T05:04:56","guid":{"rendered":"https:\/\/isp60scc-sfe.infd.edu.ar\/sitio\/investigacion\/"},"modified":"2024-05-29T17:42:02","modified_gmt":"2024-05-29T20:42:02","slug":"investigacion","status":"publish","type":"page","link":"https:\/\/isp60scc-sfe.infd.edu.ar\/sitio\/investigacion\/","title":{"rendered":"Investigaci\u00f3n"},"content":{"rendered":"\n<h5 class=\"wp-block-heading\"><img decoding=\"async\" loading=\"lazy\" class=\"alignright\" src=\"https:\/\/isp60scc-sfe.infd.edu.ar\/sitio\/wp-content\/uploads\/2022\/06\/Investigacion.png\" width=\"269\" height=\"600\"><\/h5>\n\n\n\n<p class=\"has-medium-font-size\">&nbsp;Desde este espacio se comprende la investigaci\u00f3n en v\u00ednculo con las pr\u00e1cticas docentes y profesionales-t\u00e9cnicas, apostando a una actitud investigativa continua. En tanto que dicha actitud aporta elementos y miradas que llevan a docentes y estudiantes del nivel superior, a generar interrogantes y a la b\u00fasqueda de respuestas posibles y saberes sobre pr\u00e1cticas situadas. Se trata de un proceso activo y participe de la acci\u00f3n educativa, en tanto campo relacional de mediaciones que colabora brindando herramientas y conocimientos para la problematizaci\u00f3n, reflexi\u00f3n, an\u00e1lisis y fundamentaci\u00f3n de las pr\u00e1cticas y la formaci\u00f3n docente y profesional-t\u00e9cnica en una retroalimentaci\u00f3n permanente.<\/p>\n\n\n\n<p class=\"has-medium-font-size\">&nbsp;&nbsp;&nbsp; Al mismo tiempo, la investigaci\u00f3n adquiere sentido cuando se relaciona con otras funciones propias del Nivel Superior, como lo son las pr\u00e1cticas de formaci\u00f3n inicial, de formaci\u00f3n continua, de apoyo a las escuelas asociadas y con el resto de las instituciones y agentes del sistema en la regi\u00f3n, bajo las intenciones de generar relaciones y aportes en la mejora y la transformaci\u00f3n educativa. En tal sentido la investigaci\u00f3n se convierte en una contribuci\u00f3n fundamental a las \u00e1reas disciplinares, los contenidos transversales y su ense\u00f1anza, fortalece y acompa\u00f1a las trayectorias estudiantiles, as\u00ed como articula, promueve y potencia las instituciones y las condiciones de participaci\u00f3n y convivencia. Por lo que las l\u00edneas de investigaci\u00f3n favorecen a la cultura institucional a trav\u00e9s de contribuir a los procesos formativos y de divulgaci\u00f3n, tanto hacia el interior del Instituto como de las escuelas asociadas, as\u00ed como habilita a construir y\/o fortalecer espacios de acumulaci\u00f3n y revisi\u00f3n de experiencias en el aprendizaje del oficio de investigar.<\/p>\n\n\n\n<h5 class=\"wp-block-heading\">&nbsp;<\/h5>\n\n\n\n<hr class=\"wp-block-separator has-alpha-channel-opacity\"\/>\n\n\n\n<h4 class=\"wp-block-heading has-text-align-center\"><span class=\"qu\" tabindex=\"-1\" role=\"gridcell\" translate=\"no\"><span class=\"go\">Para comunicarse con esta \u00e1rea: isp60.investigaci\u00f3n@gmail.com<\/span><\/span><\/h4>\n\n\n\n<hr class=\"wp-block-separator has-alpha-channel-opacity\"\/>\n\n\n\n<h2 class=\"wp-block-heading\">&nbsp;<\/h2>\n","protected":false},"excerpt":{"rendered":"<p>&nbsp;Desde este espacio se comprende la investigaci\u00f3n en v\u00ednculo con las pr\u00e1cticas docentes y profesionales-t\u00e9cnicas, apostando a una actitud investigativa continua. En tanto que dicha actitud aporta elementos y miradas que llevan a docentes y estudiantes del nivel superior, a generar interrogantes y a la b\u00fasqueda de respuestas posibles y saberes sobre pr\u00e1cticas situadas. Se &#8230; <a title=\"Investigaci\u00f3n\" class=\"read-more\" href=\"https:\/\/isp60scc-sfe.infd.edu.ar\/sitio\/investigacion\/\" aria-label=\"More on Investigaci\u00f3n\">[+]<\/a><\/p>\n","protected":false},"author":12,"featured_media":1260,"parent":0,"menu_order":0,"comment_status":"closed","ping_status":"closed","template":"","meta":[],"acf":[],"_links":{"self":[{"href":"https:\/\/isp60scc-sfe.infd.edu.ar\/sitio\/wp-json\/wp\/v2\/pages\/731"}],"collection":[{"href":"https:\/\/isp60scc-sfe.infd.edu.ar\/sitio\/wp-json\/wp\/v2\/pages"}],"about":[{"href":"https:\/\/isp60scc-sfe.infd.edu.ar\/sitio\/wp-json\/wp\/v2\/types\/page"}],"author":[{"embeddable":true,"href":"https:\/\/isp60scc-sfe.infd.edu.ar\/sitio\/wp-json\/wp\/v2\/users\/12"}],"replies":[{"embeddable":true,"href":"https:\/\/isp60scc-sfe.infd.edu.ar\/sitio\/wp-json\/wp\/v2\/comments?post=731"}],"version-history":[{"count":12,"href":"https:\/\/isp60scc-sfe.infd.edu.ar\/sitio\/wp-json\/wp\/v2\/pages\/731\/revisions"}],"predecessor-version":[{"id":5792,"href":"https:\/\/isp60scc-sfe.infd.edu.ar\/sitio\/wp-json\/wp\/v2\/pages\/731\/revisions\/5792"}],"wp:featuredmedia":[{"embeddable":true,"href":"https:\/\/isp60scc-sfe.infd.edu.ar\/sitio\/wp-json\/wp\/v2\/media\/1260"}],"wp:attachment":[{"href":"https:\/\/isp60scc-sfe.infd.edu.ar\/sitio\/wp-json\/wp\/v2\/media?parent=731"}],"curies":[{"name":"wp","href":"https:\/\/api.w.org\/{rel}","templated":true}]}}