{"id":748,"date":"2018-06-28T02:05:02","date_gmt":"2018-06-28T05:05:02","guid":{"rendered":"https:\/\/isp60scc-sfe.infd.edu.ar\/sitio\/docentes\/"},"modified":"2026-04-23T18:16:59","modified_gmt":"2026-04-23T21:16:59","slug":"docentes","status":"publish","type":"page","link":"https:\/\/isp60scc-sfe.infd.edu.ar\/sitio\/docentes\/","title":{"rendered":"Docentes ISP 60"},"content":{"rendered":"\n<p><\/p>\n\n\n\n<h3 class=\"wp-block-heading\">Descubre a Nuestro Equipo Docente por Carrera<\/h3>\n\n\n<div class=\"wp-block-image\">\n<figure class=\"alignright size-full is-resized\"><img decoding=\"async\" loading=\"lazy\" src=\"https:\/\/isp60scc-sfe.infd.edu.ar\/sitio\/wp-content\/uploads\/2024\/08\/image-5.png\" alt=\"\" class=\"wp-image-6168\" width=\"498\" height=\"332\"\/><\/figure><\/div>\n\n\n<p><\/p>\n\n\n\n<p><\/p>\n\n\n\n<p><\/p>\n\n\n\n<p class=\"has-medium-font-size\">En nuestra instituci\u00f3n, nos enorgullece contar con un cuerpo docente de gran prestigio y dedicaci\u00f3n, comprometido con brindar una educaci\u00f3n de calidad. A continuaci\u00f3n, te presentamos a los profesores que gu\u00edan el aprendizaje y la formaci\u00f3n en cada una de nuestras carreras:<\/p>\n\n\n\n<p><\/p>\n\n\n\n<p><\/p>\n\n\n\n<p><\/p>\n\n\n\n<p><\/p>\n\n\n\n<h2 class=\"wp-block-heading\"><span style=\"color: #333399;\">Profesorado De Educaci\u00f3n Inicial<\/span><\/h2>\n\n\n\n<ul>\n<li>ACOSTA, Johanna<\/li>\n\n\n\n<li>BERTOSSI, Mar\u00eda Fernanda<\/li>\n\n\n\n<li>CAMPITELLI, Evangelina<\/li>\n\n\n\n<li><span style=\"font-weight: 400;\">CAPOVILLA, Constanza (Generalista Taller I, III y IV)<\/span><\/li>\n\n\n\n<li><span style=\"font-weight: 400;\">CHAILLOU, Mariana<\/span><\/li>\n\n\n\n<li><span style=\"font-weight: 400;\">COLASSO, Cristian<\/span><\/li>\n\n\n\n<li><span style=\"font-weight: 400;\">CORALLO, Rosario<\/span><\/li>\n\n\n\n<li><span style=\"font-weight: 400;\">C\u00d3RDOBA, Andrea<\/span><\/li>\n\n\n\n<li>DELGADO, Ver\u00f3nica<\/li>\n\n\n\n<li>DEL MONTE, Andrea<\/li>\n\n\n\n<li><span style=\"font-weight: 400;\">ESCOBAR, Luis&nbsp;<\/span><\/li>\n\n\n\n<li><span style=\"font-weight: 400;\">FAES, Patricia (Generalista Taller II)<\/span><\/li>\n\n\n\n<li>FERRERO, Marcelo<\/li>\n\n\n\n<li><span style=\"font-weight: 400;\">GRAMAJO, Ma. Eugeni<\/span>a<\/li>\n\n\n\n<li><span style=\"font-weight: 400;\">HILDBRAND, Estela&nbsp;<\/span><\/li>\n\n\n\n<li><span style=\"font-weight: 400;\">LEDERHOS, Ma. Silvina (Especialista Taller III y IV)<\/span><\/li>\n\n\n\n<li><span style=\"font-weight: 400;\">MASSIMINO, Emilio<\/span><\/li>\n\n\n\n<li>NECHAY, Evelyn<\/li>\n\n\n\n<li><span style=\"font-weight: 400;\">PETROSELLI,&nbsp; Marianela<\/span><\/li>\n\n\n\n<li><span style=\"font-weight: 400;\">PETROSELLI, Esteban<\/span><\/li>\n\n\n\n<li>PETROSELLI, Fernando<\/li>\n\n\n\n<li>PIETRONI, Martina<\/li>\n\n\n\n<li><span style=\"font-weight: 400;\">REYNARES, Ma. Emilia<\/span><\/li>\n\n\n\n<li><span style=\"font-weight: 400;\">SALOM\u00d3N, Pablo<\/span><\/li>\n\n\n\n<li>SECHY, Eliana<\/li>\n\n\n\n<li>ROJAS, Alejandro<\/li>\n\n\n\n<li>TANTERA, Soledad<\/li>\n\n\n\n<li><span style=\"font-weight: 400;\">THEILER, Mariela<\/span><\/li>\n\n\n\n<li><span style=\"font-weight: 400;\">WALEMBERG, Erica<\/span><\/li>\n\n\n\n<li><span style=\"font-weight: 400;\">ZURBRIGGEN, Ma. Ang\u00e9lica<\/span><\/li>\n<\/ul>\n\n\n\n<h2 class=\"wp-block-heading\"><span style=\"color: #333399;\">Profesorado De Educaci\u00f3n Primaria<\/span><\/h2>\n\n\n\n<ul>\n<li><span style=\"font-weight: 400;\">AGNELLO, Federico<\/span><\/li>\n\n\n\n<li>BATAGLINI, Julio<\/li>\n\n\n\n<li><span style=\"font-weight: 400;\">CACCIOLATTO, Ma. Elisa<\/span><\/li>\n\n\n\n<li><span style=\"font-weight: 400;\">CHAILLOU, Mariana<\/span><\/li>\n\n\n\n<li><span style=\"font-weight: 400;\">CORALLO, Rosario<\/span><\/li>\n\n\n\n<li>COUTAZ, Federico<\/li>\n\n\n\n<li><span style=\"font-weight: 400;\">C\u00d3RDOBA, Andrea<\/span><\/li>\n\n\n\n<li>DELMONTE, Andrea<\/li>\n\n\n\n<li><span style=\"font-weight: 400;\">ESCOBAR, Luis\u00a0<\/span><\/li>\n\n\n\n<li><span style=\"font-weight: 400;\">FAES, Patricia (Generalista Taller I, II, IV)<\/span><\/li>\n\n\n\n<li><span style=\"font-weight: 400;\">FARIAS, Diego<\/span><\/li>\n\n\n\n<li><span style=\"font-weight: 400;\">GONZALEZ, Laura<\/span><\/li>\n\n\n\n<li><span style=\"font-weight: 400;\">GRAMAJO, Ma. Eugenia<\/span><\/li>\n\n\n\n<li><span style=\"font-weight: 400;\">GRECCO, Ma. Laura&nbsp;<\/span><\/li>\n\n\n\n<li><span style=\"font-weight: 400;\">HILDBRAND, Estela&nbsp;<\/span><\/li>\n\n\n\n<li><span style=\"font-weight: 400;\">KESTLER, Ana&nbsp;<\/span><\/li>\n\n\n\n<li><span style=\"font-weight: 400;\">LEDERHOS, Ma. Silvina&nbsp;<\/span><\/li>\n\n\n\n<li><span style=\"font-weight: 400;\">MARIANO, Cecilia (Generalista Taller III)<\/span><\/li>\n\n\n\n<li><span style=\"font-weight: 400;\">MASSIMINO, Emilio<\/span><\/li>\n\n\n\n<li><span style=\"font-weight: 400;\">PETROSELLI,&nbsp; Marianela<\/span><\/li>\n\n\n\n<li><span style=\"font-weight: 400;\">PETROSELLI, Esteban&nbsp;<\/span><\/li>\n\n\n\n<li><span style=\"font-weight: 400;\">REYNARES, Ma. Emilia<\/span><\/li>\n\n\n\n<li>Rojas, Alejandro<\/li>\n\n\n\n<li><span style=\"font-weight: 400;\">ROSTAGNO, Cecilia<\/span><\/li>\n\n\n\n<li><span style=\"font-weight: 400;\">T\u00c1NTERA, Ma. Soledad<\/span><\/li>\n\n\n\n<li><span style=\"font-weight: 400;\">WALEMBERG, \u00c9rica<\/span><\/li>\n<\/ul>\n\n\n\n<h2 class=\"wp-block-heading\"><span style=\"color: #333399;\">Profesorado De Educaci\u00f3n Secundaria En Biolog\u00eda<\/span><\/h2>\n\n\n\n<ul>\n<li>BERTOSSI, Mar\u00eda Fernanda<\/li>\n\n\n\n<li><span style=\"font-weight: 400;\">BONINO, Betiana<\/span><\/li>\n\n\n\n<li><span style=\"font-weight: 400;\">CACCIOLATTO, Ma. Elisa<\/span><\/li>\n\n\n\n<li><span style=\"font-weight: 400;\">CAMPITELLI, Evangelina (Especialista Taller I)<\/span><\/li>\n\n\n\n<li><span style=\"font-weight: 400;\">CHAILLOU, Mariana<\/span><\/li>\n\n\n\n<li><span style=\"font-weight: 400;\">COUTAZ, Federico<\/span><\/li>\n\n\n\n<li>DE MARTI, Catalina<\/li>\n\n\n\n<li><span style=\"font-weight: 400;\">FABRES, Ana<\/span><\/li>\n\n\n\n<li><span style=\"font-weight: 400;\">FAES, Patricia<\/span><\/li>\n\n\n\n<li><span style=\"font-weight: 400;\">HILDBRAND, Estela&nbsp;<\/span><\/li>\n\n\n\n<li><span style=\"font-weight: 400;\">HISCHIER, Lorena (Especialista taller II y IV)<\/span><\/li>\n\n\n\n<li>JIMENES, Hernando<\/li>\n\n\n\n<li><span style=\"font-weight: 400;\">LAGGER, Susana<\/span><\/li>\n\n\n\n<li>LAPASSINI, Carla<\/li>\n\n\n\n<li><span style=\"font-weight: 400;\">MARIANO, Cecilia (Generalista Taller II, III y IV)<\/span><\/li>\n\n\n\n<li>PELOSIO, Cintia (Generalista Taller II y IV)<\/li>\n\n\n\n<li><span style=\"font-weight: 400;\">PETROSELLI, Esteban<\/span><\/li>\n\n\n\n<li><span style=\"font-weight: 400;\">PONTARELLI, Diego (Generalista Taller I)<\/span><\/li>\n\n\n\n<li><span style=\"font-weight: 400;\">ROJAS, Alejandro<\/span><\/li>\n\n\n\n<li>SACCONE, Francisco<\/li>\n\n\n\n<li><span style=\"font-weight: 400;\">SAMBRANA, Tom\u00e1s<\/span><\/li>\n<\/ul>\n\n\n\n<h2 class=\"wp-block-heading\"><span style=\"color: #333399;\">Profesorado De Educaci\u00f3n Secundaria En Lengua y Literatura<\/span><\/h2>\n\n\n\n<ul>\n<li><span style=\"font-weight: 400;\">BERONE, Lucas<\/span><\/li>\n\n\n\n<li><span style=\"font-weight: 400;\">CER\u00c9, Ma. Virginia (Especialista Taller I y II)<\/span><\/li>\n\n\n\n<li><span style=\"font-weight: 400;\">CHAILLOU, Mariana<\/span><\/li>\n\n\n\n<li><span style=\"font-weight: 400;\">COUTAZ, Federico<\/span><\/li>\n\n\n\n<li><span style=\"font-weight: 400;\">FAES, Patricia<\/span><\/li>\n\n\n\n<li><span style=\"font-weight: 400;\">HILDBRAND, Estela (Generalista Taller I y II)<\/span><\/li>\n\n\n\n<li><span style=\"font-weight: 400;\">KESTLER, Ana&nbsp;<\/span><\/li>\n\n\n\n<li><span style=\"font-weight: 400;\">PONTARELLI, Diego&nbsp;<\/span><\/li>\n\n\n\n<li>REYNARES, Mar\u00eda Emilia<\/li>\n\n\n\n<li><span style=\"font-weight: 400;\">RONDINA, Ana<\/span><\/li>\n<\/ul>\n\n\n\n<h2 class=\"wp-block-heading\"><span style=\"color: #333399;\">Profesorado De Educaci\u00f3n Secundaria En Historia<\/span><\/h2>\n\n\n\n<ul>\n<li><span style=\"font-weight: 400;\">AGNELLO, Federico<\/span><\/li>\n\n\n\n<li><span style=\"font-weight: 400;\">CHAILLOU, Mariana<\/span><\/li>\n\n\n\n<li><span style=\"font-weight: 400;\">ESCOBAR, Luis (Especialista Taller I y II)<\/span><\/li>\n\n\n\n<li>PIETRONI, Martina (Generalista Taller I, II, III, y IV)<\/li>\n\n\n\n<li><span style=\"font-weight: 400;\">PONTARELLI, Diego <\/span><\/li>\n\n\n\n<li><span style=\"font-weight: 400;\">ROJAS, Alejandro<\/span> (Especialista Taller III y IV)<\/li>\n\n\n\n<li><span style=\"font-weight: 400;\">SALOM\u00d3N, Pablo<\/span><\/li>\n<\/ul>\n\n\n\n<p><\/p>\n\n\n\n<h2 class=\"wp-block-heading\"><span style=\"color: #333399;\">Tecnicatura Superior en Gesti\u00f3n de las Organizaciones<\/span><\/h2>\n\n\n\n<ul>\n<li>BASAN, Diego<\/li>\n\n\n\n<li><span style=\"font-weight: 400;\">CAMPANA, Cristian<\/span><\/li>\n\n\n\n<li><span style=\"font-weight: 400;\">FABRES, Ana<\/span><\/li>\n\n\n\n<li>FERRERO, Marcelo<\/li>\n\n\n\n<li>GONZALEZ, Laura<\/li>\n\n\n\n<li>LEVI, Rub\u00e9n<\/li>\n\n\n\n<li><span style=\"font-weight: 400;\">LEVRINO, Marcelo<\/span><\/li>\n\n\n\n<li><span style=\"font-weight: 400;\">MALLARINO, Alejandra<\/span><\/li>\n\n\n\n<li><span style=\"font-weight: 400;\">PALACIO, Alejandra<\/span><\/li>\n\n\n\n<li><span style=\"font-weight: 400;\">RAMONDA, Marina<\/span><\/li>\n\n\n\n<li>SALOM\u00d3N, Pablo<\/li>\n<\/ul>\n\n\n\n<p><\/p>\n\n\n\n<p><\/p>\n","protected":false},"excerpt":{"rendered":"<p>Descubre a Nuestro Equipo Docente por Carrera En nuestra instituci\u00f3n, nos enorgullece contar con un cuerpo docente de gran prestigio y dedicaci\u00f3n, comprometido con brindar una educaci\u00f3n de calidad. A continuaci\u00f3n, te presentamos a los profesores que gu\u00edan el aprendizaje y la formaci\u00f3n en cada una de nuestras carreras: Profesorado De Educaci\u00f3n Inicial Profesorado De &#8230; <a title=\"Docentes ISP 60\" class=\"read-more\" href=\"https:\/\/isp60scc-sfe.infd.edu.ar\/sitio\/docentes\/\" aria-label=\"More on Docentes ISP 60\">[+]<\/a><\/p>\n","protected":false},"author":12,"featured_media":1249,"parent":0,"menu_order":0,"comment_status":"closed","ping_status":"closed","template":"","meta":[],"acf":[],"_links":{"self":[{"href":"https:\/\/isp60scc-sfe.infd.edu.ar\/sitio\/wp-json\/wp\/v2\/pages\/748"}],"collection":[{"href":"https:\/\/isp60scc-sfe.infd.edu.ar\/sitio\/wp-json\/wp\/v2\/pages"}],"about":[{"href":"https:\/\/isp60scc-sfe.infd.edu.ar\/sitio\/wp-json\/wp\/v2\/types\/page"}],"author":[{"embeddable":true,"href":"https:\/\/isp60scc-sfe.infd.edu.ar\/sitio\/wp-json\/wp\/v2\/users\/12"}],"replies":[{"embeddable":true,"href":"https:\/\/isp60scc-sfe.infd.edu.ar\/sitio\/wp-json\/wp\/v2\/comments?post=748"}],"version-history":[{"count":54,"href":"https:\/\/isp60scc-sfe.infd.edu.ar\/sitio\/wp-json\/wp\/v2\/pages\/748\/revisions"}],"predecessor-version":[{"id":7370,"href":"https:\/\/isp60scc-sfe.infd.edu.ar\/sitio\/wp-json\/wp\/v2\/pages\/748\/revisions\/7370"}],"wp:featuredmedia":[{"embeddable":true,"href":"https:\/\/isp60scc-sfe.infd.edu.ar\/sitio\/wp-json\/wp\/v2\/media\/1249"}],"wp:attachment":[{"href":"https:\/\/isp60scc-sfe.infd.edu.ar\/sitio\/wp-json\/wp\/v2\/media?parent=748"}],"curies":[{"name":"wp","href":"https:\/\/api.w.org\/{rel}","templated":true}]}}