{"id":754,"date":"2018-06-28T02:05:04","date_gmt":"2018-06-28T05:05:04","guid":{"rendered":"https:\/\/isp60scc-sfe.infd.edu.ar\/sitio\/historia\/"},"modified":"2023-07-11T10:10:00","modified_gmt":"2023-07-11T13:10:00","slug":"historia","status":"publish","type":"page","link":"https:\/\/isp60scc-sfe.infd.edu.ar\/sitio\/historia\/","title":{"rendered":"Historia"},"content":{"rendered":"<h5 class=\"western\" align=\"justify\"><span style=\"font-family: Arial, serif;\">El Instituto se cre\u00f3 el 22 de Mayo de 1985 y comenz\u00f3 a funcionar el 8 de Junio de ese mismo a\u00f1o como anexo del Instituto N\u00ba 8 \u201cAlmirante Brown\u201d de la ciudad de Santa Fe y m\u00e1s tarde pas\u00f3 a depender del Instituto Superior N\u00ba 6 \u201cLeopoldo Chizzini Melo\u201d de Coronda. Desde los inicio funcion\u00f3 en el edificio de la Escuela de Educaci\u00f3n Media N\u00b0 213, compartido tambi\u00e9n con el E.M.P.A N\u00b0 1030.<\/span><\/h5>\n<h5 align=\"justify\"><img decoding=\"async\" loading=\"lazy\" class=\"size-full wp-image-682 alignright\" src=\"https:\/\/isp60scc-sfe.infd.edu.ar\/sitio\/wp-content\/uploads\/2018\/06\/2QnrxzHVhy4M3imagen_incrustada1.png\" alt=\"\" width=\"307\" height=\"205\" \/><\/h5>\n<h5 class=\"western\" align=\"justify\"><span style=\"font-family: Arial, serif;\">En sus comienzos se dictaba la carrera de <\/span><span style=\"font-family: Arial, serif;\">Profesorado de Ense\u00f1anza Primaria y luego se <\/span><span style=\"font-family: Arial, serif;\">incorpor\u00f3 la carrera de T\u00e9cnico Superior en Alimentaci\u00f3n y el Profesorado de Nivel Inicial. <\/span><\/h5>\n<h5 class=\"western\" align=\"justify\"><span style=\"font-family: Arial, serif;\">A partir del a\u00f1o 2004 se iniciaron las cohortes del Profesorado en Lengua y Literatura, Tecnolog\u00eda, Biolog\u00eda e Historia como as\u00ed tambi\u00e9n la Tecnicatura en Inform\u00e1tica Aplicada, alguna de ellas surgieron como carreras a t\u00e9rmino, una modalidad instituida por ese entonces por la Direcci\u00f3n Provincial de Educaci\u00f3n Superior. <\/span><\/h5>\n<h5 class=\"western\" align=\"justify\"><span style=\"font-family: Arial, serif;\">Tambi\u00e9n, se dictaron diferentes post\u00edtulos y cursos de capacitaci\u00f3n que permitieron la formaci\u00f3n continua de docentes de San Carlos y su zona de influencia. Los proyectos de Investigaci\u00f3n tambi\u00e9n fueron una de las actividades complementarias de la formaci\u00f3n inicial.<\/span><\/h5>\n<h5 style=\"text-align: center;\">Video Institucional 2009<\/h5>\n<p align=\"Center\"><iframe loading=\"lazy\" title=\"YouTube video player\" src=\"https:\/\/www.youtube.com\/embed\/PWbIEp6RS4Y\" width=\"560\" height=\"315\" frameborder=\"0\" allowfullscreen=\"allowfullscreen\"><\/iframe><\/p>\n<h6 style=\"text-align: center;\"><\/h6>\n<h5 class=\"western\" align=\"justify\"><span style=\"font-family: Arial, serif;\">El 1\u00ba de diciembre de 2010 por el Decreto N\u00ba 2239 se crea el Instituto Superior del Profesorado N\u00ba 60, dejando de ser Anexo.<\/span><\/h5>\n<h5 align=\"justify\"><img decoding=\"async\" loading=\"lazy\" class=\"wp-image-836 alignleft\" src=\"https:\/\/isp60scc-sfe.infd.edu.ar\/sitio\/wp-content\/uploads\/2019\/02\/HI-1.jpg\" alt=\"\" width=\"300\" height=\"216\" srcset=\"https:\/\/isp60scc-sfe.infd.edu.ar\/sitio\/wp-content\/uploads\/2019\/02\/HI-1.jpg 960w, https:\/\/isp60scc-sfe.infd.edu.ar\/sitio\/wp-content\/uploads\/2019\/02\/HI-1-768x554.jpg 768w\" sizes=\"(max-width: 300px) 100vw, 300px\" \/><\/h5>\n<h5 class=\"western\" align=\"justify\"><span style=\"font-family: Arial, serif;\">Y luego de una propuesta del Ministerio de Educaci\u00f3n de la Provincia en el a\u00f1o 2014 se crea el Anexo del Instituto Superior del Profesorado N\u00b0 60 en la ciudad de Santa Fe, identific\u00e1ndolo como Anexo Yapey\u00fa por localizarse en dicho barrio, cubriendo una vasta poblaci\u00f3n de la ciudad. <\/span><\/h5>\n<h5 class=\"western\" align=\"justify\"><span style=\"font-family: Arial, serif;\">En \u00e9l se dictan las carreras de T\u00e9cnico Superior en Enfermer\u00eda y T\u00e9cnico en Gesti\u00f3n y Mantenimiento de Equipos Biom\u00e9dicos <\/span><\/h5>\n<h5 align=\"justify\"><img decoding=\"async\" loading=\"lazy\" class=\"wp-image-837 alignright\" style=\"font-size: 16px; font-weight: 400;\" src=\"https:\/\/isp60scc-sfe.infd.edu.ar\/sitio\/wp-content\/uploads\/2019\/02\/HI-2.jpg\" alt=\"\" width=\"338\" height=\"245\" srcset=\"https:\/\/isp60scc-sfe.infd.edu.ar\/sitio\/wp-content\/uploads\/2019\/02\/HI-2.jpg 877w, https:\/\/isp60scc-sfe.infd.edu.ar\/sitio\/wp-content\/uploads\/2019\/02\/HI-2-768x556.jpg 768w\" sizes=\"(max-width: 338px) 100vw, 338px\" \/><\/h5>\n<h5 class=\"western\" align=\"justify\"><span style=\"font-family: Arial, serif;\">Y <\/span><span style=\"font-family: Arial, serif;\">en setiembre de 201<\/span><span style=\"font-family: Arial, serif;\">6 el Sr. Intendente del Gobierno de San Carlos Centro convoc\u00f3 a la Directora con la inte<\/span><span style=\"font-family: Arial, serif;\">nci\u00f3n de construir el edificio propio del Instituto Superior de Profesorado N\u00b0 60. El sue\u00f1o del edificio propio era una meta inalcazable y el 11 de noviembre de ese a\u00f1o se comenz\u00f3 la construcci\u00f3n en el terreno ubicado en Mitre 1596, as\u00ed el sue\u00f1o comenz\u00f3 a convertirse en realidad.<\/span><\/h5>\n<h5 class=\"western\" align=\"justify\"><span style=\"font-family: Arial, serif;\">El tiempo transcurri\u00f3 y lleg\u00f3 el gran momento, el de la Inauguraci\u00f3n 2 de setiembre de 2018. Casa propia con nombre propio desde este importante acontecimiento el Instituto Superior de Profesorado N\u00b0 60 se lo denomina \u201c27 de setiembre\u201d fecha en que fue fundada la Colonia San Carlos<\/span><\/h5>\n<h5 align=\"justify\"><\/h5>\n<h5 align=\"justify\"><img decoding=\"async\" loading=\"lazy\" class=\"alignnone size-full wp-image-838 aligncenter\" src=\"https:\/\/isp60scc-sfe.infd.edu.ar\/sitio\/wp-content\/uploads\/2019\/02\/Inst.jpg\" alt=\"\" width=\"960\" height=\"465\" srcset=\"https:\/\/isp60scc-sfe.infd.edu.ar\/sitio\/wp-content\/uploads\/2019\/02\/Inst.jpg 960w, https:\/\/isp60scc-sfe.infd.edu.ar\/sitio\/wp-content\/uploads\/2019\/02\/Inst-768x372.jpg 768w\" sizes=\"(max-width: 960px) 100vw, 960px\" \/><\/h5>\n<h5 class=\"western\" align=\"justify\"><span style=\"font-family: Arial, serif;\">E<\/span><span style=\"font-family: Arial, serif;\">n el Instituto 60 actualmente se dictan las carreras de Profesorado en Educaci\u00f3n Primaria, Educaci\u00f3n Inicial y de Educaci\u00f3n Secundaria en Historia , Lengua y Literatura, Biolog\u00eda; adem\u00e1s la Tecnicatura Superior en Mantenimiento Industrial y en Gesti\u00f3n de las Organizaciones.<\/span><\/h5>\n<h5 class=\"western\" align=\"justify\"><span style=\"font-family: Arial, serif;\">Los vertiginosos cambios convocan a formar estudiantes que en el momento de ense\u00f1ar e insertarse en el mundo del trabajo puedan sentir, crear y pensar y encontrarse con la verdadera dimensi\u00f3n humana. Procurar <\/span><span style=\"color: #000000;\"><span style=\"font-family: Arial, serif;\">desarrollar una identidad narrativa, que implica fortalecer b\u00e1sicamente los procesos de dar y tomar la palabra, entretejiendo lazos, aumentando la potencia de actuar, y sobre todo aprender a resistir con inteligencia cr\u00edtica y responsable ante todo intento de \u201cpensamiento \u00fanico\u201d y \u201cexcluyente\u201d.<\/span><\/span><\/h5>\n<h5 class=\"western\" align=\"justify\"><span style=\"color: #000000;\"><span style=\"font-family: Arial, serif;\"> Por ello la formaci\u00f3n debe trascender las fronteras de lo escolar, propiciar la participaci\u00f3n en \u00e1mbitos culturales, cient\u00edficos, del arte, la investigaci\u00f3n. Proponer pr\u00e1cticas plurales, experiencias diversas en espacios comunitarios y sociales como forma de comprender la realidad e intervenirla.<\/span><\/span><\/h5>\n","protected":false},"excerpt":{"rendered":"<p>El Instituto se cre\u00f3 el 22 de Mayo de 1985 y comenz\u00f3 a funcionar el 8 de Junio de ese mismo a\u00f1o como anexo del Instituto N\u00ba 8 \u201cAlmirante Brown\u201d de la ciudad de Santa Fe y m\u00e1s tarde pas\u00f3 a depender del Instituto Superior N\u00ba 6 \u201cLeopoldo Chizzini Melo\u201d de Coronda. Desde los inicio &#8230; <a title=\"Historia\" class=\"read-more\" href=\"https:\/\/isp60scc-sfe.infd.edu.ar\/sitio\/historia\/\" aria-label=\"More on Historia\">[+]<\/a><\/p>\n","protected":false},"author":12,"featured_media":1252,"parent":0,"menu_order":0,"comment_status":"closed","ping_status":"closed","template":"","meta":[],"acf":[],"_links":{"self":[{"href":"https:\/\/isp60scc-sfe.infd.edu.ar\/sitio\/wp-json\/wp\/v2\/pages\/754"}],"collection":[{"href":"https:\/\/isp60scc-sfe.infd.edu.ar\/sitio\/wp-json\/wp\/v2\/pages"}],"about":[{"href":"https:\/\/isp60scc-sfe.infd.edu.ar\/sitio\/wp-json\/wp\/v2\/types\/page"}],"author":[{"embeddable":true,"href":"https:\/\/isp60scc-sfe.infd.edu.ar\/sitio\/wp-json\/wp\/v2\/users\/12"}],"replies":[{"embeddable":true,"href":"https:\/\/isp60scc-sfe.infd.edu.ar\/sitio\/wp-json\/wp\/v2\/comments?post=754"}],"version-history":[{"count":20,"href":"https:\/\/isp60scc-sfe.infd.edu.ar\/sitio\/wp-json\/wp\/v2\/pages\/754\/revisions"}],"predecessor-version":[{"id":4778,"href":"https:\/\/isp60scc-sfe.infd.edu.ar\/sitio\/wp-json\/wp\/v2\/pages\/754\/revisions\/4778"}],"wp:featuredmedia":[{"embeddable":true,"href":"https:\/\/isp60scc-sfe.infd.edu.ar\/sitio\/wp-json\/wp\/v2\/media\/1252"}],"wp:attachment":[{"href":"https:\/\/isp60scc-sfe.infd.edu.ar\/sitio\/wp-json\/wp\/v2\/media?parent=754"}],"curies":[{"name":"wp","href":"https:\/\/api.w.org\/{rel}","templated":true}]}}