{"id":756,"date":"2018-06-28T02:05:04","date_gmt":"2018-06-28T05:05:04","guid":{"rendered":"https:\/\/isp60scc-sfe.infd.edu.ar\/sitio\/calendario-academico\/"},"modified":"2026-03-16T08:46:01","modified_gmt":"2026-03-16T11:46:01","slug":"calendario-academico","status":"publish","type":"page","link":"https:\/\/isp60scc-sfe.infd.edu.ar\/sitio\/calendario-academico\/","title":{"rendered":"Calendario Acad\u00e9mico"},"content":{"rendered":"\n<p class=\"has-vivid-cyan-blue-color has-text-color has-huge-font-size\"><strong>Calendario Acad\u00e9mico: Ciclo 2026<\/strong><\/p>\n\n\n<div class=\"wp-block-image\">\n<figure class=\"alignright size-full is-resized\"><img decoding=\"async\" loading=\"lazy\" src=\"https:\/\/isp60scc-sfe.infd.edu.ar\/sitio\/wp-content\/uploads\/2026\/02\/image.png\" alt=\"\" class=\"wp-image-7207\" width=\"341\" height=\"228\"\/><\/figure><\/div>\n\n<div class=\"wp-block-image is-style-default\">\n<figure class=\"alignright\"><img decoding=\"async\" src=\"https:\/\/encrypted-tbn0.gstatic.com\/images?q=tbn:ANd9GcQm-L-xBmzSxxLOBI2YkC9DFkO5zYqUeznD7Q&amp;usqp=CAU\" alt=\"Se aprob\u00f3 el Calendario Acad\u00e9mico 2022 | Facultad de Ciencias Qu\u00edmicas de  la Universidad Nacional de C\u00f3rdoba\"\/><\/figure><\/div>\n\n\n<p class=\"has-luminous-vivid-orange-color has-text-color has-large-font-size\"> <strong>PRIMER CUATRIMESTRE <\/strong><\/p>\n\n\n\n<p class=\"has-accent-color has-base-background-color has-text-color has-background has-large-font-size\"><strong>FEBRERO<\/strong><\/p>\n\n\n\n<ul class=\"has-medium-font-size\">\n<li><strong>9\/2 al 13\/2 <\/strong> Inscripci\u00f3n a Ex\u00e1menes finales Primer Turno<br><br><\/li>\n\n\n\n<li><strong>18\/02 al 18\/03<\/strong>  Mesas de Ex\u00e1menes Primer Turno (dos llamados).<br><br><\/li>\n\n\n\n<li><strong>23\/2  a 27\/3<\/strong>  Inscripci\u00f3n aspirantes Primer A\u00f1o 2026<\/li>\n<\/ul>\n\n\n\n<p><\/p>\n\n\n\n<div style=\"height:60px\" aria-hidden=\"true\" class=\"wp-block-spacer\"><\/div>\n\n\n\n<p class=\"has-accent-color has-base-background-color has-text-color has-background has-large-font-size\"><strong>MARZO<\/strong><\/p>\n\n\n\n<ul class=\"has-medium-font-size\">\n<li><strong>9\/03 AL 20\/03<\/strong> Inscripciones a las unidades curriculares de 2do a 4to a\u00f1o de la Formaci\u00f3n Docente, y 2do y 3ro de la Formaci\u00f3n T\u00e9cnica.<\/li>\n<\/ul>\n\n\n\n<ul class=\"has-medium-font-size\">\n<li><strong>16\/03 AL 20\/03<\/strong> Curso Introductorio para los ingresantes a primer a\u00f1o.<br><br><\/li>\n\n\n\n<li><strong>25\/03 &#8211; Inicio Ciclo Lectivo<\/strong><\/li>\n<\/ul>\n\n\n\n<div style=\"height:60px\" aria-hidden=\"true\" class=\"wp-block-spacer\"><\/div>\n\n\n\n<p class=\"has-accent-color has-base-2-background-color has-text-color has-background has-large-font-size\"><strong>ABRIL<\/strong><\/p>\n\n\n\n<ul class=\"has-medium-font-size\">\n<li class=\"has-medium-font-size\"><strong>01\/04<\/strong> &#8211; Elecci\u00f3n de Jefaturas de Secci\u00f3n y Pr\u00e1ctica Docente.<\/li>\n<\/ul>\n\n\n\n<ul class=\"has-medium-font-size\">\n<li class=\"has-medium-font-size\"><strong>01\/04<\/strong> &#8211; Reuni\u00f3n de Pr\u00e1ctica Docente I, II, III y IV.<\/li>\n<\/ul>\n\n\n\n<ul class=\"has-medium-font-size\">\n<li class=\"has-medium-font-size\"><strong>10\/04<\/strong> &#8211; Entrega de DDJJ de horas y Cargos.<\/li>\n<\/ul>\n\n\n\n<ul class=\"has-medium-font-size\">\n<li class=\"has-medium-font-size\"><strong>13\/04 al 15\/04<\/strong> &#8211; Inscripciones de alumnos\/as a Mesas Especiales.<\/li>\n<\/ul>\n\n\n\n<ul class=\"has-medium-font-size\">\n<li class=\"has-medium-font-size\">Hasta <strong>15\/04<\/strong> &#8211; Entrega de planificaciones anuales, 1er y 2do cuatrimestre y horas en disponibilidad.<\/li>\n<\/ul>\n\n\n\n<ul class=\"has-medium-font-size\">\n<li><strong>20\/04 al 24\/04<\/strong> Mesas Examinadoras Especiales.<\/li>\n<\/ul>\n\n\n\n<ul class=\"has-medium-font-size\">\n<li>Anual &#8211; Proyecto Efem\u00e9rides<\/li>\n<\/ul>\n\n\n\n<p><\/p>\n\n\n\n<div style=\"height:60px\" aria-hidden=\"true\" class=\"wp-block-spacer\"><\/div>\n\n\n\n<p class=\"has-accent-color has-base-2-background-color has-text-color has-background has-large-font-size\"><strong>MAYO<\/strong><\/p>\n\n\n\n<ul>\n<li class=\"has-medium-font-size\"><strong>29\/05<\/strong>  Finalizaci\u00f3n Plazo para los tr\u00e1mites de homologaci\u00f3n<\/li>\n<\/ul>\n\n\n\n<p><\/p>\n\n\n\n<div style=\"height:60px\" aria-hidden=\"true\" class=\"wp-block-spacer\"><\/div>\n\n\n\n<p class=\"has-accent-color has-base-2-background-color has-text-color has-background has-large-font-size\"><strong>JUNIO<\/strong><\/p>\n\n\n\n<ul>\n<li class=\"has-medium-font-size\"><strong>16\/06 al 26\/06<\/strong> &#8211; Inscripciones de alumnos\/as a ex\u00e1menes finales 2do Turno (un llamado).<\/li>\n<\/ul>\n\n\n\n<ul>\n<li class=\"has-medium-font-size\"><strong>22\/06 al 26\/6<\/strong> &#8211; Entrega de planillas de promoci\u00f3n y cierre de libros de asistencia (mat cuatrimestrales).<\/li>\n<\/ul>\n\n\n\n<p><\/p>\n\n\n\n<div style=\"height:60px\" aria-hidden=\"true\" class=\"wp-block-spacer\"><\/div>\n\n\n\n<p class=\"has-accent-color has-base-2-background-color has-text-color has-background has-large-font-size\"><strong>JULIO<\/strong><\/p>\n\n\n\n<ul class=\"has-medium-font-size\">\n<li><strong>03\/07<\/strong> Finalizaci\u00f3n del Primer Cuatrimestre<\/li>\n<\/ul>\n\n\n\n<ul class=\"has-medium-font-size\">\n<li><strong>06\/07 al 17\/07<\/strong> Receso escolar de Invierno<\/li>\n<\/ul>\n\n\n\n<ul class=\"has-medium-font-size\">\n<li><strong>20\/07 al 31\/07<\/strong> Ex\u00e1menes finales 2do Turno (un llamado)<\/li>\n<\/ul>\n\n\n\n<div style=\"height:60px\" aria-hidden=\"true\" class=\"wp-block-spacer\"><\/div>\n\n\n<div class=\"wp-block-image\">\n<figure class=\"alignright size-full is-resized\"><img decoding=\"async\" loading=\"lazy\" src=\"https:\/\/isp60scc-sfe.infd.edu.ar\/sitio\/wp-content\/uploads\/2023\/04\/image.png\" alt=\"\" class=\"wp-image-4580\" width=\"335\" height=\"223\"\/><\/figure><\/div>\n\n\n<p class=\"has-luminous-vivid-orange-color has-text-color has-large-font-size\"> <strong>SEGUNDO CUATRIMESTRE <\/strong><\/p>\n\n\n\n<p class=\"has-accent-color has-base-2-background-color has-text-color has-background has-large-font-size\"><strong>AGOSTO<\/strong><\/p>\n\n\n\n<ul>\n<li class=\"has-medium-font-size\"><strong>3\/08<\/strong> Inicio del Segundo Cuatrimestre<\/li>\n<\/ul>\n\n\n\n<ul>\n<li class=\"has-medium-font-size\"><strong>10\/08 al 14\/08<\/strong>  Inscripciones de alumnos\/as a Mesas Especiales.<\/li>\n<\/ul>\n\n\n\n<ul class=\"has-medium-font-size\">\n<li><strong>24\/08 al 28\/08 <\/strong>Mesas examinadoras especiales.<\/li>\n<\/ul>\n\n\n\n<div style=\"height:60px\" aria-hidden=\"true\" class=\"wp-block-spacer\"><\/div>\n\n\n\n<p class=\"has-accent-color has-base-2-background-color has-text-color has-background has-large-font-size\"><strong>NOVIEMBRE &#8211; DICIEMBRE<\/strong><\/p>\n\n\n\n<p><\/p>\n\n\n\n<ul class=\"has-medium-font-size\">\n<li><strong>2\/11 al  13\/11<\/strong> Inscripciones de alumnos\/as a ex\u00e1menes finales 3er Turno (dos llamados).<\/li>\n<\/ul>\n\n\n\n<ul class=\"has-medium-font-size\">\n<li><strong>13\/11<\/strong> Finalizaci\u00f3n del Segundo Cuatrimestre.<\/li>\n<\/ul>\n\n\n\n<ul class=\"has-medium-font-size\">\n<li><strong>23\/11 al 23\/12<\/strong>  Ex\u00e1menes finales 3er Turno (dos llamado)<\/li>\n<\/ul>\n\n\n\n<ul class=\"has-medium-font-size\">\n<li><strong>23\/11 al 14\/12<\/strong> Inscripci\u00f3n de alumnos\/as ingresantes a 1er a\u00f1o 2027 (1era. convocatoria).<\/li>\n<\/ul>\n\n\n\n<ul class=\"has-medium-font-size\">\n<li><strong>11\/12<\/strong> Finalizaci\u00f3n ciclo lectivo.<\/li>\n<\/ul>\n\n\n\n<p class=\"has-text-align-center has-large-font-size\"><a href=\"https:\/\/educacion.santafe.gob.ar\/wp-content\/uploads\/sites\/2\/2026\/01\/Calendario-2026________enero.pdf\">Calendario escolar 2026 <\/a>Santa Fe<\/p>\n","protected":false},"excerpt":{"rendered":"<p>Calendario Acad\u00e9mico: Ciclo 2026 PRIMER CUATRIMESTRE FEBRERO MARZO ABRIL MAYO JUNIO JULIO SEGUNDO CUATRIMESTRE AGOSTO NOVIEMBRE &#8211; DICIEMBRE Calendario escolar 2026 Santa Fe<\/p>\n","protected":false},"author":12,"featured_media":5781,"parent":0,"menu_order":0,"comment_status":"closed","ping_status":"closed","template":"","meta":[],"acf":[],"_links":{"self":[{"href":"https:\/\/isp60scc-sfe.infd.edu.ar\/sitio\/wp-json\/wp\/v2\/pages\/756"}],"collection":[{"href":"https:\/\/isp60scc-sfe.infd.edu.ar\/sitio\/wp-json\/wp\/v2\/pages"}],"about":[{"href":"https:\/\/isp60scc-sfe.infd.edu.ar\/sitio\/wp-json\/wp\/v2\/types\/page"}],"author":[{"embeddable":true,"href":"https:\/\/isp60scc-sfe.infd.edu.ar\/sitio\/wp-json\/wp\/v2\/users\/12"}],"replies":[{"embeddable":true,"href":"https:\/\/isp60scc-sfe.infd.edu.ar\/sitio\/wp-json\/wp\/v2\/comments?post=756"}],"version-history":[{"count":71,"href":"https:\/\/isp60scc-sfe.infd.edu.ar\/sitio\/wp-json\/wp\/v2\/pages\/756\/revisions"}],"predecessor-version":[{"id":7289,"href":"https:\/\/isp60scc-sfe.infd.edu.ar\/sitio\/wp-json\/wp\/v2\/pages\/756\/revisions\/7289"}],"wp:featuredmedia":[{"embeddable":true,"href":"https:\/\/isp60scc-sfe.infd.edu.ar\/sitio\/wp-json\/wp\/v2\/media\/5781"}],"wp:attachment":[{"href":"https:\/\/isp60scc-sfe.infd.edu.ar\/sitio\/wp-json\/wp\/v2\/media?parent=756"}],"curies":[{"name":"wp","href":"https:\/\/api.w.org\/{rel}","templated":true}]}}