{"id":760,"date":"2018-06-28T02:05:05","date_gmt":"2018-06-28T05:05:05","guid":{"rendered":"https:\/\/isp60scc-sfe.infd.edu.ar\/sitio\/profesorado-de-educacion-secundaria-en-historia\/"},"modified":"2024-11-28T15:36:27","modified_gmt":"2024-11-28T18:36:27","slug":"profesorado-de-educacion-secundaria-en-historia","status":"publish","type":"page","link":"https:\/\/isp60scc-sfe.infd.edu.ar\/sitio\/profesorado-de-educacion-secundaria-en-historia\/","title":{"rendered":"Plan de Estudio: Profesorado de Educaci\u00f3n Secundaria en Historia"},"content":{"rendered":"\n<div class=\"wp-block-group has-base-3-background-color has-background is-layout-constrained\"><div class=\"wp-block-group__inner-container\">\n<div class=\"alignnormal\"><div id=\"metaslider-id-6462\" style=\"max-width: 600px; margin: 0 auto;\" class=\"ml-slider-3-33-0 metaslider metaslider-coin metaslider-6462 ml-slider ms-theme-default\" role=\"region\" aria-roledescription=\"Slideshow\" aria-label=\"Slideshow\">\n    <div id=\"metaslider_container_6462\">\n        <div id='metaslider_6462' class='coin-slider'>\n<a href=\"javascript:void(0)\" target=\"_self\"><img src=\"https:\/\/isp60scc-sfe.infd.edu.ar\/sitio\/wp-content\/uploads\/2024\/11\/Promocion-Historia-0-600x600.jpg\" height=\"600\" width=\"600\" alt=\"\" class=\"slider-6462 slide-6474\" title=\"Promocion Historia 0\" style=\"display: none;\" \/><\/a>\n<a href=\"javascript:void(0)\" target=\"_self\"><img src=\"https:\/\/isp60scc-sfe.infd.edu.ar\/sitio\/wp-content\/uploads\/2024\/11\/Promocion-Historia-1-600x600.jpg\" height=\"600\" width=\"600\" alt=\"Primer A\u00f1o\" class=\"slider-6462 slide-6473\" title=\"Promocion Historia 1\" style=\"display: none;\" \/><\/a>\n<a href=\"javascript:void(0)\" target=\"_self\"><img src=\"https:\/\/isp60scc-sfe.infd.edu.ar\/sitio\/wp-content\/uploads\/2024\/11\/Promocion-Historia-2-600x600.jpg\" height=\"600\" width=\"600\" alt=\"\" class=\"slider-6462 slide-6472\" title=\"Promocion Historia 2\" style=\"display: none;\" \/><\/a>\n<a href=\"javascript:void(0)\" target=\"_self\"><img src=\"https:\/\/isp60scc-sfe.infd.edu.ar\/sitio\/wp-content\/uploads\/2024\/11\/Promocion-Historia-3-600x600.jpg\" height=\"600\" width=\"600\" alt=\"\" class=\"slider-6462 slide-6471\" title=\"Promocion Historia 3\" style=\"display: none;\" \/><\/a>\n<a href=\"javascript:void(0)\" target=\"_self\"><img src=\"https:\/\/isp60scc-sfe.infd.edu.ar\/sitio\/wp-content\/uploads\/2024\/11\/Promocion-Historia-4-600x600.jpg\" height=\"600\" width=\"600\" alt=\"\" class=\"slider-6462 slide-6470\" title=\"Promocion Historia 4\" style=\"display: none;\" \/><\/a>\n<a href=\"javascript:void(0)\" target=\"_self\"><img src=\"https:\/\/isp60scc-sfe.infd.edu.ar\/sitio\/wp-content\/uploads\/2024\/11\/Promocion-Historia-5-600x600.jpg\" height=\"600\" width=\"600\" alt=\"\" class=\"slider-6462 slide-6469\" title=\"Promocion Historia 5\" style=\"display: none;\" \/><\/a>\n        <\/div>\n        \n    <\/div>\n<\/div><\/div>\n<\/div><\/div>\n\n\n\n<div style=\"height:75px\" aria-hidden=\"true\" class=\"wp-block-spacer\"><\/div>\n\n\n\n<p class=\"has-medium-font-size\"><strong>Duraci\u00f3n<\/strong>: 4 A\u00f1os<\/p>\n\n\n\n<p class=\"has-medium-font-size\">El Profesorado en Historia tiene como objetivo principal formar docentes&nbsp; competentes en el \u00e1rea de historia, con s\u00f3lidos conocimientos pedag\u00f3gicos,&nbsp;atentos a los cambios y transformaciones propios de nuestra&nbsp;tarea cotidiana y comprometidos con la realidad sociocultural de nuestro pa\u00eds, con un perfil abierto a las necesidades de los otros en el mundo que nos toca transitar.<\/p>\n\n\n\n<p class=\"has-medium-font-size\">Se busca desarrollar capacidades para que los alumnos puedan preguntarse el sentido de su vida, contribuir al mejoramiento de la sociedad y formarse en el conocimiento, de tal modo que le sea posible desarrollar el pensamiento critico, conocer el mundo y proponer las necesarias transformaciones, a la vez atender a la singularidad de cada sujeto.<\/p>\n\n\n\n<div style=\"height:68px\" aria-hidden=\"true\" class=\"wp-block-spacer\"><\/div>\n\n\n\n<p><\/p>\n\n\n\n<h3 class=\"wp-block-heading\"><strong>Espacios curriculares por a\u00f1o<\/strong><\/h3>\n\n\n\n<pre class=\"wp-block-preformatted has-medium-font-size\"><strong><span style=\"color: #990000; font-family: Georgia, Arial; font-size: 120%;\">Primer A\u00f1o<\/span><\/strong><\/pre>\n\n\n\n<ul>\n<li class=\"has-medium-font-size\"><span style=\"font-weight: 400;\">Espacio Y Sociedad&nbsp;<\/span><\/li>\n\n\n\n<li class=\"has-medium-font-size\"><span style=\"font-weight: 400;\">Pedagog\u00eda<\/span><\/li>\n\n\n\n<li class=\"has-medium-font-size\"><span style=\"font-weight: 400;\">Psicolog\u00eda y Educaci\u00f3n&nbsp;<\/span><\/li>\n\n\n\n<li class=\"has-medium-font-size\"><span style=\"font-weight: 400;\">UCCV: Problem\u00e1ticas de Antropolog\u00eda y Sociolog\u00eda<\/span><\/li>\n\n\n\n<li class=\"has-medium-font-size\"><span style=\"font-weight: 400;\">Historia de Europa I&nbsp;<\/span><\/li>\n\n\n\n<li class=\"has-medium-font-size\"><span style=\"font-weight: 400;\">Introducci\u00f3n al Conocimiento Hist\u00f3rico<\/span><\/li>\n\n\n\n<li class=\"has-medium-font-size\"><span style=\"font-weight: 400;\">Paleohistoria e Historia de Asia Y \u00c1frica&nbsp;<\/span><\/li>\n\n\n\n<li class=\"has-medium-font-size\"><span style=\"font-weight: 400;\">&nbsp;UCO<\/span><\/li>\n\n\n\n<li class=\"has-medium-font-size\"><span style=\"font-weight: 400;\">Pr\u00e1ctica Docente I: Escenarios Educativos<\/span><\/li>\n<\/ul>\n\n\n\n<pre class=\"wp-block-preformatted has-medium-font-size\"><strong><span style=\"color: #990000; font-family: Georgia, Arial; font-size: 120%;\">Segundo A\u00f1o<\/span><\/strong><\/pre>\n\n\n\n<ul>\n<li class=\"has-medium-font-size\"><span style=\"font-weight: 400;\">Did\u00e1ctica y Curriculum&nbsp;<\/span><\/li>\n\n\n\n<li class=\"has-medium-font-size\"><span style=\"font-weight: 400;\">Filosof\u00eda&nbsp;<\/span><\/li>\n\n\n\n<li class=\"has-medium-font-size\"><span style=\"font-weight: 400;\">Instituciones Educativas&nbsp;<\/span><\/li>\n\n\n\n<li class=\"has-medium-font-size\"><span style=\"font-weight: 400;\">Problem\u00e1ticas de la Ciencia Pol\u00edtica y la Econom\u00eda<\/span><\/li>\n\n\n\n<li class=\"has-medium-font-size\"><span style=\"font-weight: 400;\">Historia Americana I&nbsp;<\/span><\/li>\n\n\n\n<li class=\"has-medium-font-size\"><span style=\"font-weight: 400;\">Historia Argentina I<\/span><\/li>\n\n\n\n<li class=\"has-medium-font-size\"><span style=\"font-weight: 400;\">Historia de Europa II<\/span><\/li>\n\n\n\n<li class=\"has-medium-font-size\"><span style=\"font-weight: 400;\">&nbsp;Sujetos de la Educaci\u00f3n&nbsp; Secundaria<\/span><\/li>\n\n\n\n<li class=\"has-medium-font-size\"><span style=\"font-weight: 400;\">Pr\u00e1ctica Docente II: La Instituci\u00f3n Escolar&nbsp; <\/span><\/li>\n<\/ul>\n\n\n\n<pre class=\"wp-block-preformatted has-medium-font-size\"><strong><span style=\"color: #990000; font-family: Georgia, Arial; font-size: 120%;\">Tercer A\u00f1o<\/span><\/strong><\/pre>\n\n\n\n<ul>\n<li class=\"has-medium-font-size\"><span style=\"font-weight: 400;\">UCCV: Problemas de la construcci\u00f3n de la ciudadan\u00eda en la&nbsp; Argentina&nbsp;<\/span><\/li>\n\n\n\n<li class=\"has-medium-font-size\"><span style=\"font-weight: 400;\">Did\u00e1ctica de La Historia I<\/span><\/li>\n\n\n\n<li class=\"has-medium-font-size\"><span style=\"font-weight: 400;\">Historia Americana II<\/span><\/li>\n\n\n\n<li class=\"has-medium-font-size\"><span style=\"font-weight: 400;\">Historia Argentina II&nbsp;<\/span><\/li>\n\n\n\n<li class=\"has-medium-font-size\"><span style=\"font-weight: 400;\">Historia Contempor\u00e1nea de Asia y \u00c1frica&nbsp;<\/span><\/li>\n\n\n\n<li class=\"has-medium-font-size\"><span style=\"font-weight: 400;\">Historia de Europa III<\/span><\/li>\n\n\n\n<li class=\"has-medium-font-size\"><span style=\"font-weight: 400;\">Metodolog\u00eda de La Investigaci\u00f3n Hist\u00f3rica<\/span><\/li>\n\n\n\n<li class=\"has-medium-font-size\"><span style=\"font-weight: 400;\">Pr\u00e1ctica Docente III: La Clase. Los Procesos del Aprender y del Ense\u00f1ar<\/span><\/li>\n\n\n\n<li class=\"has-medium-font-size\"><span style=\"font-weight: 400;\">Unidad de Definici\u00f3n Institucional<\/span><\/li>\n<\/ul>\n\n\n\n<pre class=\"wp-block-preformatted has-medium-font-size\"><strong><span style=\"color: #990000; font-family: Georgia, Arial; font-size: 120%;\">Cuarto A\u00f1o<\/span><\/strong><\/pre>\n\n\n\n<ul>\n<li class=\"has-medium-font-size\"><span style=\"font-weight: 400;\">Educaci\u00f3n Sexual Integral&nbsp;<\/span><\/li>\n\n\n\n<li class=\"has-medium-font-size\"><span style=\"font-weight: 400;\">\u00c9tica y Trabajo Docente&nbsp;<\/span><\/li>\n\n\n\n<li class=\"has-medium-font-size\"><span style=\"font-weight: 400;\">Did\u00e1ctica de la Historia II<\/span><\/li>\n\n\n\n<li class=\"has-medium-font-size\"><span style=\"font-weight: 400;\">Historia Americana III<\/span><\/li>\n\n\n\n<li class=\"has-medium-font-size\"><span style=\"font-weight: 400;\">Historia Argentina III<\/span><\/li>\n\n\n\n<li class=\"has-medium-font-size\"><span style=\"font-weight: 400;\">Historia de Europa IV<\/span><\/li>\n\n\n\n<li class=\"has-medium-font-size\"><span style=\"font-weight: 400;\">Seminario de Investigaci\u00f3n Hist\u00f3rica<\/span><\/li>\n\n\n\n<li class=\"has-medium-font-size\"><span style=\"font-weight: 400;\">Teor\u00eda e Historia de la Historiograf\u00eda<\/span><\/li>\n\n\n\n<li class=\"has-medium-font-size\"><span style=\"font-weight: 400;\">Pr\u00e1ctica Docente IV: El Taller Rol Docente y Su Pr\u00e1ctica<\/span><\/li>\n<\/ul>\n\n\n\n<pre class=\"wp-block-preformatted has-medium-font-size\"><strong>Para m\u00e1s Informaci\u00f3n<\/strong> consulte el: <a href=\"https:\/\/isp60scc-sfe.infd.edu.ar\/sitio\/wp-content\/uploads\/2020\/04\/Dise\u00f1o-Curricular-1968.pdf\">Dise\u00f1o Curricular<\/a> y su <a href=\"https:\/\/isp60scc-sfe.infd.edu.ar\/sitio\/wp-content\/uploads\/2020\/04\/DC-Historia-REGIMEN-de-CORRELATIVIDADES.pdf\">Anexo<\/a> (R\u00e9gimen de Correlatividades)<\/pre>\n","protected":false},"excerpt":{"rendered":"<p>Duraci\u00f3n: 4 A\u00f1os El Profesorado en Historia tiene como objetivo principal formar docentes&nbsp; competentes en el \u00e1rea de historia, con s\u00f3lidos conocimientos pedag\u00f3gicos,&nbsp;atentos a los cambios y transformaciones propios de nuestra&nbsp;tarea cotidiana y comprometidos con la realidad sociocultural de nuestro pa\u00eds, con un perfil abierto a las necesidades de los otros en el mundo que &#8230; <a title=\"Plan de Estudio: Profesorado de Educaci\u00f3n Secundaria en Historia\" class=\"read-more\" href=\"https:\/\/isp60scc-sfe.infd.edu.ar\/sitio\/profesorado-de-educacion-secundaria-en-historia\/\" aria-label=\"More on Plan de Estudio: Profesorado de Educaci\u00f3n Secundaria en Historia\">[+]<\/a><\/p>\n","protected":false},"author":12,"featured_media":1274,"parent":0,"menu_order":0,"comment_status":"closed","ping_status":"closed","template":"","meta":[],"acf":[],"_links":{"self":[{"href":"https:\/\/isp60scc-sfe.infd.edu.ar\/sitio\/wp-json\/wp\/v2\/pages\/760"}],"collection":[{"href":"https:\/\/isp60scc-sfe.infd.edu.ar\/sitio\/wp-json\/wp\/v2\/pages"}],"about":[{"href":"https:\/\/isp60scc-sfe.infd.edu.ar\/sitio\/wp-json\/wp\/v2\/types\/page"}],"author":[{"embeddable":true,"href":"https:\/\/isp60scc-sfe.infd.edu.ar\/sitio\/wp-json\/wp\/v2\/users\/12"}],"replies":[{"embeddable":true,"href":"https:\/\/isp60scc-sfe.infd.edu.ar\/sitio\/wp-json\/wp\/v2\/comments?post=760"}],"version-history":[{"count":15,"href":"https:\/\/isp60scc-sfe.infd.edu.ar\/sitio\/wp-json\/wp\/v2\/pages\/760\/revisions"}],"predecessor-version":[{"id":6489,"href":"https:\/\/isp60scc-sfe.infd.edu.ar\/sitio\/wp-json\/wp\/v2\/pages\/760\/revisions\/6489"}],"wp:featuredmedia":[{"embeddable":true,"href":"https:\/\/isp60scc-sfe.infd.edu.ar\/sitio\/wp-json\/wp\/v2\/media\/1274"}],"wp:attachment":[{"href":"https:\/\/isp60scc-sfe.infd.edu.ar\/sitio\/wp-json\/wp\/v2\/media?parent=760"}],"curies":[{"name":"wp","href":"https:\/\/api.w.org\/{rel}","templated":true}]}}