{"id":762,"date":"2018-06-28T02:05:06","date_gmt":"2018-06-28T05:05:06","guid":{"rendered":"https:\/\/isp60scc-sfe.infd.edu.ar\/sitio\/profesorado-de-educacion-secundaria-en-biologia\/"},"modified":"2021-07-01T11:36:04","modified_gmt":"2021-07-01T14:36:04","slug":"profesorado-de-educacion-secundaria-en-biologia","status":"publish","type":"page","link":"https:\/\/isp60scc-sfe.infd.edu.ar\/sitio\/profesorado-de-educacion-secundaria-en-biologia\/","title":{"rendered":"Plan Profesorado de Educaci\u00f3n Secundaria en Biolog\u00eda"},"content":{"rendered":"<p><span style=\"font-family: verdana, geneva; font-size: 10pt;\"><strong>Duraci\u00f3n<\/strong>: 4 A\u00f1os<\/span><\/p>\n<p style=\"text-align: justify;\"><span style=\"font-family: verdana, geneva; font-size: 10pt;\">El profesorado de Educaci\u00f3n Secundaria en Biolog\u00eda tiene como objetivo conocer las disciplinas b\u00e1sicas que integran el \u00e1rea curricular y en especial la biolog\u00eda, que le permitan seleccionar, organizar, secuenciar y evaluar contenidos y actividades. Disponer de una fundamentaci\u00f3n te\u00f3rica y una actitud cr\u00edtica y reflexiva para el desarrollo de las ciencias. Buscar y utilizar resultados de investigaciones para la actuaci\u00f3n de contenidos espec\u00edficos y de la ense\u00f1anza. Evidenciar el manejo de procedimientos relacionados con los procesos de investigaci\u00f3n, planificaci\u00f3n y evaluaci\u00f3n de las estrategias de ense\u00f1anza.\u00a0<\/span><\/p>\n<p>&nbsp;<\/p>\n<h3 style=\"color: #000080;\"><strong>Espacios curriculares por a\u00f1o<\/strong><\/h3>\n<pre style=\"text-align: center; padding-left: 0px;\"><strong><span style=\"color: #990000; font-family: Georgia, Arial; font-size: 120%;\">Primer A\u00f1o<\/span><\/strong><\/pre>\n<ul>\n<li style=\"font-weight: 400;\"><span style=\"font-weight: 400;\">Pedagog\u00eda<\/span><\/li>\n<li style=\"font-weight: 400;\"><span style=\"font-weight: 400;\">UCCV: Historia de Las Ciencias Naturales<\/span><\/li>\n<li style=\"font-weight: 400;\"><span style=\"font-weight: 400;\">Laboratorio de Ciencias Naturales<\/span><\/li>\n<li style=\"font-weight: 400;\"><span style=\"font-weight: 400;\">Biolog\u00eda I<\/span><\/li>\n<li style=\"font-weight: 400;\"><span style=\"font-weight: 400;\">Elementos de Matem\u00e1tica y Bioestad\u00edstica<\/span><\/li>\n<li style=\"font-weight: 400;\"><span style=\"font-weight: 400;\">Qu\u00edmica I<\/span><\/li>\n<li style=\"font-weight: 400;\"><span style=\"font-weight: 400;\">Ciencias de La Tierra<\/span><\/li>\n<li style=\"font-weight: 400;\"><span style=\"font-weight: 400;\">Ecolog\u00eda<\/span><\/li>\n<li style=\"font-weight: 400;\"><span style=\"font-weight: 400;\">Pr\u00e1ctica Docente I: Escenarios Educativos<\/span><\/li>\n<\/ul>\n<p><strong><i>\u00a0<\/i><\/strong><\/p>\n<pre style=\"text-align: center; padding-left: 0px;\"><strong><span style=\"color: #990000; font-family: Georgia, Arial; font-size: 120%;\">Segundo A\u00f1o<\/span><\/strong><\/pre>\n<ul>\n<li style=\"font-weight: 400;\"><span style=\"font-weight: 400;\">Instituciones Educativas<\/span><\/li>\n<li style=\"font-weight: 400;\"><span style=\"font-weight: 400;\">Did\u00e1ctica y Curriculum<\/span><\/li>\n<li style=\"font-weight: 400;\"><span style=\"font-weight: 400;\">Psicolog\u00eda y Educaci\u00f3n<\/span><\/li>\n<li style=\"font-weight: 400;\"><span style=\"font-weight: 400;\">Biolog\u00eda II<\/span><\/li>\n<li style=\"font-weight: 400;\"><span style=\"font-weight: 400;\">Biof\u00edsica<\/span><\/li>\n<li style=\"font-weight: 400;\"><span style=\"font-weight: 400;\">Qu\u00edmica II<\/span><\/li>\n<li style=\"font-weight: 400;\"><span style=\"font-weight: 400;\">Educaci\u00f3n Ambiental<\/span><\/li>\n<li style=\"font-weight: 400;\"><span style=\"font-weight: 400;\">Gen\u00e9tica<\/span><\/li>\n<li style=\"font-weight: 400;\"><span style=\"font-weight: 400;\">Did\u00e1ctica de La Biolog\u00eda I<\/span><\/li>\n<li style=\"font-weight: 400;\"><span style=\"font-weight: 400;\">Pr\u00e1ctica Docente II: La Instituci\u00f3n Escolar<\/span><\/li>\n<\/ul>\n<p>&nbsp;<\/p>\n<pre style=\"text-align: center; padding-left: 0px;\"><strong><span style=\"color: #990000; font-family: Georgia, Arial; font-size: 120%;\">Tercer A\u00f1o<\/span><\/strong><\/pre>\n<ul>\n<li style=\"font-weight: 400;\"><span style=\"font-weight: 400;\">Filosof\u00eda<\/span><\/li>\n<li style=\"font-weight: 400;\"><span style=\"font-weight: 400;\">Historia y Pol\u00edtica de La\u00a0 Educaci\u00f3n Argentina<\/span><\/li>\n<li style=\"font-weight: 400;\"><span style=\"font-weight: 400;\">Sujetos de La Educaci\u00f3n Secundaria<\/span><\/li>\n<li style=\"font-weight: 400;\"><span style=\"font-weight: 400;\">Metodolog\u00eda de La Investigaci\u00f3n<\/span><\/li>\n<li style=\"font-weight: 400;\"><span style=\"font-weight: 400;\">Biolog\u00eda III<\/span><\/li>\n<li style=\"font-weight: 400;\"><span style=\"font-weight: 400;\">Evoluci\u00f3n<\/span><\/li>\n<li style=\"font-weight: 400;\"><span style=\"font-weight: 400;\">Biolog\u00eda Humana y Salud I<\/span><\/li>\n<li style=\"font-weight: 400;\"><span style=\"font-weight: 400;\">Did\u00e1ctica de La Biolog\u00eda II<\/span><\/li>\n<li style=\"font-weight: 400;\"><span style=\"font-weight: 400;\">Pr\u00e1ctica Docente III: La\u00a0 Clase, Los Procesos del Aprender y del Ense\u00f1ar<\/span><\/li>\n<li style=\"font-weight: 400;\"><span style=\"font-weight: 400;\">Unidad de Definici\u00f3n Institucional<\/span><\/li>\n<\/ul>\n<p>&nbsp;<\/p>\n<pre style=\"text-align: center; padding-left: 0px;\"><strong><span style=\"color: #990000; font-family: Georgia, Arial; font-size: 120%;\">Cuarto A\u00f1o<\/span><\/strong><\/pre>\n<ul>\n<li style=\"font-weight: 400;\"><span style=\"font-weight: 400;\">\u00c9tica y Trabajo Docente<\/span><\/li>\n<li style=\"font-weight: 400;\"><span style=\"font-weight: 400;\">Educaci\u00f3n Sexual Integral (ESI)<\/span><\/li>\n<li style=\"font-weight: 400;\"><span style=\"font-weight: 400;\">Pr\u00e1cticas de Investigaci\u00f3n<\/span><\/li>\n<li style=\"font-weight: 400;\"><span style=\"font-weight: 400;\">UCCV: Proyectos de Extensi\u00f3n<\/span><\/li>\n<li style=\"font-weight: 400;\"><span style=\"font-weight: 400;\">Biolog\u00eda IV<\/span><\/li>\n<li style=\"font-weight: 400;\"><span style=\"font-weight: 400;\">Biolog\u00eda Humana y Salud II<\/span><\/li>\n<li style=\"font-weight: 400;\"><span style=\"font-weight: 400;\">Epistemolog\u00eda de Las Ciencias Naturales<\/span><\/li>\n<li style=\"font-weight: 400;\"><span style=\"font-weight: 400;\">Pr\u00e1ctica Docente IV: Residencia: El Rol Docente y Su Pr\u00e1ctica<\/span><\/li>\n<li style=\"font-weight: 400;\"><span style=\"font-weight: 400;\">Taller De Modelizaci\u00f3n y Recursos Did\u00e1cticos en Biolog\u00eda<\/span><\/li>\n<\/ul>\n<p>&nbsp;<\/p>\n<pre style=\"text-align: center; padding-left: 0px;\"><strong>Para m\u00e1s Informaci\u00f3n<\/strong> consulte el:\u00a0<strong><a style=\"font-family: inherit; font-size: inherit;\" href=\"https:\/\/isp60scc-sfe.infd.edu.ar\/sitio\/wp-content\/uploads\/2020\/04\/biologia_decreto-1.pdf\">Dise\u00f1o Curricular<\/a><\/strong><\/pre>\n","protected":false},"excerpt":{"rendered":"<p>Duraci\u00f3n: 4 A\u00f1os El profesorado de Educaci\u00f3n Secundaria en Biolog\u00eda tiene como objetivo conocer las disciplinas b\u00e1sicas que integran el \u00e1rea curricular y en especial la biolog\u00eda, que le permitan seleccionar, organizar, secuenciar y evaluar contenidos y actividades. Disponer de una fundamentaci\u00f3n te\u00f3rica y una actitud cr\u00edtica y reflexiva para el desarrollo de las ciencias. &#8230; <a title=\"Plan Profesorado de Educaci\u00f3n Secundaria en Biolog\u00eda\" class=\"read-more\" href=\"https:\/\/isp60scc-sfe.infd.edu.ar\/sitio\/profesorado-de-educacion-secundaria-en-biologia\/\" aria-label=\"More on Plan Profesorado de Educaci\u00f3n Secundaria en Biolog\u00eda\">[+]<\/a><\/p>\n","protected":false},"author":12,"featured_media":1273,"parent":0,"menu_order":0,"comment_status":"closed","ping_status":"closed","template":"","meta":[],"acf":[],"_links":{"self":[{"href":"https:\/\/isp60scc-sfe.infd.edu.ar\/sitio\/wp-json\/wp\/v2\/pages\/762"}],"collection":[{"href":"https:\/\/isp60scc-sfe.infd.edu.ar\/sitio\/wp-json\/wp\/v2\/pages"}],"about":[{"href":"https:\/\/isp60scc-sfe.infd.edu.ar\/sitio\/wp-json\/wp\/v2\/types\/page"}],"author":[{"embeddable":true,"href":"https:\/\/isp60scc-sfe.infd.edu.ar\/sitio\/wp-json\/wp\/v2\/users\/12"}],"replies":[{"embeddable":true,"href":"https:\/\/isp60scc-sfe.infd.edu.ar\/sitio\/wp-json\/wp\/v2\/comments?post=762"}],"version-history":[{"count":13,"href":"https:\/\/isp60scc-sfe.infd.edu.ar\/sitio\/wp-json\/wp\/v2\/pages\/762\/revisions"}],"predecessor-version":[{"id":2715,"href":"https:\/\/isp60scc-sfe.infd.edu.ar\/sitio\/wp-json\/wp\/v2\/pages\/762\/revisions\/2715"}],"wp:featuredmedia":[{"embeddable":true,"href":"https:\/\/isp60scc-sfe.infd.edu.ar\/sitio\/wp-json\/wp\/v2\/media\/1273"}],"wp:attachment":[{"href":"https:\/\/isp60scc-sfe.infd.edu.ar\/sitio\/wp-json\/wp\/v2\/media?parent=762"}],"curies":[{"name":"wp","href":"https:\/\/api.w.org\/{rel}","templated":true}]}}