{"id":764,"date":"2018-06-28T02:05:07","date_gmt":"2018-06-28T05:05:07","guid":{"rendered":"https:\/\/isp60scc-sfe.infd.edu.ar\/sitio\/profesorado-de-educacion-primaria\/"},"modified":"2021-07-01T11:35:40","modified_gmt":"2021-07-01T14:35:40","slug":"profesorado-de-educacion-primaria","status":"publish","type":"page","link":"https:\/\/isp60scc-sfe.infd.edu.ar\/sitio\/profesorado-de-educacion-primaria\/","title":{"rendered":"Plan Profesorado de Educaci\u00f3n Primaria"},"content":{"rendered":"<h5>Los objetivos de el Profesorado de Educaci\u00f3n Primaria hacen referencia a las intenciones con que se proyectan diversas acciones para la formacion de los estudiantes.<br \/>\nHablar de prop\u00f3sitos implica superar el enfoque \u00abobjetivista\u00bb, pero tambi\u00e9n especificar las intenciones asumidas y socializadas. \u00a0Es de esta intencionalidad de la formaci\u00f3n de docentes, que se nos espera propiciar el \u00abAprender a Aprender\u00bb y el \u00abArte de Vivir Juntos\u00bb.<br \/>\nDonde el \u00abAprender a Aprender\u00bb supone formar un docente que:<\/h5>\n<ul>\n<li>\n<h5>Se apasione con la tarea de ense\u00f1ar y suscite el deseo de aprender.<\/h5>\n<\/li>\n<li>\n<h5>Ense\u00f1e a componer y fragmentar, a investigar y experimentar los dispositivos con que se producen las operaciones creativas del lenguaje, proporcionando al alumno la b\u00fasqueda de saberes y su recreaci\u00f3n m\u00e1s que la mera \u00abposesi\u00f3n\u00bb de los mismos.<\/h5>\n<\/li>\n<li>\n<h5>Explore y se pregunte, pueda resolver problemas y no escinda los lenguajes art\u00edsticos de los cient\u00edficos.<\/h5>\n<\/li>\n<li>\n<h5>No abandone el camino por el absurdo, ni quiera explicarlo todo rechazando el misterio. Que cree una ciencia especulativa y de acci\u00f3n, no alejada de su cruce con la imaginaci\u00f3n po\u00e9tica.<\/h5>\n<\/li>\n<\/ul>\n<h5>y el \u00abArte de Vivir Juntos\u00bb significa formar un docente que:<\/h5>\n<ul>\n<li>\n<h5>Asuma una pr\u00e1ctica pol\u00edtica \u00abdonde la escuela no tenga un adentro y un afuera\u00bb<\/h5>\n<\/li>\n<li>\n<h5>Entienda la profunda ra\u00edz pol\u00edtica de sus actos, con una comprensi\u00f3n clara de que su hacer (sus pr\u00e1cticas, su organizaci\u00f3n, sus dichos y actitudes), cunstituyen \u00abmatrices de pensamiento\u00bb,\u00bbformar\u00bb en sus alumnas\/os un sentido \u00e9tico y est\u00e9tico.<\/h5>\n<\/li>\n<\/ul>\n<h4><span style=\"color: #333399;\">Duraci\u00f3n<\/span>: 4 A\u00f1os<\/h4>\n<p>&nbsp;<\/p>\n<h3 style=\"color: #000080;\"><strong>Espacios curriculares por a\u00f1o<\/strong><\/h3>\n<pre style=\"text-align: center; padding-left: 0px;\"><strong><span style=\"color: #990000; font-family: Georgia, Arial; font-size: 120%;\">Primer A\u00f1o<\/span><\/strong><\/pre>\n<ul>\n<li>\n<h4><span style=\"font-weight: 400;\">Psicolog\u00eda y Educaci\u00f3n<\/span><\/h4>\n<\/li>\n<li>\n<h4><span style=\"font-weight: 400;\">\u00a0Pedagog\u00eda<\/span><\/h4>\n<\/li>\n<li>\n<h4><span style=\"font-weight: 400;\">\u00a0Sociolog\u00eda de la Educaci\u00f3n<\/span><\/h4>\n<\/li>\n<li>\n<h4><span style=\"font-weight: 400;\">\u00a0Historia Arg. y Lat. (Cuat.)<\/span><\/h4>\n<\/li>\n<li>\n<h4><span style=\"font-weight: 400;\">\u00a0Movimiento y Cuerpo I<\/span><\/h4>\n<\/li>\n<li>\n<h4><span style=\"font-weight: 400;\">\u00a0Taller de Pr\u00e1ctica I<\/span><\/h4>\n<\/li>\n<li>\n<h4><span style=\"font-weight: 400;\">\u00a0Com. y Exp. Oral y Escrita<\/span><\/h4>\n<\/li>\n<li>\n<h4><span style=\"font-weight: 400;\">\u00a0Resoluci\u00f3n de Prob. y Creat. (Cuat.)<\/span><\/h4>\n<\/li>\n<li>\n<h4><span style=\"font-weight: 400;\">\u00a0Cs. Nat. p \/ una Cult. Ciudadana (Cuat.)<\/span><\/h4>\n<\/li>\n<li>\n<h4><span style=\"font-weight: 400;\">\u00a0Problem\u00e1ticas de las Cs. Soc. (Cuat.)<\/span><\/h4>\n<\/li>\n<li>\n<h4><span style=\"font-weight: 400;\">\u00a0\u00c1rea Est\u00e9tico Expresiva I<\/span><\/h4>\n<\/li>\n<li>\n<h4><span style=\"font-weight: 400;\">\u00a0Prob. Contemp. de la Educ. Primaria I<\/span><\/h4>\n<\/li>\n<\/ul>\n<p><strong><i>\u00a0<\/i><\/strong><\/p>\n<pre style=\"text-align: center; padding-left: 0px;\"><strong><span style=\"color: #990000; font-family: Georgia, Arial; font-size: 120%;\">Segundo A\u00f1o<\/span><\/strong><\/pre>\n<ul>\n<li>\n<h4><span style=\"font-weight: 400;\">Did\u00e1ctica General<\/span><\/h4>\n<\/li>\n<li>\n<h4><span style=\"font-weight: 400;\">Filosof\u00eda de la Educaci\u00f3n (Cuatrim.)<\/span><\/h4>\n<\/li>\n<li>\n<h4><span style=\"font-weight: 400;\">Conocimiento y Educaci\u00f3n (Cuatrim.)<\/span><\/h4>\n<\/li>\n<li>\n<h4><span style=\"font-weight: 400;\">Movimiento y Cuerpo II<\/span><\/h4>\n<\/li>\n<li>\n<h4><span style=\"font-weight: 400;\">Taller de Pr\u00e1ctica II<\/span><\/h4>\n<\/li>\n<li>\n<h4><span style=\"font-weight: 400;\">Matem\u00e1tica y su Did\u00e1ctica I<\/span><\/h4>\n<\/li>\n<li>\n<h4><span style=\"font-weight: 400;\">Cs. Naturales y su Did\u00e1ctica I<\/span><\/h4>\n<\/li>\n<li>\n<h4><span style=\"font-weight: 400;\">Cs. Sociales y su Did\u00e1ctica I<\/span><\/h4>\n<\/li>\n<li>\n<h4><span style=\"font-weight: 400;\">Lengua y su Did\u00e1ctica<\/span><\/h4>\n<\/li>\n<li>\n<h4><span style=\"font-weight: 400;\">Sujeto de la Ed. Primaria<\/span><\/h4>\n<\/li>\n<\/ul>\n<p>&nbsp;<\/p>\n<pre style=\"text-align: center; padding-left: 0px;\"><strong><span style=\"color: #990000; font-family: Georgia, Arial; font-size: 120%;\">Tercer A\u00f1o<\/span><\/strong><\/pre>\n<ul>\n<li>\n<h4><span style=\"font-weight: 400;\">Tecnolog\u00edas de la informaci\u00f3n y la Com.<\/span><\/h4>\n<\/li>\n<li>\n<h4><span style=\"font-weight: 400;\">Hist Soc de la Educ. y Pol\u00edtica Ed. Arg.<\/span><\/h4>\n<\/li>\n<li>\n<h4><span style=\"font-weight: 400;\">Taller de Pr\u00e1ctica III<\/span><\/h4>\n<\/li>\n<li>\n<h4><span style=\"font-weight: 400;\">Matem\u00e1tica y su Did\u00e1ctica II<\/span><\/h4>\n<\/li>\n<li>\n<h4><span style=\"font-weight: 400;\">Cs. Naturales y su Did\u00e1ctica II<\/span><\/h4>\n<\/li>\n<li>\n<h4><span style=\"font-weight: 400;\">Cs. Sociales y su Did\u00e1ctica II<\/span><\/h4>\n<\/li>\n<li>\n<h4><span style=\"font-weight: 400;\">\u00a0Literatura y su Did\u00e1ctica (Cuat.)<\/span><\/h4>\n<\/li>\n<li>\n<h4><span style=\"font-weight: 400;\">\u00a0Alfabetizaci\u00f3n Inicial (Cuat.)<\/span><\/h4>\n<\/li>\n<li>\n<h4><span style=\"font-weight: 400;\">\u00a0Area Est\u00e9tico Expresiva II<\/span><\/h4>\n<\/li>\n<li>\n<h4><span style=\"font-weight: 400;\">\u00a0Prob. Contemp. de la Educ. Primaria II<\/span><\/h4>\n<\/li>\n<li>\n<h4><span style=\"font-weight: 400;\">\u00a0Esp. de definici\u00f3n Instit. I (1\u00ba Cuat.)<\/span><\/h4>\n<\/li>\n<li>\n<h4><span style=\"font-weight: 400;\">\u00a0Espacio de definici\u00f3n Instit. II (2\u00ba Cuat.)<\/span><\/h4>\n<\/li>\n<\/ul>\n<p>&nbsp;<\/p>\n<pre style=\"text-align: center; padding-left: 0px;\"><strong><span style=\"color: #990000; font-family: Georgia, Arial; font-size: 120%;\">Cuarto A\u00f1o<\/span><\/strong><\/pre>\n<ul>\n<li>\n<h4>\u00a0<span style=\"font-weight: 400;\"> Etica, Trabajo doc. &#8211; Der. Hum. y Ciud.<\/span><\/h4>\n<\/li>\n<li>\n<h4><span style=\"font-weight: 400;\">\u00a0Taller de Pr\u00e1ctica IV<\/span><\/h4>\n<\/li>\n<li>\n<h4><span style=\"font-weight: 400;\">\u00a0Ateneo:<\/span><\/h4>\n<ul>\n<li>\n<h4><span style=\"font-weight: 400;\">Matem\u00e1tica<\/span><\/h4>\n<\/li>\n<li>\n<h4><span style=\"font-weight: 400;\">Cs. Naturales<\/span><\/h4>\n<\/li>\n<li>\n<h4><span style=\"font-weight: 400;\">Cs. Sociales<\/span><\/h4>\n<\/li>\n<li>\n<h4><span style=\"font-weight: 400;\">Lengua y Literatura<\/span><\/h4>\n<\/li>\n<li>\n<h4><span style=\"font-weight: 400;\">Formaci\u00f3n Etica y Ciudadana<\/span><\/h4>\n<\/li>\n<\/ul>\n<\/li>\n<li>\n<h4><span style=\"font-weight: 400;\">Sexualidad Humana y Educ. (Cuat.)<\/span><\/h4>\n<\/li>\n<\/ul>\n<p>&nbsp;<\/p>\n<p>&nbsp;<\/p>\n<h2 style=\"text-align: center;\">Para m\u00e1s informaci\u00f3n consulte el <a href=\"https:\/\/isp60scc-sfe.infd.edu.ar\/sitio\/wp-content\/uploads\/2020\/02\/d_c_primaria.pdf\" target=\"_blank\" rel=\"noopener\">dise\u00f1o curricular<\/a><\/h2>\n<p>&nbsp;<\/p>\n","protected":false},"excerpt":{"rendered":"<p>Los objetivos de el Profesorado de Educaci\u00f3n Primaria hacen referencia a las intenciones con que se proyectan diversas acciones para la formacion de los estudiantes. Hablar de prop\u00f3sitos implica superar el enfoque \u00abobjetivista\u00bb, pero tambi\u00e9n especificar las intenciones asumidas y socializadas. \u00a0Es de esta intencionalidad de la formaci\u00f3n de docentes, que se nos espera propiciar &#8230; <a title=\"Plan Profesorado de Educaci\u00f3n Primaria\" class=\"read-more\" href=\"https:\/\/isp60scc-sfe.infd.edu.ar\/sitio\/profesorado-de-educacion-primaria\/\" aria-label=\"More on Plan Profesorado de Educaci\u00f3n Primaria\">[+]<\/a><\/p>\n","protected":false},"author":12,"featured_media":1277,"parent":0,"menu_order":0,"comment_status":"closed","ping_status":"closed","template":"","meta":[],"acf":[],"_links":{"self":[{"href":"https:\/\/isp60scc-sfe.infd.edu.ar\/sitio\/wp-json\/wp\/v2\/pages\/764"}],"collection":[{"href":"https:\/\/isp60scc-sfe.infd.edu.ar\/sitio\/wp-json\/wp\/v2\/pages"}],"about":[{"href":"https:\/\/isp60scc-sfe.infd.edu.ar\/sitio\/wp-json\/wp\/v2\/types\/page"}],"author":[{"embeddable":true,"href":"https:\/\/isp60scc-sfe.infd.edu.ar\/sitio\/wp-json\/wp\/v2\/users\/12"}],"replies":[{"embeddable":true,"href":"https:\/\/isp60scc-sfe.infd.edu.ar\/sitio\/wp-json\/wp\/v2\/comments?post=764"}],"version-history":[{"count":7,"href":"https:\/\/isp60scc-sfe.infd.edu.ar\/sitio\/wp-json\/wp\/v2\/pages\/764\/revisions"}],"predecessor-version":[{"id":2714,"href":"https:\/\/isp60scc-sfe.infd.edu.ar\/sitio\/wp-json\/wp\/v2\/pages\/764\/revisions\/2714"}],"wp:featuredmedia":[{"embeddable":true,"href":"https:\/\/isp60scc-sfe.infd.edu.ar\/sitio\/wp-json\/wp\/v2\/media\/1277"}],"wp:attachment":[{"href":"https:\/\/isp60scc-sfe.infd.edu.ar\/sitio\/wp-json\/wp\/v2\/media?parent=764"}],"curies":[{"name":"wp","href":"https:\/\/api.w.org\/{rel}","templated":true}]}}