{"id":975,"date":"2020-03-31T10:24:18","date_gmt":"2020-03-31T13:24:18","guid":{"rendered":"https:\/\/isp60scc-sfe.infd.edu.ar\/sitio\/?page_id=975"},"modified":"2026-02-12T17:06:28","modified_gmt":"2026-02-12T20:06:28","slug":"reinscripcion-anual","status":"publish","type":"page","link":"https:\/\/isp60scc-sfe.infd.edu.ar\/sitio\/reinscripcion-anual\/","title":{"rendered":"Re-Inscripci\u00f3n Anual"},"content":{"rendered":"\n<p><\/p>\n\n\n\n<h2 class=\"wp-block-heading\"><span style=\"color: #333399;\"><strong>Ciclo Lectivo 2026<\/strong><\/span><\/h2>\n\n\n<div class=\"wp-block-image\">\n<figure class=\"aligncenter size-full is-resized\"><img decoding=\"async\" loading=\"lazy\" src=\"https:\/\/isp60scc-sfe.infd.edu.ar\/sitio\/wp-content\/uploads\/2026\/02\/Inscripciones-cursado-2026-2o-a-3o-y-4o-Ano.jpg\" alt=\"\" class=\"wp-image-7196\" width=\"810\" height=\"810\" srcset=\"https:\/\/isp60scc-sfe.infd.edu.ar\/sitio\/wp-content\/uploads\/2026\/02\/Inscripciones-cursado-2026-2o-a-3o-y-4o-Ano.jpg 1080w, https:\/\/isp60scc-sfe.infd.edu.ar\/sitio\/wp-content\/uploads\/2026\/02\/Inscripciones-cursado-2026-2o-a-3o-y-4o-Ano-1000x1000.jpg 1000w, https:\/\/isp60scc-sfe.infd.edu.ar\/sitio\/wp-content\/uploads\/2026\/02\/Inscripciones-cursado-2026-2o-a-3o-y-4o-Ano-500x500.jpg 500w, https:\/\/isp60scc-sfe.infd.edu.ar\/sitio\/wp-content\/uploads\/2026\/02\/Inscripciones-cursado-2026-2o-a-3o-y-4o-Ano-768x768.jpg 768w\" sizes=\"(max-width: 810px) 100vw, 810px\" \/><\/figure><\/div>\n\n\n<div style=\"height:79px\" aria-hidden=\"true\" class=\"wp-block-spacer\"><\/div>\n\n\n\n<h4 class=\"wp-block-heading\"><\/h4>\n\n\n\n<pre class=\"wp-block-preformatted\"><span style=\"color: #333399;\"><b><a href=\"https:\/\/isp60scc-sfe.infd.edu.ar\/sitio\/wp-content\/uploads\/2024\/03\/Reinscripcion-2024-Inicial.pdf\">Profesorado de Educaci\u00f3n Inicial<\/a><\/b><\/span><\/pre>\n\n\n\n<pre class=\"wp-block-preformatted\"><span style=\"color: #333399;\"><b><a href=\"https:\/\/isp60scc-sfe.infd.edu.ar\/sitio\/wp-content\/uploads\/2024\/03\/Reinscripcion-2024-Primaria.pdf\">Profesorado de Educaci\u00f3n Primaria<\/a><\/b><\/span><\/pre>\n\n\n\n<pre class=\"wp-block-preformatted\"><span style=\"color: #333399;\"><b><a href=\"https:\/\/isp60scc-sfe.infd.edu.ar\/sitio\/wp-content\/uploads\/2024\/03\/Reinscripcion-2024-Biologia.pdf\">Profesorado de Educaci\u00f3n Secundaria en Biolog\u00eda<\/a><\/b><\/span><\/pre>\n\n\n\n<pre class=\"wp-block-preformatted\"><span style=\"color: #333399;\"><b><a href=\"https:\/\/isp60scc-sfe.infd.edu.ar\/sitio\/wp-content\/uploads\/2024\/03\/Reinscripcion-2024-Lengua.pdf\">Profesorado  Educaci\u00f3n Secundaria en Lengua y Literatura<\/a><\/b><\/span><\/pre>\n\n\n\n<pre class=\"wp-block-preformatted\"><span style=\"color: #333399;\"><b><a href=\"https:\/\/isp60scc-sfe.infd.edu.ar\/sitio\/wp-content\/uploads\/2025\/03\/Reinscripcion-Historia.pdf\">Profesorado<span style=\"color: #333399;\"> en Educaci\u00f3n<\/span> Secundaria en Historia<\/a><\/b><\/span><\/pre>\n\n\n\n<pre class=\"wp-block-preformatted\"><span style=\"color: #333399;\"><b><a href=\"https:\/\/isp60scc-sfe.infd.edu.ar\/sitio\/wp-content\/uploads\/2024\/03\/Reisncripcion-T.G.O-2024.pdf\">Tecnicatura Superior en Gesti\u00f3n de las Organizaciones<\/a><\/b><\/span><\/pre>\n\n\n\n<p class=\"has-text-align-center\">&nbsp;<\/p>\n","protected":false},"excerpt":{"rendered":"<p>Ciclo Lectivo 2026 Profesorado de Educaci\u00f3n Inicial Profesorado de Educaci\u00f3n Primaria Profesorado de Educaci\u00f3n Secundaria en Biolog\u00eda Profesorado Educaci\u00f3n Secundaria en Lengua y Literatura Profesorado en Educaci\u00f3n Secundaria en Historia Tecnicatura Superior en Gesti\u00f3n de las Organizaciones &nbsp;<\/p>\n","protected":false},"author":12,"featured_media":5907,"parent":0,"menu_order":0,"comment_status":"closed","ping_status":"closed","template":"","meta":[],"acf":[],"_links":{"self":[{"href":"https:\/\/isp60scc-sfe.infd.edu.ar\/sitio\/wp-json\/wp\/v2\/pages\/975"}],"collection":[{"href":"https:\/\/isp60scc-sfe.infd.edu.ar\/sitio\/wp-json\/wp\/v2\/pages"}],"about":[{"href":"https:\/\/isp60scc-sfe.infd.edu.ar\/sitio\/wp-json\/wp\/v2\/types\/page"}],"author":[{"embeddable":true,"href":"https:\/\/isp60scc-sfe.infd.edu.ar\/sitio\/wp-json\/wp\/v2\/users\/12"}],"replies":[{"embeddable":true,"href":"https:\/\/isp60scc-sfe.infd.edu.ar\/sitio\/wp-json\/wp\/v2\/comments?post=975"}],"version-history":[{"count":58,"href":"https:\/\/isp60scc-sfe.infd.edu.ar\/sitio\/wp-json\/wp\/v2\/pages\/975\/revisions"}],"predecessor-version":[{"id":7198,"href":"https:\/\/isp60scc-sfe.infd.edu.ar\/sitio\/wp-json\/wp\/v2\/pages\/975\/revisions\/7198"}],"wp:featuredmedia":[{"embeddable":true,"href":"https:\/\/isp60scc-sfe.infd.edu.ar\/sitio\/wp-json\/wp\/v2\/media\/5907"}],"wp:attachment":[{"href":"https:\/\/isp60scc-sfe.infd.edu.ar\/sitio\/wp-json\/wp\/v2\/media?parent=975"}],"curies":[{"name":"wp","href":"https:\/\/api.w.org\/{rel}","templated":true}]}}